{"id":96,"date":"2007-09-23T14:38:12","date_gmt":"2007-09-23T12:38:12","guid":{"rendered":"http:\/\/www.lamarotte.fr\/?page_id=96"},"modified":"2022-06-17T10:06:59","modified_gmt":"2022-06-17T08:06:59","slug":"plan-du-site","status":"publish","type":"page","link":"https:\/\/www.lamarotte.fr\/?page_id=96","title":{"rendered":"Animations m\u00e9di\u00e9vales la Marotte compagnie joyeuse."},"content":{"rendered":"<p align=\"center\"><strong><em><span style=\"font-size: 14pt; color: silver\">Plan du site\u2026<\/span><\/em><\/strong><br \/>\n<img loading=\"lazy\" src=\"https:\/\/www.lamarotte.fr\/wp-content\/uploads\/2007\/11\/vignettefol.jpg\" width=\"69\" height=\"97\" alt=\"fol6.jpg\" title=\"fol6.jpg\" \/><span class=\"file-link image\"> <\/span><a href=\"http:\/\/www.lamarotte.fr\/?page_id=79\">La Compagnie m\u00e9di\u00e9vale<\/a><img loading=\"lazy\" src=\"https:\/\/www.lamarotte.fr\/wp-content\/uploads\/2007\/11\/vignettefol2.jpg\" width=\"67\" height=\"98\" alt=\"fol.jpg\" title=\"fol.jpg\" \/><\/p>\n<p align=\"center\"><a href=\"https:\/\/www.lamarotte.fr\/?page_id=426\">Spectacles et Animations M\u00e9dievales<\/a><\/p>\n<p align=\"center\"><a href=\"https:\/\/www.lamarotte.fr\/?page_id=409\">Artaban notre cheval Jupon. <\/a><\/p>\n<p align=\"center\"><a href=\"https:\/\/www.lamarotte.fr\/?page_id=632\">Campement M\u00e9di\u00e9val de La Marotte <\/a><\/p>\n<p align=\"center\"><a href=\"https:\/\/www.lamarotte.fr\/?page_id=706\">Animations p\u00e9dagogiques M\u00e9di\u00e9vales. <\/a><\/p>\n<p align=\"center\">  <span class=\"file-link image\"><\/span><img loading=\"lazy\" src=\"https:\/\/www.lamarotte.fr\/wp-content\/uploads\/2007\/11\/vignettefol.jpg\" width=\"69\" height=\"101\" alt=\"fol6.jpg\" title=\"fol6.jpg\" \/><a href=\"https:\/\/www.lamarotte.fr\/?page_id=59\">La f\u00eate des Fous <\/a>:<img loading=\"lazy\" src=\"https:\/\/www.lamarotte.fr\/wp-content\/uploads\/2007\/11\/vignettefol2.jpg\" width=\"68\" height=\"101\" alt=\"fol.jpg\" title=\"fol.jpg\" \/><br \/>\n<span class=\"file-link image\"><img loading=\"lazy\" src=\"https:\/\/www.lamarotte.fr\/wp-content\/uploads\/2007\/11\/vignettefol.jpg\" width=\"70\" height=\"105\" alt=\"fol4.jpg\" title=\"fol4.jpg\" \/><\/span><a href=\"https:\/\/www.lamarotte.fr\/?page_id=199\">La compagnie Joyeuse<\/a><img loading=\"lazy\" src=\"https:\/\/www.lamarotte.fr\/wp-content\/uploads\/2007\/11\/vignettefol2.jpg\" width=\"72\" height=\"104\" alt=\"fol.jpg\" title=\"fol.jpg\" \/><br \/>\n<span class=\"file-link image\"><\/span><img loading=\"lazy\" src=\"https:\/\/www.lamarotte.fr\/wp-content\/uploads\/2007\/11\/vignettefol.jpg\" width=\"72\" height=\"107\" alt=\"fol6.jpg\" title=\"fol6.jpg\" \/><a href=\"https:\/\/www.lamarotte.fr\/?page_id=101\">Presse <\/a><img loading=\"lazy\" src=\"https:\/\/www.lamarotte.fr\/wp-content\/uploads\/2007\/11\/vignettefol2.jpg\" width=\"76\" height=\"107\" alt=\"fol.jpg\" title=\"fol.jpg\" \/><span class=\"file-link image\"> <\/span><span class=\"file-link image\"><\/span> <a href=\"https:\/\/www.lamarotte.fr\/wp-admin\/upload.php?style=inline&amp;tab=browse-all&amp;post_id=96&amp;_wpnonce=c3a2992c5e&amp;ID=74&amp;action=view&amp;paged=2\" class=\"file-link image\" title=\"fol4.jpg\" id=\"file-link-74\">  <\/a><span class=\"file-link image\"><img loading=\"lazy\" src=\"https:\/\/www.lamarotte.fr\/wp-content\/uploads\/2007\/11\/vignettefol.jpg\" width=\"75\" height=\"110\" alt=\"fol6.jpg\" title=\"fol6.jpg\" \/><\/span> <a href=\"https:\/\/www.lamarotte.fr\/?page_id=104\">Nos liens<\/a><a href=\"https:\/\/www.lamarotte.fr\/?page_id=104\">  \t\t\t<\/a><img loading=\"lazy\" src=\"https:\/\/www.lamarotte.fr\/wp-content\/uploads\/2007\/11\/vignettefol2.jpg\" width=\"74\" height=\"111\" alt=\"fol.jpg\" title=\"fol.jpg\" \/><br \/>\n<span class=\"file-link image\"><img loading=\"lazy\" src=\"https:\/\/www.lamarotte.fr\/wp-content\/uploads\/2007\/11\/vignettefol.jpg\" width=\"75\" height=\"111\" alt=\"vignettefol.jpg\" title=\"vignettefol.jpg\" \/><\/span><a href=\"https:\/\/www.lamarotte.fr\/?page_id=385\">Au MoyenAge<\/a><span class=\"file-link image\"><img loading=\"lazy\" src=\"https:\/\/www.lamarotte.fr\/wp-content\/uploads\/2007\/11\/vignettefol2.jpg\" width=\"83\" height=\"113\" alt=\"vignettefol2.jpg\" title=\"vignettefol2.jpg\" \/><\/span>  <span class=\"file-link image\"> \t\t\t<img loading=\"lazy\" src=\"https:\/\/www.lamarotte.fr\/wp-content\/uploads\/2007\/11\/vignettefol.jpg\" width=\"79\" height=\"115\" alt=\"vignettefol.jpg\" title=\"vignettefol.jpg\" \/><\/span> <a href=\"https:\/\/www.lamarotte.fr\/?page_id=392\" title=\"vignettefol.jpg\" id=\"file-link-344\">Th\u00e9\u00e2tre de rue<\/a><a href=\"https:\/\/www.lamarotte.fr\/wp-admin\/upload.php?style=inline&amp;tab=browse-all&amp;post_id=96&amp;_wpnonce=0fdddcf676&amp;ID=343&amp;action=view&amp;paged=3\" class=\"file-link image\" title=\"vignettefol2.jpg\" id=\"file-link-343\">  \t\t\t<\/a><span class=\"file-link image\"><img loading=\"lazy\" src=\"https:\/\/www.lamarotte.fr\/wp-content\/uploads\/2007\/11\/vignettefol2.jpg\" width=\"82\" height=\"119\" alt=\"vignettefol2.jpg\" title=\"vignettefol2.jpg\" \/><\/span><\/p>\n<p align=\"center\"><span class=\"file-link image\"><img src=\"https:\/\/www.lamarotte.fr\/wp-content\/uploads\/2007\/10\/fold.jpg\" height=\"128\" alt=\"fold.jpg\" title=\"fold.jpg\" \/><\/span><a href=\"https:\/\/www.lamarotte.fr\/?page_id=407\" title=\"sans-titred-1.jpg\" id=\"file-link-258\">Video de la Marotte  <\/a><span class=\"file-link image\"> \t\t\t<img src=\"https:\/\/www.lamarotte.fr\/wp-content\/uploads\/2007\/10\/sans-titred-1.jpg\" height=\"128\" alt=\"sans-titred-1.jpg\" title=\"sans-titred-1.jpg\" \/><\/span><\/p>\n<p align=\"center\">&nbsp;<\/p>\n<p align=\"center\"><span class=\"file-link image\"> \t\t\t<img src=\"https:\/\/www.lamarotte.fr\/wp-content\/uploads\/2007\/10\/sans-titred-1.jpg\" height=\"128\" alt=\"sans-titred-1.jpg\" title=\"sans-titred-1.jpg\" \/><\/span><a href=\"https:\/\/www.lamarotte.fr\/?page_id=79\">Nous contacter<\/a><span class=\"file-link image\"><img src=\"https:\/\/www.lamarotte.fr\/wp-content\/uploads\/2007\/10\/fold.jpg\" height=\"128\" alt=\"fold.jpg\" title=\"fold.jpg\" \/><\/span><\/p>\n<p align=\"center\"><img loading=\"lazy\" src=\"https:\/\/www.lamarotte.fr\/wp-content\/uploads\/2007\/10\/sans-titred-1.jpg\" width=\"80\" height=\"118\" alt=\"sans-titred-1.jpg\" \/> <a href=\"https:\/\/www.lamarotte.fr\/?page_id=568&amp;preview=true\">La Philosophie de La Marotte<\/a><span class=\"file-link image\"><img loading=\"lazy\" src=\"https:\/\/www.lamarotte.fr\/wp-content\/uploads\/2007\/10\/fold.jpg\" width=\"85\" height=\"124\" alt=\"fold.jpg\" title=\"fold.jpg\" \/><\/span><\/p>\n<p align=\"center\">&nbsp;<\/p>\n<p align=\"center\"><a href=\"https:\/\/www.lamarotte.fr\/?page_id=109\">La Nef des Fols:<\/a><\/p>\n<p align=\"center\">\u00a0<\/p>\n<p class=\"audioplayer_container\"><span style=\"display:block;padding:5px;border:1px solid #dddddd;background:#f8f8f8\" id=\"audioplayer_1\">Audio clip: Adobe Flash Player (version 9 or above) is required to play this audio clip. Download the latest version <a href=\"http:\/\/www.adobe.com\/shockwave\/download\/download.cgi?P1_Prod_Version=ShockwaveFlash&amp;promoid=BIOW\" title=\"Download Adobe Flash Player\">here<\/a>. You also need to have JavaScript enabled in your browser.<\/span><\/p>\n<p align=\"center\"> <img loading=\"lazy\" src=\"https:\/\/www.lamarotte.fr\/wp-content\/uploads\/2007\/11\/vignetteane.jpg\" width=\"132\" height=\"166\" alt=\"ane2.jpg\" title=\"ane2.jpg\" \/><\/p>\n<p align=\"center\">&nbsp;<\/p>\n<p align=\"center\" class=\"MsoNormal\">&nbsp;<\/p>\n<p align=\"center\">&nbsp;<\/p>\n<p align=\"center\">&nbsp;<\/p>\n<p align=\"center\">&nbsp;<\/p>\n<p align=\"center\">&nbsp;<\/p>\n<p align=\"center\">&nbsp;<\/p>\n<p align=\"center\">&nbsp;<\/p>\n<p align=\"center\">&nbsp;<\/p>\n<p align=\"center\">&nbsp;<\/p>\n<p align=\"center\">&nbsp;<\/p>\n<p align=\"center\">&nbsp;<\/p>\n<p align=\"center\">&nbsp;<\/p>\n<p align=\"center\"><strong><em><span style=\"font-size: 14pt; color: silver\"><\/span><\/em><\/strong><\/p>\n","protected":false},"excerpt":{"rendered":"<p>Plan du site\u2026 La Compagnie m\u00e9di\u00e9vale Spectacles et Animations M\u00e9dievales Artaban notre cheval Jupon. Campement M\u00e9di\u00e9val de La Marotte Animations p\u00e9dagogiques M\u00e9di\u00e9vales. La f\u00eate des Fous : La compagnie Joyeuse Presse Nos liens Au MoyenAge Th\u00e9\u00e2tre de rue Video de la Marotte &nbsp; Nous contacter La Philosophie de La Marotte &nbsp; La Nef des Fols: [&hellip;]<\/p>\n","protected":false},"author":2,"featured_media":0,"parent":0,"menu_order":0,"comment_status":"closed","ping_status":"closed","template":"","meta":[],"_links":{"self":[{"href":"https:\/\/www.lamarotte.fr\/index.php?rest_route=\/wp\/v2\/pages\/96"}],"collection":[{"href":"https:\/\/www.lamarotte.fr\/index.php?rest_route=\/wp\/v2\/pages"}],"about":[{"href":"https:\/\/www.lamarotte.fr\/index.php?rest_route=\/wp\/v2\/types\/page"}],"author":[{"embeddable":true,"href":"https:\/\/www.lamarotte.fr\/index.php?rest_route=\/wp\/v2\/users\/2"}],"replies":[{"embeddable":true,"href":"https:\/\/www.lamarotte.fr\/index.php?rest_route=%2Fwp%2Fv2%2Fcomments&post=96"}],"version-history":[{"count":2,"href":"https:\/\/www.lamarotte.fr\/index.php?rest_route=\/wp\/v2\/pages\/96\/revisions"}],"predecessor-version":[{"id":846,"href":"https:\/\/www.lamarotte.fr\/index.php?rest_route=\/wp\/v2\/pages\/96\/revisions\/846"}],"wp:attachment":[{"href":"https:\/\/www.lamarotte.fr\/index.php?rest_route=%2Fwp%2Fv2%2Fmedia&parent=96"}],"curies":[{"name":"wp","href":"https:\/\/api.w.org\/{rel}","templated":true}]}}