{"id":835,"date":"2021-09-24T18:20:12","date_gmt":"2021-09-24T16:20:12","guid":{"rendered":"http:\/\/www.lamarotte.fr\/?page_id=835"},"modified":"2021-10-22T13:59:35","modified_gmt":"2021-10-22T11:59:35","slug":"animations-scolaires","status":"publish","type":"page","link":"https:\/\/www.lamarotte.fr\/?page_id=835","title":{"rendered":"Animations scolaires"},"content":{"rendered":"<p>\u00a0 \u00a0 \u00a0 \u00a0 \u00a0 \u00a0 \u00a0 \u00a0 \u00a0 \u00a0 \u00a0 \u00a0 \u00a0 \u00a0 \u00a0 \u00a0 \u00a0 \u00a0 \u00a0 \u00a0 \u00a0 \u00a0 \u00a0 \u00a0 \u00a0 \u00a0 \u00a0 \u00a0 \u00a0 \u00a0 \u00a0 \u00a0 \u00a0 \u00a0 \u00a0 \u00a0\u00a0<a href=\"http:\/\/www.lamarotte.fr\/wp-content\/uploads\/2021\/09\/le-menestrel-des-hauts-de-france-animations-pedagogiques2.jpg\" style=\"font-size: 1em\" title=\"le-menestrel-des-hauts-de-france-animations-pedagogiques2.jpg\"><img src=\"http:\/\/www.lamarotte.fr\/wp-content\/uploads\/2021\/09\/le-menestrel-des-hauts-de-france-animations-pedagogiques2.jpg\" alt=\"le-menestrel-des-hauts-de-france-animations-pedagogiques2.jpg\" \/><\/a><\/p>\n<p><font _msttexthash=\"737329554\" _msthash=\"20489\" _mstmutation=\"1\"><span _istranslated=\"1\" _mstmutation=\"1\" style=\"font-family: 'Calibri Light', sans-serif; font-size: 14pt\">Grelot Le M\u00e9nestrel vous propose de faire un voyage dans le temps afin de d\u00e9couvrir de mani\u00e8re ludique et p\u00e9dagogique la musique m\u00e9di\u00e9vale. Il s\u2019agit de mettre \u00e0 l\u2019honneur la musique ancienne en passant par le<\/span> <span _istranslated=\"1\" _mstmutation=\"1\" style=\"font-family: 'Calibri Light', sans-serif; font-size: 14pt\"> <\/span> <span _istranslated=\"1\" _mstmutation=\"1\" style=\"font-family: 'Calibri Light', sans-serif; font-size: 14pt\">Moyen Age, r\u00e9put\u00e9 pour sa diversit\u00e9 et sa richesse instrumentale. En effet nombre d\u2019instruments ont pris naissance \u00e0 cette \u00e9poque dans diff\u00e9rentes r\u00e9gions et pays. Ma volont\u00e9 est de faire d\u00e9couvrir de mani\u00e8re ludique aux jeunes et \u00ab\u00a0moins jeunes\u00a0\u00bb une musique simple d\u2019acc\u00e8s et d\u2019\u00e9veiller en eux le musicien qui sommeille dans un esprit convivial et f\u00e9d\u00e9rateur, la p\u00e9dagogie n\u2019\u00e9tant-elle pas de transmettre avec passion un savoir une d\u00e9couverte? \u00c9ducateurs sp\u00e9cialis\u00e9s de formation et enseignants passionn\u00e9s, nous vous proposons des d\u00e9monstrations et explications<\/span> <span _istranslated=\"1\" _mstmutation=\"1\" style=\"font-family: 'Calibri Light', sans-serif; font-size: 14pt\"> <\/span> <span _istranslated=\"1\" _mstmutation=\"1\" style=\"font-family: 'Calibri Light', sans-serif; font-size: 14pt\">historiques des divers instruments du Moyen Age et de la Renaissance (vielle \u00e0 roue, vielle \u00e0 archet, cornemuses, fl\u00fbtes, et sonnailles etc&#8230;) Nous proposons \u00e9galement des initiations aux danses et tous autres projets r\u00e9pondant \u00e0 vos attentes.<\/span><\/font><\/p>\n<p><strong _msttexthash=\"270959\" _msthash=\"121849\" style=\"font-size: 1em\"><span _istranslated=\"1\" style=\"font-size: 20pt; line-height: 107%; font-family: 'Calibri Light', sans-serif\">Contactez-nous:<\/span><\/strong><\/p>\n<p class=\"MsoNormal\"><span _msttexthash=\"2630264\" _msthash=\"288717\" style=\"font-size: 14pt; line-height: 107%; font-family: 'Calibri Light', sans-serif\">Pour toute information compl\u00e9mentaire par mail ou t\u00e9l\u00e9phone. <o:p _istranslated=\"1\"><\/o:p><\/span><\/p>\n<p class=\"MsoNormal\"><span _msttexthash=\"471068\" _msthash=\"395551\" style=\"font-size: 14pt; line-height: 107%; font-family: 'Calibri Light', sans-serif\"><o:p _istranslated=\"1\"><\/o:p> lemenestrel@yahoo.com<\/span><\/p>\n<p class=\"MsoNormal\"><span _msttexthash=\"156481\" _msthash=\"517985\" style=\"font-size: 14pt; line-height: 107%; font-family: 'Calibri Light', sans-serif\">T\u00e9l: 0670740833<o:p _istranslated=\"1\"> <\/o:p><\/span><\/p>\n<p class=\"MsoNormal\"><span _msttexthash=\"111761\" _msthash=\"656019\" style=\"font-size: 14pt; line-height: 107%; font-family: 'Calibri Light', sans-serif\">NOTRE SITE<o:p _istranslated=\"1\"> <\/o:p> :<\/span><\/p>\n<p class=\"MsoNormal\">\u00a0<a href=\"https:\/\/lemenestreldeshautsdefrance.fr\/\" style=\"font-size: 1em\">Animations m\u00e9di\u00e9vales p\u00e9dagogiques sur la musique M\u00e9di\u00e9valeLe M\u00e9nestrel Des Hauts de France animations p\u00e9dagogiques | La musique au Moyen-\u00e2ge (lemenestreldeshautsdefrance.fr)<\/a><\/p>\n<p class=\"MsoNormal\"><span style=\"font-size: 14pt; line-height: 107%; font-family: 'Calibri Light', sans-serif\"><o:p><\/o:p><\/span><\/p>\n","protected":false},"excerpt":{"rendered":"<p>\u00a0 \u00a0 \u00a0 \u00a0 \u00a0 \u00a0 \u00a0 \u00a0 \u00a0 \u00a0 \u00a0 \u00a0 \u00a0 \u00a0 \u00a0 \u00a0 \u00a0 \u00a0 \u00a0 \u00a0 \u00a0 \u00a0 \u00a0 \u00a0 \u00a0 \u00a0 \u00a0 \u00a0 \u00a0 \u00a0 \u00a0 \u00a0 \u00a0 \u00a0 \u00a0 \u00a0\u00a0 Grelot Le M\u00e9nestrel vous propose de faire un voyage dans le temps afin de d\u00e9couvrir de mani\u00e8re ludique et [&hellip;]<\/p>\n","protected":false},"author":2,"featured_media":0,"parent":0,"menu_order":54,"comment_status":"open","ping_status":"open","template":"","meta":[],"_links":{"self":[{"href":"https:\/\/www.lamarotte.fr\/index.php?rest_route=\/wp\/v2\/pages\/835"}],"collection":[{"href":"https:\/\/www.lamarotte.fr\/index.php?rest_route=\/wp\/v2\/pages"}],"about":[{"href":"https:\/\/www.lamarotte.fr\/index.php?rest_route=\/wp\/v2\/types\/page"}],"author":[{"embeddable":true,"href":"https:\/\/www.lamarotte.fr\/index.php?rest_route=\/wp\/v2\/users\/2"}],"replies":[{"embeddable":true,"href":"https:\/\/www.lamarotte.fr\/index.php?rest_route=%2Fwp%2Fv2%2Fcomments&post=835"}],"version-history":[{"count":0,"href":"https:\/\/www.lamarotte.fr\/index.php?rest_route=\/wp\/v2\/pages\/835\/revisions"}],"wp:attachment":[{"href":"https:\/\/www.lamarotte.fr\/index.php?rest_route=%2Fwp%2Fv2%2Fmedia&parent=835"}],"curies":[{"name":"wp","href":"https:\/\/api.w.org\/{rel}","templated":true}]}}