{"id":79,"date":"2007-09-22T12:26:45","date_gmt":"2007-09-22T10:26:45","guid":{"rendered":"http:\/\/www.lamarotte.fr\/?page_id=79"},"modified":"2022-07-08T11:50:55","modified_gmt":"2022-07-08T09:50:55","slug":"lassociation-la-marotte","status":"publish","type":"page","link":"https:\/\/www.lamarotte.fr\/?page_id=79","title":{"rendered":"Compagnie de musique m\u00e9di\u00e9vale"},"content":{"rendered":"<p style=\"text-align: center;\" align=\"center\">&nbsp;<span style=\"font-size: 18pt; font-family: 'Old English Text MT'; color: #ffcc66;\">O<\/span><span style=\"color: #ffcc66;\">yez, oyez, Damoiselles, Damoiseaux, gentes Dames, nobles et vilains&#8230;La Marotte Compagnie Joyeuse vous Salue!!! et vous souhaite la Bienvenue en ces lieux&#8230;<\/span><\/p>\n<p style=\"text-align: center;\" align=\"center\"><span style=\"color: #ffcc66;\">Danses, jongleries, po\u00e9sie, musique,chants, th\u00e9\u00e2tre de rue, satires et bouffonneries, voici l&#8217;univers festif que nous voulons partager.<\/span><\/p>\n<p align=\"left\">\n<p align=\"center\">&nbsp;<a href=\"http:\/\/www.lamarotte.fr\/?page_id=426\"><img loading=\"lazy\" src=\"http:\/\/www.lamarotte.fr\/wp-content\/uploads\/2009\/05\/contactsmarotte.jpg\" alt=\"contactsmarotte.jpg\" width=\"801\" height=\"541\"><\/a><\/p>\n<p id=\"upload-file-view\" class=\"alignleft\">&nbsp;<img loading=\"lazy\" src=\"http:\/\/www.lamarotte.fr\/wp-content\/uploads\/2014\/12\/groupemedieval.jpg\" alt=\"groupemedieval.jpg\" width=\"1268\" height=\"1844\"><\/p>\n<p align=\"center\">\n<p align=\"center\">\n<p id=\"upload-file-view\" class=\"alignleft\" align=\"center\"><img loading=\"lazy\" src=\"http:\/\/www.lamarotte.fr\/wp-content\/uploads\/2014\/10\/images.jpeg\" alt=\"images.jpeg\" width=\"260\" height=\"282\"><\/p>\n<p align=\"center\">\n<p align=\"center\">\n<p align=\"center\">&nbsp;<span class=\"file-link image\"><img loading=\"lazy\" title=\"artaban.jpg\" src=\"http:\/\/www.lamarotte.fr\/wp-content\/uploads\/2008\/10\/artaban.jpg\" alt=\"artaban.jpg\" width=\"142\" height=\"137\"><\/span><\/p>\n<p align=\"center\">\n<p align=\"center\">&nbsp;Suivez le Fol!<\/p>\n<p align=\"center\"><a id=\"file-link-116\" title=\"fol.jpg\" href=\"http:\/\/www.lamarotte.fr\/\"> <img loading=\"lazy\" title=\"fol.jpg\" src=\"http:\/\/www.lamarotte.fr\/wp-content\/uploads\/2007\/10\/fold.jpg\" alt=\"fol.jpg\" width=\"90\" height=\"126\"><\/a><a id=\"file-link-115\" title=\"fol6.jpg\" href=\"http:\/\/www.lamarotte.fr\/?page_id=59\"><\/a><a id=\"file-link-115\" title=\"fol6.jpg\" href=\"http:\/\/www.lamarotte.fr\/?page_id=59\"><img loading=\"lazy\" title=\"fol6.jpg\" src=\"http:\/\/www.lamarotte.fr\/wp-content\/uploads\/2007\/10\/sans-titred-1.jpg\" alt=\"fol6.jpg\" width=\"86\" height=\"125\"><\/a><\/p>\n<p align=\"center\">\n<p class=\"MsoNormal\">\n","protected":false},"excerpt":{"rendered":"<p>&nbsp;Oyez, oyez, Damoiselles, Damoiseaux, gentes Dames, nobles et vilains&#8230;La Marotte Compagnie Joyeuse vous Salue!!! et vous souhaite la Bienvenue en ces lieux&#8230; Danses, jongleries, po\u00e9sie, musique,chants, th\u00e9\u00e2tre de rue, satires et bouffonneries, voici l&#8217;univers festif que nous voulons partager. &nbsp; &nbsp; &nbsp; &nbsp;Suivez le Fol!<\/p>\n","protected":false},"author":2,"featured_media":0,"parent":0,"menu_order":1,"comment_status":"closed","ping_status":"closed","template":"","meta":[],"_links":{"self":[{"href":"https:\/\/www.lamarotte.fr\/index.php?rest_route=\/wp\/v2\/pages\/79"}],"collection":[{"href":"https:\/\/www.lamarotte.fr\/index.php?rest_route=\/wp\/v2\/pages"}],"about":[{"href":"https:\/\/www.lamarotte.fr\/index.php?rest_route=\/wp\/v2\/types\/page"}],"author":[{"embeddable":true,"href":"https:\/\/www.lamarotte.fr\/index.php?rest_route=\/wp\/v2\/users\/2"}],"replies":[{"embeddable":true,"href":"https:\/\/www.lamarotte.fr\/index.php?rest_route=%2Fwp%2Fv2%2Fcomments&post=79"}],"version-history":[{"count":4,"href":"https:\/\/www.lamarotte.fr\/index.php?rest_route=\/wp\/v2\/pages\/79\/revisions"}],"predecessor-version":[{"id":858,"href":"https:\/\/www.lamarotte.fr\/index.php?rest_route=\/wp\/v2\/pages\/79\/revisions\/858"}],"wp:attachment":[{"href":"https:\/\/www.lamarotte.fr\/index.php?rest_route=%2Fwp%2Fv2%2Fmedia&parent=79"}],"curies":[{"name":"wp","href":"https:\/\/api.w.org\/{rel}","templated":true}]}}