{"id":748,"date":"2015-03-10T14:09:13","date_gmt":"2015-03-10T12:09:13","guid":{"rendered":"http:\/\/www.lamarotte.fr\/?page_id=748"},"modified":"2019-10-29T13:58:37","modified_gmt":"2019-10-29T11:58:37","slug":"les-intruments-de-musique-du-moyen-age","status":"publish","type":"page","link":"https:\/\/www.lamarotte.fr\/?page_id=748","title":{"rendered":"Les intruments de musique m\u00e9di\u00e9vale"},"content":{"rendered":"<p align=\"center\" class=\"alignleft\" id=\"upload-file-view\"><a href=\"http:\/\/www.lamarotte.fr\/?page_id=706\">Retour page 1<\/a><\/p>\n<p align=\"center\" class=\"alignleft\" id=\"upload-file-view\"><strong style=\"font-size: 1em\">\u00a0Les Instruments \u00e0 anche:<\/strong><\/p>\n<p align=\"left\" class=\"alignleft\" id=\"upload-file-view\"><strong><em>Le hautbois m\u00e9di\u00e9val:<\/em><\/strong><\/p>\n<p align=\"left\" class=\"alignleft\" id=\"upload-file-view\">Repr\u00e9sent\u00e9s    depuis la Gr\u00e8ce Antique les hautbois sont de formes et de styles\u00a0    nombreux et vari\u00e9s. Tous les instruments de cette famille fonctionnent de    la sorte:le principe ressemble \u00e0 celui d&#8217;une fl\u00fbte, c&#8217;est un cylindre    perc\u00e9 de trous mais ici on souffle dans une anche . L&#8217;anche qui  peut   \u00eatre simple ou double est compos\u00e9e de lamelles de roseau que l&#8217;on  fait   vibrer pour faire sonner l&#8217;instrument. La <em>perce<\/em> peut \u00eatre    cylindrique ou conique, selon l&#8217;effet recherch\u00e9, et de longueurs    diff\u00e9rentes, selon le timbre recherch\u00e9. A partir du XII\u00e8me si\u00e8cle on nomme    ces instruments chalumeaux, chal\u00e9mie (calamus en latin : roseau).Ces    instruments sont consid\u00e9r\u00e9s comme pa\u00efens et diaboliques. Ils    accompagnent les danses populaires. Leur timbre puissant pouvait   accompagner les cornemuses.<\/p>\n<p class=\"alignleft\" id=\"upload-file-view\"><a href=\"http:\/\/www.lamarotte.fr\/wp-content\/uploads\/2015\/02\/chalemiecantigasdesanta-maria.jpg\" title=\"chalemiecantigas\"><img loading=\"lazy\" src=\"http:\/\/www.lamarotte.fr\/wp-content\/uploads\/2015\/02\/chalemiecantigasdesanta-maria.jpg\" width=\"170\" height=\"153\" alt=\"chalemiecantigasdesanta-maria.jpg\" \/><\/a><a href=\"http:\/\/www.lamarotte.fr\/wp-content\/uploads\/2015\/03\/cantiga_12shautbois.jpg\" title=\"chal\u00e9miecantiga\"><img loading=\"lazy\" src=\"http:\/\/www.lamarotte.fr\/wp-content\/uploads\/2015\/03\/cantiga_12shautbois.jpg\" width=\"157\" height=\"152\" alt=\"cantiga_12shautbois.jpg\" \/><\/a><a href=\"http:\/\/www.lamarotte.fr\/wp-content\/uploads\/2015\/03\/cantigadoublechalemie.jpg\" title=\"doublechalemie\"><img loading=\"lazy\" src=\"http:\/\/www.lamarotte.fr\/wp-content\/uploads\/2015\/03\/cantigasdoublechalemie.jpg\" width=\"179\" height=\"151\" alt=\"cantigasdoublechalemie.jpg\" \/><\/a><a href=\"http:\/\/www.lamarotte.fr\/wp-content\/uploads\/2015\/03\/cantigaalbokabasque.jpg\" title=\"albokabasque\"><img loading=\"lazy\" src=\"http:\/\/www.lamarotte.fr\/wp-content\/uploads\/2015\/03\/cantigahautboisalbokabasque.jpg\" width=\"159\" height=\"148\" alt=\"cantigahautboisalbokabasque.jpg\" \/><\/a><\/p>\n<p align=\"left\" class=\"alignleft\" id=\"upload-file-view\"><em>\u00a0Chalumeaux, chal\u00e9mies , Enluminures Cantigas de Santa Maria.<\/em><\/p>\n<p style=\"text-align: left\" align=\"center\" class=\"alignleft\" id=\"upload-file-view\"><strong style=\"font-size: 1em\">La Cornemuse:<\/strong><\/p>\n<p align=\"left\" class=\"alignleft\" id=\"upload-file-view\">Ce qui peut s&#8217;apparenter \u00e0 la cornemuse telle que nous la connaissons aujourd&#8217;hui, c&#8217;est \u00e0 dire l&#8217;utilisation du <em>son continu,<\/em> serait apparu sous l&#8217;Antiquit\u00e9; mais les sources sont rares et hypoth\u00e9tiques jusqu&#8217;au XII\u00e8me si\u00e8cle. Au Moyen Age les sources litt\u00e9raires et iconographiques sont plus fr\u00e9quentes et\u00a0 attestent de sa fr\u00e9quente utilisation. Sa forme primaire est compos\u00e9e\u00a0 d&#8217;un porte-vent ou bouffoir dans lequel on souffle, d&#8217;un tuyau\u00a0 ou chalumeau m\u00e9lodique conique perc\u00e9 de trous comme la fl\u00fbte et pourvu d&#8217;une anche simple (languette en roseau,sureau,paille,os,tige de plume) et d&#8217;une poche r\u00e9alis\u00e9e \u00e0 partir de cuir, de peau ou parfois d&#8217;une vessie. Cette poche permet d&#8217;avoir une r\u00e9serve d&#8217;air permettant de jouer sans ma\u00eetriser la technique de la respiration circulaire .<\/p>\n<p class=\"alignleft\" id=\"upload-file-view\">D\u00e9s le XIII\u00e8me si\u00e8cle la morphologie de la <em>cornemuse<\/em>, <em>chevrette<\/em>, ou <em>muse<\/em>\u00a0va beaucoup \u00e9voluer. Elle peut\u00a0 \u00eatre munie de plusieurs tuyaux de formes diverses (cylindriques, coniques, rectangulaires) et de bourdons renfor\u00e7ant l&#8217;effet du son continu. Les anches qui servent de sifflets sont fabriqu\u00e9es la majeure du temps en roseau et peuvent \u00eatre simples ou doubles. Au Moyen Age la cornemuse va \u00eatre utilis\u00e9e dans divers contextes. Il peut \u00eatre un instrument pastoral souvent repr\u00e9sent\u00e9 jou\u00e9 par des bergers dans les sc\u00e8nes de la nativit\u00e9, mais aussi de mani\u00e8res populaires\u00a0 pour animer et faire danser les gens lors de diff\u00e9rentes manifestations comme les f\u00eates de village ou encore pour amuser la haute soci\u00e9t\u00e9 lors de grands festins et banquets . Cette connotation profane lui valut\u00a0 d&#8217;\u00eatre mal per\u00e7ue par le monde chr\u00e9tien ainsi que ses interpr\u00e8tes : les jongleurs et m\u00e9n\u00e9triers. Cependant son jeu ne manqua pas d&#8217;admirateurs autant au sein du monde civil que religieux.<\/p>\n<p style=\"text-align: center\"><a href=\"http:\/\/www.lamarotte.fr\/wp-admin\/upload.php?style=inline&amp;tab=browse-all&amp;action=view&amp;ID=750&amp;post_id=748&amp;paged\" class=\"file-link image\" title=\"cantigacornemuse.jpg\" id=\"file-link-750\"> \t\t\t<\/a><a href=\"http:\/\/www.lamarotte.fr\/wp-admin\/upload.php?style=inline&amp;tab=browse-all&amp;action=view&amp;ID=750&amp;post_id=748&amp;paged\" class=\"file-link image\" title=\"cantigacornemuse.jpg\" id=\"file-link-750\"> \t\t\t\u00a0<\/a><span class=\"file-link image\"><a href=\"http:\/\/www.lamarotte.fr\/wp-content\/uploads\/2015\/03\/cantigacornemuse.jpg\"><img loading=\"lazy\" src=\"http:\/\/www.lamarotte.fr\/wp-content\/uploads\/2015\/03\/cantigacornemuse.jpg\" width=\"266\" height=\"232\" alt=\"cantigacornemuse.jpg\" title=\"cantigacornemuse.jpg\" \/><\/a><\/span><span class=\"file-link image\"><a href=\"http:\/\/www.lamarotte.fr\/wp-content\/uploads\/2015\/03\/cantigacornemuse1.jpg\" title=\"cornemuse\"><img loading=\"lazy\" src=\"http:\/\/www.lamarotte.fr\/wp-content\/uploads\/2015\/03\/alfonso-cornemuse.jpg\" width=\"213\" height=\"237\" alt=\"alfonso-cornemuse.jpg\" title=\"alfonso-cornemuse.jpg\" \/><\/a><\/span><\/p>\n<p align=\"center\" class=\"alignleft\" id=\"upload-file-view\"><em>\u00a0\u00a0\u00a0\u00a0\u00a0\u00a0\u00a0\u00a0\u00a0\u00a0 Cantigas de Santa Maria<\/em><\/p>\n<p align=\"left\" class=\"alignleft\" id=\"upload-file-view\"><strong>Le Tournebout ou &#8220;cromorne&#8221;:<\/strong><\/p>\n<p align=\"right\" class=\"alignleft\" id=\"upload-file-view\"><a href=\"http:\/\/www.lamarotte.fr\/wp-content\/uploads\/2015\/03\/tounebout.jpg\" title=\"tournebout\"><img loading=\"lazy\" src=\"http:\/\/www.lamarotte.fr\/wp-content\/uploads\/2015\/03\/tounebout.jpg\" width=\"132\" height=\"169\" align=\"left\" alt=\"tounebout.jpg\" \/><\/a><\/p>\n<p align=\"right\" class=\"alignleft\" id=\"upload-file-view\">&nbsp;<\/p>\n<p align=\"left\" class=\"alignleft\" id=\"upload-file-view\">Hautbois \u00e0 anche double \u00e0 perce cylindrique muni d&#8217;une capsule dans laquelle on souffle (l&#8217;anche est encapuchonn\u00e9e ou encapsul\u00e9e et donc n&#8217;est pas en contact avec les l\u00e8vres)\u00a0 sera utilis\u00e9 \u00e0 la fin du Moyen Age. Son nom allemand est krumhorn :\u00a0<em>krum<\/em> (courb\u00e9) et<em> horn<\/em> (corne). Le mot cromorne d\u00e9signe plut\u00f4t le hautbois baroque.<\/p>\n<p align=\"left\" class=\"alignleft\" id=\"upload-file-view\">&nbsp;<\/p>\n<p class=\"alignleft\" id=\"upload-file-view\">&nbsp;<\/p>\n<p align=\"left\" class=\"alignleft\" id=\"upload-file-view\"><em>\u00a0Vitore Carpaccio (d\u00e9tail) <\/em>.<\/p>\n<p align=\"center\" class=\"alignleft\" id=\"upload-file-view\"><strong><em>Les instruments \u00e0 cordes:<\/em><\/strong><\/p>\n<p align=\"left\" class=\"alignleft\" id=\"upload-file-view\"><strong><em>La vielle \u00e0 roue:<\/em><\/strong><\/p>\n<p align=\"left\" class=\"alignleft\" id=\"upload-file-view\"><em>L&#8217;or<\/em><em>ganistrum, la chiffonie, la vielle \u00e0 archet, l<\/em>&#8216;anc\u00eatre de la  vielle \u00e0 roue,\u00a0 sont apparus il y a 1000 ans en Occident et pour certains  historiens les origines viennent d&#8217;Orient. L&#8217;organistrum,\u00a0 que l&#8217;on  retrouve sur de nombreuses enluminures et tympans d&#8217;\u00e9glises de l&#8217;art  roman, est le premier instrument \u00e0 corde et \u00e0 clavier dot\u00e9 d&#8217;une  m\u00e9canique \u00e0 la fois m\u00e9lodique et rythmique qui se jouait \u00e0 deux. L&#8217;un  tournait une manivelle actionnant une roue faisant office d&#8217;archet et  frottant deux cordes de mani\u00e8re perp\u00e9tuelle ainsi qu&#8217;un bourdon donnant  la tonique et le rythme. L&#8217;autre actionnait des tirettes mobiles  faisant office de clavier en raccourcissant la longueur vibrante des  cordes pour faire sonner les notes. C&#8217;est un instrument diaphonique  g\u00e9n\u00e9ralement \u00e0 trois cordes accord\u00e9es en quinte octave, par exemple  sol do sol ou sol r\u00e9 sol. Il est invent\u00e9 et utilis\u00e9 par les moines\u00a0 b\u00e9n\u00e9dictins au XII\u00e8me si\u00e8cle pour accompagner des chants gr\u00e9goriens  polyphoniques du r\u00e9pertoire religieux appel\u00e9\u00a0<em>organum<\/em>. Il va dispara\u00eetre des \u00e9glises, d\u00e9tr\u00f4n\u00e9 par l&#8217;orgue \u00e0 tuyaux de plus en plus  performant,; aussi cet instrument va se d\u00e9velopper dans la musique dite  savante et profane et notamment comme instrument de musique populaire.<\/p>\n<p>Succ\u00e9dant \u00e0 l&#8217;organistrum,<strong>\u00a0<\/strong><em>la\u00a0 chiffonie<\/em><strong>,\u00a0<\/strong>vielle \u00e0 roue m\u00e9di\u00e9vale du nom <em>symphonie <\/em>ou <em>symphonia,\u00a0<\/em>va  du XII\u00e8me au XIII \u00e8me si\u00e8cle se simplifier au niveau du jeu car il\u00a0 ne suffit\u00a0<span style=\"font-size: 1em\">plus<\/span><span style=\"font-size: 1em\">\u00a0<\/span><span style=\"font-size: 1em\">dor\u00e9navant que d&#8217;un seul joueur qui actionne \u00e0 la fois la  manivelle et appuie sur les tirets pour \u00e9mettre les notes. De plus en  plus autonome et avec un r\u00e9pertoire lui \u00e9tant propre, la vielle \u00e0 roue  va se d\u00e9mocratiser et \u00eatre utilis\u00e9e par diff\u00e9rents musiciens et classes  sociales de l&#8217;\u00e9poque : troubadours, m\u00e9nestrels et certainement goliards  vont animer les diverses festivit\u00e9s avec un r\u00e9pertoire tr\u00e8s vari\u00e9 qui se  compose soit de chansons d&#8217;amour et de gestes, soit de chansons  grivoises et paillardes \u00e0 boire et satyriques\u00a0 pour amuser et faire  danser les gens. Au fil du temps la vielle \u00e0 roue m\u00e9di\u00e9vale issue de  l&#8217;\u00e9glise va ainsi devenir un instrument ayant une connotation profane et  vulgaire qui sera m\u00eame utilis\u00e9 \u00e0 la fin du Moyen Age par les gueux et\u00a0  les mendiants.\u00a0<\/span><\/p>\n<p class=\"alignleft\" id=\"upload-file-view\"><a href=\"http:\/\/www.lamarotte.fr\/wp-content\/uploads\/2015\/03\/cantigachiffonie.jpg\" title=\"chiffoniecantigas\"><img loading=\"lazy\" src=\"http:\/\/www.lamarotte.fr\/wp-content\/uploads\/2015\/03\/cantigachiffonie.jpg\" width=\"184\" height=\"209\" align=\"left\" alt=\"cantigachiffonie.jpg\" \/><\/a><\/p>\n<p class=\"alignleft\" id=\"upload-file-view\"><a href=\"http:\/\/www.lamarotte.fr\/wp-content\/uploads\/2015\/02\/organistrum.jpg\" title=\"organistrum\"><img loading=\"lazy\" src=\"http:\/\/www.lamarotte.fr\/wp-content\/uploads\/2015\/02\/organistrum.jpg\" width=\"305\" height=\"200\" align=\"left\" alt=\"organistrum.jpg\" \/><\/a><\/p>\n<p class=\"alignleft\" id=\"upload-file-view\"><a href=\"http:\/\/www.lamarotte.fr\/wp-content\/uploads\/2015\/03\/viellearouejerome-bosch.jpg\" title=\"vielle\u00e0rouejeromebosch\"><img loading=\"lazy\" src=\"http:\/\/www.lamarotte.fr\/wp-content\/uploads\/2015\/03\/viellearouejerome-bosch.jpg\" width=\"165\" height=\"202\" alt=\"viellearouejerome-bosch.jpg\" \/><\/a><\/p>\n<p align=\"left\" class=\"alignleft\" id=\"upload-file-view\">\u00a0<em>Si dessus:<\/em> <em>Enluminure des cantigas de Santa Maria XIII<\/em>e,<em> Organistrum Cath\u00e9drale de Saint Jacques de Compostelle 1188.<\/em><em>Partie du tableau: L&#8217;enfer de J\u00e9r\u00f4me Bosch<\/em> <em>(mus\u00e9e du Prato Madrid)<\/em>.<\/p>\n<p align=\"left\" class=\"alignleft\" id=\"upload-file-view\">A partir du XIV\u00e8me si\u00e8cle la vielle \u00e0 roue va poursuivre son \u00e9volution  .La caisse de  r\u00e9sonance va augment\u00e9e ainsi que le nombre de cordes, un  chevalet mobile  que l&#8217;on appelle\u00a0<em>chien<\/em> va appara\u00eetre pour faire vibrer une corde appel\u00e9e<em> la trompette<\/em>. Le musicien en faisant\u00a0 des <em>coups de poignet <\/em>ou<em> des d\u00e9tach\u00e9s\u00a0<\/em> sur la manivelle va pouvoir cr\u00e9er un rythme accompagnant la m\u00e9lodie.<\/p>\n<p align=\"left\" class=\"alignleft\" id=\"upload-file-view\"><strong>Les instruments m\u00e9di\u00e9vaux\u00a0 \u00e0 cordes et \u00e0 archet<\/strong>\u00a0sont divers et vari\u00e9s. On  rencontre La gigue (monoxyle \u00e0 une ou deux cordes), la vielle \u00e0 archet,  ou encore le rebec rabad arabo-andalou. La vielle \u00e0 archet serait apparue  au XII\u00e8me si\u00e8cle et\u00a0<span style=\"font-size: 1em\">sa caisse peut avoir diff\u00e9rentes formes .<\/span><em style=\"font-size: 1em\">C<\/em><span style=\"font-size: 1em\">&#8216;est   un instrument pr\u00e9sent\u00e9 comme le plus noble des instruments du Moyen Age  car demandant une grande ma\u00eetrise et habilit\u00e9 du musicien. C&#8217;est un   instrument \u00e0 manche et \u00e0 2\/5 cordes frott\u00e9es par un archet.<\/span><\/p>\n<p class=\"alignleft\" id=\"upload-file-view\"><a href=\"http:\/\/www.lamarotte.fr\/wp-content\/uploads\/2015\/03\/luthetvielleaarchet.jpg\" title=\"rabadrebec\"><img loading=\"lazy\" src=\"http:\/\/www.lamarotte.fr\/wp-content\/uploads\/2015\/03\/luthetvielleaarchet.jpg\" width=\"161\" height=\"128\" align=\"left\" alt=\"luthetvielleaarchet.jpg\" \/><\/a><\/p>\n<p><img loading=\"lazy\" src=\"http:\/\/www.lamarotte.fr\/wp-content\/uploads\/2015\/02\/vielleaarchetcantiga120.jpg\" width=\"132\" height=\"125\" align=\"left\" alt=\"vielleaarchetcantiga120.jpg\" \/><\/p>\n<p class=\"alignleft\" id=\"upload-file-view\">&nbsp;<\/p>\n<p class=\"alignleft\" id=\"upload-file-view\">&nbsp;<\/p>\n<p class=\"alignleft\" id=\"upload-file-view\">&nbsp;<\/p>\n<p class=\"alignleft\" id=\"upload-file-view\">&nbsp;<\/p>\n<p class=\"alignleft\" id=\"upload-file-view\"><strong>Les &#8220;guitares&#8221; m\u00e9di\u00e9vales:<\/strong><\/p>\n<p class=\"alignleft\" id=\"upload-file-view\"><strong>\u00a0<\/strong><em>Le Luth<\/em> est certainement l&#8217;instrument \u00e0 cordes le plus connu du Moyen Age. Il vient du nom arabe oud (al oud, bois) qui apparemment donnera\u00a0 le nom de <em>luthier<\/em>. Apparu en Italie et Espagne musulmane, c&#8217;est un un instrument majeur de la musique arabo-andalouse repr\u00e9sent\u00e9 fr\u00e9quemment sur les enluminures des Cantigas de Santa Maria. Il d\u00e9signe \u00e9galement l&#8217;ensemble des instruments \u00e0 cordes pinc\u00e9es tendues sur un manche fix\u00e9 sur une caisse de r\u00e9sonance bomb\u00e9e en forme de demi-poire. A priori jusqu&#8217;au XIII\u00e8me si\u00e8cle, la caisse est creus\u00e9e dans la masse d&#8217;une pi\u00e8ce de bois (caisse monoxyle) puis de lamelles de bois coll\u00e9es. Les cordes sont g\u00e9n\u00e9ralement doubl\u00e9es en acier ou en boyau naturel et le chevillier est en angle par rapport au manche.<a href=\"http:\/\/www.lamarotte.fr\/wp-content\/uploads\/2015\/03\/luthetvielleaarchet.jpg\" title=\"luth et vielle\"><\/a><\/p>\n<p class=\"alignleft\" id=\"upload-file-view\"><a href=\"http:\/\/www.lamarotte.fr\/wp-content\/uploads\/2015\/03\/luthetvielleaarchet.jpg\" title=\"luth et vielle\"><img loading=\"lazy\" src=\"http:\/\/www.lamarotte.fr\/wp-content\/uploads\/2015\/03\/luthetvielleaarchet.jpg\" width=\"176\" height=\"138\" alt=\"luthetvielleaarchet.jpg\" \/><\/a><a href=\"http:\/\/www.lamarotte.fr\/wp-content\/uploads\/2015\/03\/luthcantiga.gif\" title=\"luth\"><img loading=\"lazy\" src=\"http:\/\/www.lamarotte.fr\/wp-content\/uploads\/2015\/03\/luthcantiga.gif\" width=\"171\" height=\"143\" alt=\"luthcantiga.gif\" \/><\/a><a href=\"http:\/\/www.lamarotte.fr\/wp-content\/uploads\/2015\/03\/oudguitaremauresque-cantigas.jpg\" title=\"maurache\"><img loading=\"lazy\" src=\"http:\/\/www.lamarotte.fr\/wp-content\/uploads\/2015\/03\/oudguitaremauresque-cantigas.jpg\" width=\"141\" height=\"141\" alt=\"oudguitaremauresque-cantigas.jpg\" \/><\/a> <a href=\"http:\/\/www.lamarotte.fr\/wp-content\/uploads\/2015\/03\/guiternefresque-cathedrale-saint-julien-du-mans-francexiii.jpg\" title=\"Direct link to file\"><img loading=\"lazy\" src=\"http:\/\/www.lamarotte.fr\/wp-content\/uploads\/2015\/03\/guiternefresque-cathedrale-saint-julien-du-mans-francexiii.jpg\" width=\"95\" height=\"140\" alt=\"guiternefresque-cathedrale-saint-julien-du-mans-francexiii.jpg\" \/><\/a><a href=\"http:\/\/www.lamarotte.fr\/wp-content\/uploads\/2015\/03\/guiternefresque-cathedrale-saint-julien-du-mans-francexiii.jpg\" title=\"Direct link to file\"><img loading=\"lazy\" src=\"http:\/\/www.lamarotte.fr\/wp-content\/uploads\/2015\/03\/citole12th-rosettebenedettoantelamic1180baptistryparmaitalydeta.jpg\" width=\"55\" height=\"137\" alt=\"citole12th-rosettebenedettoantelamic1180baptistryparmaitalydeta.jpg\" \/><\/a><\/p>\n<p class=\"alignleft\" id=\"upload-file-view\">Il existe bien d&#8217;autres instruments s&#8217;apparentant \u00e0 la guitare et dont les sp\u00e9cificit\u00e9s s&#8217;adressent aux sp\u00e9cialistes :<span style=\"font-size: 1em\">\u00a0 l<\/span><em style=\"font-size: 1em\">a citole, le cistre, la guiterne, la mandore, la maurache, etc&#8230;.<\/em><\/p>\n<p class=\"alignleft\" id=\"upload-file-view\"><strong>Les cithares: <\/strong><\/p>\n<p class=\"alignleft\" id=\"upload-file-view\">\u00a0 Psalt\u00e9rion, Psalt\u00e9rion, tambourin \u00e0 corde, dulcimer<\/p>\n<p class=\"alignleft\" id=\"upload-file-view\">&nbsp;<\/p>\n<p class=\"alignleft\" id=\"upload-file-view\"><a href=\"http:\/\/www.lamarotte.fr\/wp-content\/uploads\/2015\/03\/spal.gif\" title=\"spalt\u00e9rion\"><img loading=\"lazy\" src=\"http:\/\/www.lamarotte.fr\/wp-content\/uploads\/2015\/03\/spal.gif\" width=\"198\" height=\"192\" alt=\"spal.gif\" \/><\/a><a href=\"http:\/\/www.lamarotte.fr\/wp-content\/uploads\/2015\/03\/psalte10.jpg\" title=\"spalt\u00e9rion\"><img loading=\"lazy\" src=\"http:\/\/www.lamarotte.fr\/wp-content\/uploads\/2015\/03\/psalte10.jpg\" width=\"202\" height=\"192\" alt=\"psalte10.jpg\" \/><\/a><\/p>\n<p class=\"alignleft\" id=\"upload-file-view\">A SUIVRE&#8230;..<\/p>\n","protected":false},"excerpt":{"rendered":"<p>Retour page 1 \u00a0Les Instruments \u00e0 anche: Le hautbois m\u00e9di\u00e9val: Repr\u00e9sent\u00e9s depuis la Gr\u00e8ce Antique les hautbois sont de formes et de styles\u00a0 nombreux et vari\u00e9s. Tous les instruments de cette famille fonctionnent de la sorte:le principe ressemble \u00e0 celui d&#8217;une fl\u00fbte, c&#8217;est un cylindre perc\u00e9 de trous mais ici on souffle dans une anche [&hellip;]<\/p>\n","protected":false},"author":2,"featured_media":0,"parent":0,"menu_order":53,"comment_status":"open","ping_status":"open","template":"","meta":[],"_links":{"self":[{"href":"https:\/\/www.lamarotte.fr\/index.php?rest_route=\/wp\/v2\/pages\/748"}],"collection":[{"href":"https:\/\/www.lamarotte.fr\/index.php?rest_route=\/wp\/v2\/pages"}],"about":[{"href":"https:\/\/www.lamarotte.fr\/index.php?rest_route=\/wp\/v2\/types\/page"}],"author":[{"embeddable":true,"href":"https:\/\/www.lamarotte.fr\/index.php?rest_route=\/wp\/v2\/users\/2"}],"replies":[{"embeddable":true,"href":"https:\/\/www.lamarotte.fr\/index.php?rest_route=%2Fwp%2Fv2%2Fcomments&post=748"}],"version-history":[{"count":0,"href":"https:\/\/www.lamarotte.fr\/index.php?rest_route=\/wp\/v2\/pages\/748\/revisions"}],"wp:attachment":[{"href":"https:\/\/www.lamarotte.fr\/index.php?rest_route=%2Fwp%2Fv2%2Fmedia&parent=748"}],"curies":[{"name":"wp","href":"https:\/\/api.w.org\/{rel}","templated":true}]}}