{"id":706,"date":"2014-10-07T20:17:27","date_gmt":"2014-10-07T18:17:27","guid":{"rendered":"http:\/\/www.lamarotte.fr\/?page_id=706"},"modified":"2020-01-13T13:02:22","modified_gmt":"2020-01-13T11:02:22","slug":"animations-medievales-pedagogiques","status":"publish","type":"page","link":"https:\/\/www.lamarotte.fr\/?page_id=706","title":{"rendered":"Animations m\u00e9di\u00e9vales p\u00e9dagogiques, Animations scolaires sur les instruments de musique au moyen-\u00e2ge."},"content":{"rendered":"<p style=\"text-align: center\">Bienvenue sur la page du M\u00e9nestrel des Hauts de France.<\/p>\n<p style=\"text-align: center\">pour acc\u00e9der directement sur son site cliquez sur Le flyer ou le lien ci- dessous.<\/p>\n<p style=\"text-align: center\"><span style=\"font-size: 1em\">\u00a0<\/span>\u00a0<span style=\"white-space: pre\">\t<\/span><span style=\"font-size: 1em; white-space: pre\">\t\t<\/span><span style=\"font-size: 1em; white-space: pre\">\t<\/span><\/p>\n<p style=\"text-align: center\"><a href=\"https:\/\/lemenestreldeshautsdefrance.fr\/\" title=\"le-menestrel-site3.jpg\" style=\"font-size: 1em\"><img src=\"http:\/\/www.lamarotte.fr\/wp-content\/uploads\/2020\/01\/le-menestrel-site3.jpg\" alt=\"le-menestrel-site3.jpg\" \/><\/a><\/p>\n<p style=\"text-align: center\"><a href=\"https:\/\/lemenestreldeshautsdefrance.fr\/\" style=\"font-size: 1em\">https:\/\/lemenestreldeshautsdefrance.fr<\/a><\/p>\n<p style=\"text-align: center\">&nbsp;<\/p>\n<p><a href=\"http:\/\/www.lamarotte.fr\/wp-content\/uploads\/2007\/09\/charivari2.gif\" onclick=\"return false;\" title=\"Direct link to file\"> <\/a><\/p>\n<p class=\"alignleft\" id=\"upload-file-view\" align=\"center\"><a href=\"http:\/\/www.lamarotte.fr\/wp-content\/uploads\/2015\/03\/hans-memling-retable-de-najera-anges-musiciens-partie-gauche.jpg\" title=\"hans memling retable de najera anges musiciens flandre XV.jpg\"><img loading=\"lazy\" src=\"http:\/\/www.lamarotte.fr\/wp-content\/uploads\/2014\/10\/musiquedumoyenage.jpg\" alt=\"musiquedumoyenage.jpg\" width=\"307\" height=\"221\" \/><\/a><a href=\"http:\/\/www.lamarotte.fr\/wp-content\/uploads\/2015\/03\/hans-memling-retable-de-najera-anges-musiciens-partie-droite.jpg\" title=\"hans memling retable de najera anges musiciens flandre XV.jpg\"><img loading=\"lazy\" src=\"http:\/\/www.lamarotte.fr\/wp-content\/uploads\/2014\/10\/instrumentsdumoyenage.jpg\" alt=\"instrumentsdumoyenage.jpg\" width=\"312\" height=\"222\" \/><\/a><\/p>\n<p style=\"text-align: left\">&nbsp;<\/p>\n<p style=\"text-align: left\">&nbsp;<\/p>\n<p style=\"text-align: left\">&nbsp;<\/p>\n<p style=\"text-align: left\">&nbsp;<\/p>\n<p style=\"text-align: left\">&nbsp;<\/p>\n<p style=\"text-align: left\"><span style=\"font-size: 1em\">Le M\u00e9nestrel des hauts de France\u00a0vous propose de faire un voyage dans le temps afin de d\u00e9couvrir de mani\u00e8re ludique et p\u00e9dagogique la musique m\u00e9di\u00e9vale.\u00a0 Notre volont\u00e9 est de mettre \u00e0 l&#8217;honneur la musique ancienne en passant par le\u00a0 Moyen Age, r\u00e9put\u00e9 pour sa diversit\u00e9 et sa richesse instrumentale.En effet nombre d&#8217;instruments ont pris naissance \u00e0 cette \u00e9poque dans diff\u00e9rentes r\u00e9gions et pays.\u00a0<\/span><span style=\"font-size: 1em\">Notre volont\u00e9 est de faire d\u00e9couvrir de mani\u00e8re ludique aux jeunes et &#8220;moins jeunes&#8221; une musique simple d&#8217; acc\u00e8s et d&#8217;\u00e9veiller en eux le musicien qui sommeille dans un esprit convivial et f\u00e9d\u00e9rateur, la p\u00e9dagogie n&#8217;\u00e9tant-elle pas de transmettre avec passion un savoir une d\u00e9couverte?\u00a0<\/span><span style=\"font-size: 1em\">\u00c9ducateurs sp\u00e9cialis\u00e9s de formation et enseignants passionn\u00e9s, nous vous proposons des d\u00e9monstrations et explications\u00a0 historiques des divers instruments du Moyen Age et de la Renaissance (vielle \u00e0 roue, vielle \u00e0 archet<\/span><span style=\"font-size: 1em\">,<\/span><span style=\"font-size: 1em\">\u00a0<\/span><span style=\"font-size: 1em\">cornemuses, fl\u00fbtes, et sonnailles etc&#8230;)\u00a0<\/span><span style=\"font-size: 1em\">Nous proposons une invitation et une initiation aux danses et tout autre projet r\u00e9pondant \u00e0 vos attentes.<\/span><\/p>\n<p align=\"center\">Pour d\u00e9couvrir nos animations,\u00a0 contactez nous:<strong> <em>lemenestrel@yahoo.com<\/em><\/strong><\/p>\n<p align=\"center\">t\u00e9l: 0670740833<\/p>\n<p align=\"center\">&nbsp;<\/p>\n<p align=\"center\">&nbsp;<\/p>\n<p align=\"center\">&nbsp;<\/p>\n<p align=\"center\"><strong><em>LA MUSIQUE AU MOYEN-AGE.<\/em><\/strong><\/p>\n<p align=\"left\">\u00a0Les instruments de Musique au Moyen Age sont nombreux, \u00e9tant donn\u00e9e l&#8217;\u00e9tendue de cette p\u00e9riode de l&#8217;histoire qui s&#8217;\u00e9tend du Ve au XVe si\u00e8cle. Malheureusement peu d&#8217;exemplaires nous sont parvenus intactes. Aussi nous pouvons les retrouver dans l&#8217;iconographie m\u00e9di\u00e9vale au travers de peintures et gravures, de dessins sur parchemins de l&#8217;\u00e9poque mais \u00e9galement sur le fronton des \u00e9difices religieux, sous la forme de bas- reliefs ou de statuaires.<span style=\"font-size: 1em\">\u00a0<\/span><\/p>\n<p class=\"alignleft\" id=\"upload-file-view\"><a href=\"http:\/\/www.lamarotte.fr\/wp-content\/uploads\/2016\/01\/chantsgregoriens.jpg\"><img loading=\"lazy\" src=\"http:\/\/www.lamarotte.fr\/wp-content\/uploads\/2016\/01\/chantsgregoriens.jpg\" alt=\"chantsgregoriens.jpg\" width=\"270\" height=\"227\" \/><\/a><\/p>\n<p class=\"alignleft\" id=\"upload-file-view\"><em>\u00a0Manuscrit Fr 152, f\u00b0 187v, Chantres au     lutrin<\/em><\/p>\n<p class=\"alignleft\" id=\"upload-file-view\" align=\"left\">\u00a0 \u00a0 \u00a0 \u00a0 \u00a0 <strong>L<\/strong>a musique dite m\u00e9di\u00e9vale appara\u00eet tout d&#8217;abord au sein de l&#8217;\u00e9glise .Ce sont\u00a0 des chants issus de la tradition orale qui trouvent leurs sources soit dans la culture populaire soit dans la liturgie, sources qui peuvent avoir pour origine des p\u00e9riodes situ\u00e9es bien avant le V\u00e8me. L&#8217;instruments le plus\u00a0 utilis\u00e9 est alors la voix, qui peut \u00eatre accompagn\u00e9e par quelques instruments &#8220;primitifs&#8221; comme la fl\u00fbte ou toutes formes de percussions et sonnailles (cloches, grelots,triangle etc&#8230;). Les chants sont en latin et sont interpr\u00e9t\u00e9s sous formes\u00a0 d&#8217; Hymnes,Cantiques et psaumes issus des textes Bibliques. Ce sont g\u00e9n\u00e9ralement des chants que l&#8217;on appelle monodiques (\u00e0 une seule voix). Ils sont interpr\u00e9t\u00e9s par des moines lors d&#8217;offices religieux, pri\u00e8res et f\u00eates comm\u00e9moratives. Parmi ces pratiques du Moyen-Age on retrouve les chants gr\u00e9goriens: ce sont des chants cod\u00e9s ayant leurs propres r\u00e8gles.\u00a0 Ils sont institu\u00e9s par l&#8217;\u00e9glise et notamment par<em> Le Pape Gr\u00e9goire le grand<\/em> au VII\u00e8me si\u00e8cle. On parle de <em>plain-chant<\/em> en ce sens que cette musique sacr\u00e9e est monodique a cappella, c&#8217;est \u00e0 dire sans accompagnement instrumental, et modale, c&#8217;est \u00e0 dire sans rupture rythmique\u00a0 et harmonique. Pour le moment la musique n&#8217;est pas \u00e0 proprement dite \u00e9crite. Jusqu&#8217;au XI\u00e8me si\u00e8cle cette discipline va chercher \u00e0 se perfectionner notamment en recherchant divers syst\u00e8mes de notation la rendant ainsi plus &#8220;savante&#8221;.\u00a0 A partir du XII\u00e8me jusqu&#8217;au XIV\u00e8me si\u00e8cle la musique m\u00e9di\u00e9vale va conna\u00eetre une grande \u00e9volution par l&#8217;enrichissement harmonique des chants en y associant d&#8217;autres voix. C&#8217;est l&#8217;apparition de la polyphonie, p\u00e9riode appel\u00e9e<em> Ars Antiqua :\u00a0<\/em>les voix peuvent chanter soit \u00e0 l&#8217;unisson, soit \u00e0 l&#8217;octave, \u00e0 la quarte ou \u00e0 la quinte. De m\u00eame gr\u00e2ce \u00e0 la notation\u00a0 va se concr\u00e9tiser avec l&#8217;\u00e9criture des diff\u00e9rentes voix la dur\u00e9e des notes, et la rythmique.Comme nous l&#8217;avons vu, cette r\u00e9volution va s&#8217;op\u00e9rer surtout au niveau de la musique sacr\u00e9e, mais la musique dite profane (en dehors de toute inspiration religieuse) va profiter et participer \u00e0 la cr\u00e9ation de cette avanc\u00e9e et\u00a0 d\u00e9velopper petit \u00e0 petit son propre r\u00e9pertoire.Les principaux acteurs de ce mouvement artistique sont\u00a0 les Troubadours du Sud de la France qui s&#8217;expriment en langue d&#8217;Oc et Les Trouv\u00e8res du Nord\u00a0 de La France s&#8217;exprimant en langue d&#8217;O\u00efl. Ceux -ci sont des po\u00e8tes qui mettent leurs textes en musique et dont les inspirations privil\u00e9gi\u00e9es sont l&#8217;amour courtois, les chansons de geste relatant l&#8217;esprit chevaleresque, les faits de guerre et \u00e9pop\u00e9e r\u00e9els ou imaginaires de tel ou tel personnage. Ce sont des artistes compositeurs issus g\u00e9n\u00e9ralement de haut rang, appr\u00e9ci\u00e9s par les cours seigneuriales . Leurs \u0153uvres sont parfois colport\u00e9es de villages en ch\u00e2teaux par des interpr\u00e8tes de statut moindre appel\u00e9s<em> Jongleurs<\/em> (du latin <em>joculator <\/em>qui signifie amuseur ou m\u00e9nestrel du latin <em>ministralis<\/em> signifiant serviteur. Ces personnages exer\u00e7aient diverses disciplines dont la musique pour distraire l&#8217;assembl\u00e9e. D&#8217;autres personnages\u00a0 importants sont apparus \u00e0 cette \u00e9poque : les Goliards. Ce sont des Clercs g\u00e9n\u00e9ralement issus d&#8217;universit\u00e9s que l&#8217;on qualifierait de &#8220;bons vivants&#8221; : moines itin\u00e9rants et auteurs de chansons grivoises faisant l&#8217;\u00e9loge du vin et de l&#8217;amour,\u00a0 ainsi que de po\u00e8mes profanes qu&#8217;ils pouvaient pr\u00e9senter de fa\u00e7on th\u00e9\u00e2trale pour contester de mani\u00e8re satirique l&#8217;\u00e9glise, la noblesse et la royaut\u00e9. Les c\u00e9l\u00e8bres Carmina Burana t\u00e9moignent de la richesse cr\u00e9ative de ces compositeurs eccl\u00e9siastiques.<\/p>\n<p class=\"alignleft\" id=\"upload-file-view\" align=\"left\"><em>\u00a0Lien:\u00a0<\/em><a href=\"https:\/\/www.youtube.com\/watch?v=p_shhU_H5Z0\" style=\"font-size: 1em\">Chants Gr\u00e9goriens:<\/a><\/p>\n<p class=\"alignleft\" id=\"upload-file-view\" align=\"left\">&nbsp;<\/p>\n<p class=\"alignleft\" id=\"upload-file-view\" align=\"left\">Ainsi \u00e0 partir du XIV\u00e8me si\u00e8cle les compositeurs vont prendre de plus en plus de libert\u00e9s au niveau de leurs \u0153uvres. Ils vont s&#8217;\u00e9chapper de plus en plus des recommandations de l&#8217;\u00e9glise pour apporter \u00e0\u00a0 la musique de nouvelles sources d&#8217;inspiration et d&#8217;autres modes de fonctionnement. La polyphonie va s&#8217;enrichir de nouvelles harmoniques comme des successions\u00a0 d&#8217;accords; de nouvelles formes rythmiques m\u00ealant ternaire et binaire vont appara\u00eetre,\u00a0 mais surtout la notation va devenir de plus en plus pr\u00e9cise et savante au XV\u00e8me pour devenir tr\u00e8s proche de celle que l&#8217;on connait aujourd&#8217;hui.<\/p>\n<p class=\"alignleft\" id=\"upload-file-view\" align=\"center\">&nbsp;<\/p>\n<p class=\"alignleft\" id=\"upload-file-view\" align=\"center\">\u00a0<strong>LES INSTRUMENTS DU MOYEN- AGE:<\/strong><\/p>\n<p class=\"alignleft\" id=\"upload-file-view\" align=\"center\"><strong style=\"font-size: 1em\"><em>\u00a0Les instruments \u00e0 vent.<\/em><\/strong><\/p>\n<p class=\"alignleft\" id=\"upload-file-view\" align=\"center\"><strong>\u00a0Les Fl\u00fbtes:<\/strong><\/p>\n<p class=\"alignleft\" id=\"upload-file-view\" align=\"left\"><em><strong>Les sifflets:<\/strong><\/em>\u00a0pr\u00e9mices\u00a0  des fl\u00fbtes, les sifflets\u00a0 sont en bois, en os, en terre, en  c\u00e9ramique, et  sont surtout utilis\u00e9s comme jouets ou comme appeaux.<\/p>\n<p class=\"alignleft\" id=\"upload-file-view\" align=\"left\">La  fl\u00fbte existe depuis la pr\u00e9histoire. Au Moyen Age elle est r\u00e9pandue dans  toute l&#8217;Europe. Appel\u00e9e fl\u00fbte \u00e0\u00a0 sifflet,\u00a0 ses formes sont vari\u00e9es. Elle  fonctionne avec un bec(<em>sifflet<\/em>) dans lequel on souffle pour faire  vibrer une colonne d&#8217;air contenue dans un tube de longueur et de  mat\u00e9riaux divers. Les notes sont produites en ouvrant ou en bouchant des  trous qui r\u00e9duisent ou augmentent la colonne d&#8217;air. Le plus souvent la  fl\u00fbte m\u00e9di\u00e9vale est en bois de qualit\u00e9 mais aussi de facture moins  noble, comme le roseau ou le sureau selon les r\u00e9gions. Ces mat\u00e9riaux  seront surtout utilis\u00e9s\u00a0 pour fabriquer des instruments populaires  destin\u00e9s \u00e0 faire chanter et danser les gens. L&#8217;iconographie m\u00e9di\u00e9vale  nous d\u00e9voile de nombreuses formes et mani\u00e8res de jouer de la fl\u00fbte : la  fl\u00fbte \u00e0 trois trous, appel\u00e9e parfois flageolet qui permet de jouer d&#8217;une  main la m\u00e9lodie et de s&#8217;accompagner de l&#8217;autre main avec un tambourin  donnant le rythme, la fl\u00fbte double, triple, etc qui va s&#8217;apparenter \u00e0  l&#8217;orgue et va permettre\u00a0 d&#8217;obtenir des harmonies gr\u00e2ce notamment \u00e0 la  pr\u00e9sence d&#8217;un bourdon, la fl\u00fbte harmonique sans trou qui fonctionne par  modulation du souffle\u00a0 en bouchant ou d\u00e9bouchant l&#8217;extr\u00e9mit\u00e9, la fl\u00fbte <em>traversaine,<\/em>  anc\u00eatre de la traversi\u00e8re, le frestel m\u00e9di\u00e9val compos\u00e9 de tubes  assembl\u00e9s ou creus\u00e9s directement dans la masse et qui s&#8217;apparente \u00e0 la  fl\u00fbte de pan, utilis\u00e9e notamment par les bergers. On rencontre  \u00e9galement des fl\u00fbtes en os et m\u00eame en corne ou le <em>gemshord <\/em>proche de l&#8217;ocarina le tout avec des sonorit\u00e9s diff\u00e9rentes.<\/p>\n<p class=\"alignleft\" id=\"upload-file-view\"><a href=\"http:\/\/www.lamarotte.fr\/wp-content\/uploads\/2015\/03\/doubleflute.jpg\" onclick=\"return false;\" title=\"Direct link to file\"><\/a><\/p>\n<p style=\"text-align: center\"><a href=\"http:\/\/www.lamarotte.fr\/wp-content\/uploads\/2015\/03\/doubleflute.jpg\" onclick=\"return false;\" title=\"Direct link to file\"><\/a><\/p>\n<p class=\"alignleft\" id=\"upload-file-view\"><a href=\"http:\/\/www.lamarotte.fr\/wp-content\/uploads\/2015\/03\/cantigaflute1.jpg\" title=\"Direct link to file\"><\/a><\/p>\n<p style=\"text-align: center\"><a href=\"http:\/\/www.lamarotte.fr\/wp-content\/uploads\/2015\/03\/cantigaflute1.jpg\" title=\"Direct link to file\"><\/a><\/p>\n<p class=\"alignleft\" id=\"upload-file-view\"><a href=\"http:\/\/www.lamarotte.fr\/wp-content\/uploads\/2015\/03\/cantigafluteatroistrous.jpg\" title=\"flute\u00e0troistrous\"><img loading=\"lazy\" src=\"http:\/\/www.lamarotte.fr\/wp-content\/uploads\/2015\/03\/cantigafluteatroistrous.jpg\" alt=\"cantigafluteatroistrous.jpg\" width=\"171\" height=\"163\" \/><\/a><a href=\"http:\/\/www.lamarotte.fr\/wp-content\/uploads\/2015\/03\/fluteenos.jpg\" title=\"fluteenos.jpg\" id=\"file-link-760\"><img loading=\"lazy\" src=\"http:\/\/www.lamarotte.fr\/wp-content\/uploads\/2015\/03\/fluteenos.jpg\" alt=\"fluteenos.jpg\" title=\"fluteenos.jpg\" width=\"155\" height=\"163\" \/><\/a><a href=\"http:\/\/www.lamarotte.fr\/wp-content\/uploads\/2015\/03\/cantigaflute1.jpg\" title=\"flutetraversaire\"><img loading=\"lazy\" src=\"http:\/\/www.lamarotte.fr\/wp-content\/uploads\/2015\/03\/cantigaflute1.jpg\" alt=\"cantigaflute1.jpg\" width=\"144\" height=\"167\" \/><\/a><a href=\"http:\/\/www.lamarotte.fr\/wp-content\/uploads\/2015\/03\/doubleflute.jpg\" title=\"flute doublefresco scene from the life of St Martin de Tours.\"><img loading=\"lazy\" src=\"http:\/\/www.lamarotte.fr\/wp-content\/uploads\/2015\/03\/doubleflute.jpg\" alt=\"doubleflute.jpg\" width=\"130\" height=\"163\" \/><\/a><a href=\"http:\/\/www.lamarotte.fr\/wp-content\/uploads\/2015\/03\/triple-flutecantigas-santamaria.jpg\" title=\"flutetriplecantigas\"><img loading=\"lazy\" src=\"http:\/\/www.lamarotte.fr\/wp-content\/uploads\/2015\/03\/triple-flutecantigas-santamaria.jpg\" alt=\"triple-flutecantigas-santamaria.jpg\" width=\"191\" height=\"164\" \/><\/a><a href=\"http:\/\/www.lamarotte.fr\/wp-content\/uploads\/2015\/03\/cantigas-de-santa-maria-cor-atrou.jpg\" title=\"flute en corne\"><img loading=\"lazy\" src=\"http:\/\/www.lamarotte.fr\/wp-content\/uploads\/2015\/03\/cantigas-de-santa-maria-cor-atrou.jpg\" alt=\"cantigas-de-santa-maria-cor-atrou.jpg\" width=\"177\" height=\"164\" \/><\/a><a href=\"http:\/\/www.lamarotte.fr\/wp-content\/uploads\/2015\/03\/frestelcathedraledechartres.jpg\" title=\"frestelchartre\"><img loading=\"lazy\" src=\"http:\/\/www.lamarotte.fr\/wp-content\/uploads\/2015\/03\/frestelcathedraledechartres.jpg\" alt=\"frestelcathedraledechartres.jpg\" width=\"204\" height=\"161\" \/><\/a><\/p>\n<p class=\"alignleft\" id=\"upload-file-view\" align=\"center\"><span style=\"font-size: 1em\">Instruments \u00e0 embouchure:<\/span><\/p>\n<p align=\"LEFT\"><em><strong>Le cor, la corne d&#8217;appel, aussi appel\u00e9 olifant<\/strong><\/em><em>\u00a0<\/em>est compos\u00e9 soit d&#8217;une embouchure comme la trompette soit d&#8217;une anche. C&#8217;est un instrument utilis\u00e9 pour la chasse, donner l&#8217;alerte ou demander du secours lors de bataille comme l&#8217;illustre\u00a0 la chanson de Roland &#8220;de Roncevaux&#8221;. A partir de la Renaissance le cornet \u00e0 bouquin sera muni de trous pour jouer les notes.<\/p>\n<p class=\"alignleft\" id=\"upload-file-view\"><a href=\"http:\/\/www.lamarotte.fr\/wp-content\/uploads\/2015\/03\/olifantalbi-eglise-st-salvyolifant.jpg\" title=\"olifanteglise-st-salvyalbi\"><img loading=\"lazy\" src=\"http:\/\/www.lamarotte.fr\/wp-content\/uploads\/2015\/03\/olifantalbi-eglise-st-salvyolifant.jpg\" alt=\"olifantalbi-eglise-st-salvyolifant.jpg\" width=\"240\" height=\"180\" \/><\/a><a href=\"http:\/\/www.lamarotte.fr\/wp-content\/uploads\/2015\/02\/corderoland.jpg\" title=\"corderoland.jpg\" id=\"file-link-749\">\u00a0 \t\t\t<img loading=\"lazy\" src=\"http:\/\/www.lamarotte.fr\/wp-content\/uploads\/2015\/02\/corderoland.jpg\" alt=\"corderoland.jpg\" title=\"corderoland.jpg\" width=\"176\" height=\"183\" \/><\/a><\/p>\n<p align=\"LEFT\"><em><strong>La trompette m\u00e9di\u00e9vale ou Busine ou buisine,<\/strong><\/em> apparue au XIII\u00e8me si\u00e8cle, est un instrument en m\u00e9tal surtout utilis\u00e9 par les h\u00e9rauts lors des tournois ou les soldats pour pr\u00e9venir d&#8217;un danger\u00a0 ou pour tout autre signal. Au Maroc appel\u00e9 Nafir, cet instrument est encore utilis\u00e9. A partir du XIV\u00e8me cette trompette va \u00e9voluer et se munir d&#8217;un syst\u00e8me de coulisse comme le trombone. Au XV\u00e8me on l&#8217;appelle Sacqueboute et sera tr\u00e8s utilis\u00e9 \u00e0 la Renaissance.<\/p>\n<p align=\"LEFT\"><a href=\"http:\/\/www.lamarotte.fr\/wp-content\/uploads\/2015\/03\/busine.jpg\" title=\"businecantigas\"><img loading=\"lazy\" src=\"http:\/\/www.lamarotte.fr\/wp-content\/uploads\/2015\/03\/busine.jpg\" alt=\"busine.jpg\" name=\"images1\" width=\"242\" height=\"195\" border=\"0\" align=\"BOTTOM\" \/><\/a> <a href=\"http:\/\/www.lamarotte.fr\/wp-content\/uploads\/2014\/10\/instrumentsdumoyenage.jpg\" title=\"sacqueboute\"><img loading=\"lazy\" src=\"http:\/\/www.lamarotte.fr\/wp-content\/uploads\/2014\/10\/instrumentsdumoyenage.jpg\" alt=\"instrumentsdumoyenage.jpg\" width=\"266\" height=\"188\" \/><\/a><\/p>\n<p>\u00a0<em>Cantigas de Santa Maria \u00a0\u00a0\u00a0\u00a0\u00a0\u00a0\u00a0\u00a0\u00a0\u00a0\u00a0\u00a0\u00a0\u00a0\u00a0\u00a0\u00a0\u00a0 hans memling retable de najera anges musiciens Flandre XV\u00e8me.<\/em><span style=\"font-size: 1em\">\u00a0<\/span><\/p>\n<p class=\"alignleft\" id=\"upload-file-view\" align=\"center\">&nbsp;<\/p>\n<p class=\"alignleft\" id=\"upload-file-view\" align=\"center\"><a href=\"http:\/\/www.lamarotte.fr\/?page_id=748\"><em>SUITE<\/em><\/a><\/p>\n<p class=\"alignleft\" id=\"upload-file-view\" align=\"center\">&nbsp;<\/p>\n<p class=\"alignleft\" id=\"upload-file-view\" align=\"center\">&nbsp;<\/p>\n<p class=\"alignleft\" id=\"upload-file-view\" align=\"center\">&nbsp;<\/p>\n<p class=\"alignleft\" id=\"upload-file-view\" align=\"center\">&nbsp;<\/p>\n<style type=\"text\/css\">P { margin-bottom: 0.21cm; }A:link {  }<\/style>\n","protected":false},"excerpt":{"rendered":"<p>Bienvenue sur la page du M\u00e9nestrel des Hauts de France. pour acc\u00e9der directement sur son site cliquez sur Le flyer ou le lien ci- dessous. \u00a0\u00a0 https:\/\/lemenestreldeshautsdefrance.fr &nbsp; &nbsp; &nbsp; &nbsp; &nbsp; &nbsp; Le M\u00e9nestrel des hauts de France\u00a0vous propose de faire un voyage dans le temps afin de d\u00e9couvrir de mani\u00e8re ludique et p\u00e9dagogique [&hellip;]<\/p>\n","protected":false},"author":2,"featured_media":0,"parent":0,"menu_order":52,"comment_status":"open","ping_status":"open","template":"","meta":[],"_links":{"self":[{"href":"https:\/\/www.lamarotte.fr\/index.php?rest_route=\/wp\/v2\/pages\/706"}],"collection":[{"href":"https:\/\/www.lamarotte.fr\/index.php?rest_route=\/wp\/v2\/pages"}],"about":[{"href":"https:\/\/www.lamarotte.fr\/index.php?rest_route=\/wp\/v2\/types\/page"}],"author":[{"embeddable":true,"href":"https:\/\/www.lamarotte.fr\/index.php?rest_route=\/wp\/v2\/users\/2"}],"replies":[{"embeddable":true,"href":"https:\/\/www.lamarotte.fr\/index.php?rest_route=%2Fwp%2Fv2%2Fcomments&post=706"}],"version-history":[{"count":0,"href":"https:\/\/www.lamarotte.fr\/index.php?rest_route=\/wp\/v2\/pages\/706\/revisions"}],"wp:attachment":[{"href":"https:\/\/www.lamarotte.fr\/index.php?rest_route=%2Fwp%2Fv2%2Fmedia&parent=706"}],"curies":[{"name":"wp","href":"https:\/\/api.w.org\/{rel}","templated":true}]}}