{"id":704,"date":"2013-11-15T19:23:37","date_gmt":"2013-11-15T17:23:37","guid":{"rendered":"http:\/\/www.lamarotte.fr\/?page_id=704"},"modified":"2014-10-08T14:43:44","modified_gmt":"2014-10-08T12:43:44","slug":"elumineur-medieval","status":"publish","type":"page","link":"https:\/\/www.lamarotte.fr\/?page_id=704","title":{"rendered":"Enlumineur et enluminures m\u00e9di\u00e9vales"},"content":{"rendered":"<p align=\"center\">\u00a0<em>GOSSUIN L&#8217;ENLUMINEUR<\/em><\/p>\n<p style=\"text-align: center\"><a href=\"http:\/\/www.lamarotte.fr\/wp-admin\/upload.php?style=inline&amp;tab=browse-all&amp;post_id=704&amp;_wpnonce=9d3723bf78&amp;ID=676&amp;action=view&amp;paged=4\" id=\"file-link-676\" title=\"gossuin.jpg\" class=\"file-link image\">\u00a0 \t\t\t<\/a><span class=\"file-link image\"><img loading=\"lazy\" src=\"http:\/\/www.lamarotte.fr\/wp-content\/uploads\/2012\/08\/gossuin.jpg\" title=\"gossuin.jpg\" alt=\"gossuin.jpg\" height=\"435\" width=\"581\" \/><\/span><\/p>\n<p>Apr\u00e8s des ann\u00e9es pass\u00e9es dans une association de reconstitution historique (l&#8217;Arch\u00e9olocale de Cond\u00e9 sur l&#8217;Escaut) \u00e0 fabriquer des c\u00f4tes de mailles, le besoin s&#8217;est fait sentir de faire autre chose &#8230;<\/p>\n<p>Le dessin \u00e9tait une piste \u00e0 suivre, la peinture me semblait inabordable \u00e0 cause du manque d&#8217;exp\u00e9rience.<\/p>\n<p>Apr\u00e8s un long travail de recherche pour trouver les techniques, les produits et les recettes de fabrications m\u00e9di\u00e9vales et beaucoup de patience, la passion s&#8217;est install\u00e9e.<\/p>\n<p>les dessins grossiers ont fait place \u00e0 des \u0153uvres plus minutieuses, les essais sur papier ont fait place aux r\u00e9alisations sur parchemins (ch\u00e8vre, veau, agneau, etc &#8230;) .<\/p>\n<p>Encourag\u00e9 par les commentaires du public, il ne restait plus qu&#8217;\u00e0 faire un nouveau pas : transmettre ce savoir \u00e0 travers des d\u00e9monstrations dans les \u00e9coles et f\u00eates m\u00e9di\u00e9vales.<\/p>\n<p style=\"text-align: center\">&nbsp;<\/p>\n<p id=\"upload-file-view\" class=\"alignleft\" align=\"center\"><a href=\"http:\/\/www.lamarotte.fr\/wp-content\/uploads\/2012\/08\/gossuin.JPG\" onclick=\"return false;\" title=\"Direct link to file\"><img loading=\"lazy\" src=\"http:\/\/www.lamarotte.fr\/wp-content\/uploads\/2012\/08\/gossuin.JPG\" alt=\"gossuin.JPG\" height=\"447\" width=\"325\" \/><\/a><\/p>\n<p id=\"upload-file-view\" class=\"alignleft\" align=\"center\">\u00a0<a href=\"http:\/\/gossuin-enlumineur.wifeo.com\/\">Pour d\u00e9couvrir les Oeuvres et Animations<\/a><\/p>\n<p><a href=\"http:\/\/gossuin-enlumineur.wifeo.com\/\"> <\/a><\/p>\n<p id=\"upload-file-view\" class=\"alignleft\" align=\"center\"><a href=\"http:\/\/gossuin-enlumineur.wifeo.com\/\"> de Gossuin L&#8217; Enlumineur suivez ce lien:<\/a><\/p>\n<p><a href=\"http:\/\/gossuin-enlumineur.wifeo.com\/\" title=\"Direct link to file\"> <\/a><\/p>\n<p style=\"text-align: center\">&nbsp;<\/p>\n<p><a href=\"http:\/\/gossuin-enlumineur.wifeo.com\/\" title=\"Direct link to file\"> <\/a><\/p>\n<p id=\"upload-file-view\" class=\"alignleft\" align=\"center\">\u00a0Retour au site de La Marotte:<\/p>\n<p id=\"upload-file-view\" class=\"alignleft\" align=\"center\">\u00a0<a href=\"http:\/\/www.lamarotte.fr\/\" title=\"Direct link to file\"><img loading=\"lazy\" src=\"http:\/\/www.lamarotte.fr\/wp-content\/uploads\/2007\/10\/folc.jpg\" alt=\"folc.jpg\" height=\"128\" width=\"144\" \/><\/a><\/p>\n","protected":false},"excerpt":{"rendered":"<p>\u00a0GOSSUIN L&#8217;ENLUMINEUR \u00a0 Apr\u00e8s des ann\u00e9es pass\u00e9es dans une association de reconstitution historique (l&#8217;Arch\u00e9olocale de Cond\u00e9 sur l&#8217;Escaut) \u00e0 fabriquer des c\u00f4tes de mailles, le besoin s&#8217;est fait sentir de faire autre chose &#8230; Le dessin \u00e9tait une piste \u00e0 suivre, la peinture me semblait inabordable \u00e0 cause du manque d&#8217;exp\u00e9rience. Apr\u00e8s un long travail [&hellip;]<\/p>\n","protected":false},"author":2,"featured_media":0,"parent":0,"menu_order":51,"comment_status":"open","ping_status":"open","template":"","meta":[],"_links":{"self":[{"href":"https:\/\/www.lamarotte.fr\/index.php?rest_route=\/wp\/v2\/pages\/704"}],"collection":[{"href":"https:\/\/www.lamarotte.fr\/index.php?rest_route=\/wp\/v2\/pages"}],"about":[{"href":"https:\/\/www.lamarotte.fr\/index.php?rest_route=\/wp\/v2\/types\/page"}],"author":[{"embeddable":true,"href":"https:\/\/www.lamarotte.fr\/index.php?rest_route=\/wp\/v2\/users\/2"}],"replies":[{"embeddable":true,"href":"https:\/\/www.lamarotte.fr\/index.php?rest_route=%2Fwp%2Fv2%2Fcomments&post=704"}],"version-history":[{"count":0,"href":"https:\/\/www.lamarotte.fr\/index.php?rest_route=\/wp\/v2\/pages\/704\/revisions"}],"wp:attachment":[{"href":"https:\/\/www.lamarotte.fr\/index.php?rest_route=%2Fwp%2Fv2%2Fmedia&parent=704"}],"curies":[{"name":"wp","href":"https:\/\/api.w.org\/{rel}","templated":true}]}}