{"id":632,"date":"2010-09-17T20:17:00","date_gmt":"2010-09-17T18:17:00","guid":{"rendered":"http:\/\/www.lamarotte.fr\/?page_id=632"},"modified":"2014-12-29T14:47:36","modified_gmt":"2014-12-29T12:47:36","slug":"campement-medievale-de-la-marotte","status":"publish","type":"page","link":"https:\/\/www.lamarotte.fr\/?page_id=632","title":{"rendered":"campement medieval"},"content":{"rendered":"<p><a href=\"http:\/\/www.lamarotte.fr\/wp-content\/uploads\/2010\/09\/dscf4454.JPG\" onclick=\"return false;\" title=\"Direct link to file\"><\/a><\/p>\n<p style=\"text-align: center\">Lieu de rencontre pour festoyer, faire bonne ripaille et s&#8217;assoupir la nuit venue, notre humble demeure vous accueille chaleureusement au gr\u00e9 de nos p\u00e9rip\u00e9ties&#8230;<\/p>\n<p id=\"upload-file-view\" class=\"alignleft\" align=\"center\"><a href=\"http:\/\/www.lamarotte.fr\"><img loading=\"lazy\" src=\"http:\/\/www.lamarotte.fr\/wp-content\/uploads\/2014\/12\/retouralacceuil.jpg\" alt=\"retouralacceuil.jpg\" height=\"27\" width=\"143\" \/><\/a><\/p>\n<p style=\"text-align: center\">\u00a0 <span class=\"file-link image\"><img loading=\"lazy\" src=\"http:\/\/www.lamarotte.fr\/wp-content\/uploads\/2010\/09\/tente.JPG\" title=\"tente.JPG\" alt=\"tente.JPG\" height=\"417\" width=\"548\" \/><\/span><\/p>\n<p style=\"text-align: center\"><a href=\"http:\/\/www.lamarotte.fr\/wp-content\/uploads\/2010\/09\/dscf4454.JPG\" onclick=\"return false;\" title=\"Direct link to file\"><br \/>\n<\/a><\/p>\n<p style=\"text-align: center\"><img loading=\"lazy\" src=\"http:\/\/www.lamarotte.fr\/wp-content\/uploads\/2010\/10\/tente-medievale.jpg\" alt=\"tente-medievale.jpg\" height=\"425\" width=\"553\" \/><\/p>\n<p style=\"text-align: center\">&nbsp;<\/p>\n<p style=\"text-align: center\">&nbsp;<\/p>\n<p style=\"text-align: center\">\u00a0\u00a0\u00a0\u00a0\u00a0\u00a0\u00a0\u00a0<a href=\"http:\/\/www.lamarotte.fr\/?page_id=615\" title=\"Direct link to file\"><img loading=\"lazy\" src=\"http:\/\/www.lamarotte.fr\/wp-content\/uploads\/2007\/10\/fold.jpg\" alt=\"fold.jpg\" height=\"155\" width=\"106\" \/><\/a>\u00a0\u00a0\u00a0 <a href=\"http:\/\/www.lamarotte.fr\/wp-content\/uploads\/2007\/10\/fold.jpg\" onclick=\"return false;\" title=\"Direct link to file\"><\/a><a href=\"http:\/\/www.lamarotte.fr\/\" title=\"Direct link to file\"><img loading=\"lazy\" src=\"http:\/\/www.lamarotte.fr\/wp-content\/uploads\/2007\/10\/sans-titred-1.jpg\" alt=\"sans-titred-1.jpg\" height=\"153\" width=\"109\" \/><\/a><\/p>\n<p style=\"text-align: center\">\u00a0<a href=\"http:\/\/www.lamarotte.fr\/wp-content\/uploads\/2007\/11\/vignettefol.jpg\" onclick=\"return false;\" title=\"Direct link to file\"><br \/>\n<\/a><\/p>\n","protected":false},"excerpt":{"rendered":"<p>Lieu de rencontre pour festoyer, faire bonne ripaille et s&#8217;assoupir la nuit venue, notre humble demeure vous accueille chaleureusement au gr\u00e9 de nos p\u00e9rip\u00e9ties&#8230; \u00a0 &nbsp; &nbsp; \u00a0\u00a0\u00a0\u00a0\u00a0\u00a0\u00a0\u00a0\u00a0\u00a0\u00a0 \u00a0<\/p>\n","protected":false},"author":2,"featured_media":0,"parent":0,"menu_order":39,"comment_status":"open","ping_status":"open","template":"","meta":[],"_links":{"self":[{"href":"https:\/\/www.lamarotte.fr\/index.php?rest_route=\/wp\/v2\/pages\/632"}],"collection":[{"href":"https:\/\/www.lamarotte.fr\/index.php?rest_route=\/wp\/v2\/pages"}],"about":[{"href":"https:\/\/www.lamarotte.fr\/index.php?rest_route=\/wp\/v2\/types\/page"}],"author":[{"embeddable":true,"href":"https:\/\/www.lamarotte.fr\/index.php?rest_route=\/wp\/v2\/users\/2"}],"replies":[{"embeddable":true,"href":"https:\/\/www.lamarotte.fr\/index.php?rest_route=%2Fwp%2Fv2%2Fcomments&post=632"}],"version-history":[{"count":0,"href":"https:\/\/www.lamarotte.fr\/index.php?rest_route=\/wp\/v2\/pages\/632\/revisions"}],"wp:attachment":[{"href":"https:\/\/www.lamarotte.fr\/index.php?rest_route=%2Fwp%2Fv2%2Fmedia&parent=632"}],"curies":[{"name":"wp","href":"https:\/\/api.w.org\/{rel}","templated":true}]}}