{"id":586,"date":"2009-09-23T13:47:52","date_gmt":"2009-09-23T11:47:52","guid":{"rendered":"http:\/\/www.lamarotte.fr\/?page_id=586"},"modified":"2020-01-09T18:56:23","modified_gmt":"2020-01-09T16:56:23","slug":"danses-medievales-et-renaissance","status":"publish","type":"page","link":"https:\/\/www.lamarotte.fr\/?page_id=586","title":{"rendered":"danses m\u00e9di\u00e9vales et renaissance"},"content":{"rendered":"<style> <!--  \/* Style Definitions *\/  p.MsoNormal, li.MsoNormal, div.MsoNormal \t{mso-style-parent:\"\"; \tmargin:0cm; \tmargin-bottom:.0001pt; \tmso-pagination:widow-orphan; \tfont-size:12.0pt; \tfont-family:\"Times New Roman\"; \tmso-fareast-font-family:\"Times New Roman\";} @page Section1 \t{size:612.0pt 792.0pt; \tmargin:70.85pt 70.85pt 70.85pt 70.85pt; \tmso-header-margin:36.0pt; \tmso-footer-margin:36.0pt; \tmso-paper-source:0;} div.Section1 \t{page:Section1;} --> <\/style>\n<p><!--[if gte mso 10]>\n\n\n\n<style>  \/* Style Definitions *\/  table.MsoNormalTable \t{mso-style-name:\"Tableau Normal\"; \tmso-tstyle-rowband-size:0; \tmso-tstyle-colband-size:0; \tmso-style-noshow:yes; \tmso-style-parent:\"\"; \tmso-padding-alt:0cm 5.4pt 0cm 5.4pt; \tmso-para-margin:0cm; \tmso-para-margin-bottom:.0001pt; \tmso-pagination:widow-orphan; \tfont-size:10.0pt; \tfont-family:\"Times New Roman\"; \tmso-ansi-language:#0400; \tmso-fareast-language:#0400; \tmso-bidi-language:#0400;} <\/style>\n\n <![endif]--><\/p>\n<p class=\"MsoNormal\" align=\"center\"><a href=\"http:\/\/www.lamarotte.fr\" id=\"file-link-741\" title=\"retouralacceuil.jpg\">D\u00e9couvrir nos animations<\/a><\/p>\n<p class=\"MsoNormal\" align=\"center\">&nbsp;<\/p>\n<p class=\"MsoNormal\" align=\"center\">\u00a0 \u00a0 \u00a0 \u00a0\u00a0 <span class=\"file-link image\"><img loading=\"lazy\" src=\"http:\/\/www.lamarotte.fr\/wp-content\/uploads\/2007\/09\/s5001632-0104_0001.jpg\" title=\"s5001632-0104_0001.jpg\" alt=\"s5001632-0104_0001.jpg\" height=\"139\" width=\"183\" \/><\/span><span class=\"file-link image\"><img loading=\"lazy\" src=\"http:\/\/www.lamarotte.fr\/wp-content\/uploads\/2007\/09\/entrez-dana-la-danse.jpg\" title=\"entrez-dana-la-danse.jpg\" alt=\"entrez-dana-la-danse.jpg\" height=\"138\" width=\"182\" \/><\/span><span class=\"file-link image\"><img loading=\"lazy\" src=\"http:\/\/www.lamarotte.fr\/wp-content\/uploads\/2007\/09\/s50016132-003_0001.jpg\" title=\"s50016132-003_0001.jpg\" alt=\"s50016132-003_0001.jpg\" height=\"136\" width=\"177\" \/><\/span><\/p>\n<p class=\"MsoNormal\"><strong><span style=\"font-family: Arial; color: white\">La danse est une activit\u00e9 tr\u00e8s appr\u00e9ci\u00e9e au moyen \u00e2ge ont la rencontre r\u00e9guli\u00e8rement lors des diverses festivit\u00e9s pour c\u00e9l\u00e9brer un mariage une c\u00e9r\u00e9monie ou lors des carnavals.<\/span><\/strong><strong><span style=\"font-size: 7.5pt; font-family: Arial; color: white\"><o:p><\/o:p><\/span><\/strong><\/p>\n<p class=\"MsoNormal\"><strong><span style=\"font-family: Arial; color: white\">D\u2019abord divertissement populaire la danse va peu \u00e0 peu prendre place <o:p><\/o:p><\/span><\/strong><\/p>\n<p class=\"MsoNormal\"><strong><span style=\"font-family: Arial; color: white\">dans les hautes sph\u00e8res de la soci\u00e9t\u00e9 f\u00e9odale et va passer d\u2019une activit\u00e9 spontan\u00e9e \u00e0 une pratique de plus en plus codifi\u00e9e \u00ab\u00a0savante\u00a0\u00bb que l\u2019on nommera par danse de cour.<o:p><\/o:p><\/span><\/strong><\/p>\n<p class=\"MsoNormal\"><strong><span style=\"font-family: Arial; color: white\">M\u00eame s\u2019il arrive que la danse prenne place de fa\u00e7on subversive lors de c\u00e9r\u00e9monies religieuses l\u2019\u00e9glise condamne cette forme d\u2019expression et la rel\u00e8gue au rang de pratiques sacril\u00e8ges ou d\u00e9moniaques car trop proche des rites li\u00e9s au culte de Dionysos dont elle cherche \u00e0 se d\u00e9tacher tout au long du moyen \u00e2ge.<o:p><\/o:p><\/span><\/strong><\/p>\n<p class=\"MsoNormal\"><strong><span style=\"font-family: Arial; color: white\">La danse va \u00e9voluer tout au long de cette p\u00e9riode et se pr\u00e9senter sous diff\u00e9rentes formes.<o:p><\/o:p><\/span><\/strong><\/p>\n<p><meta http-equiv=\"Content-Type\" content=\"text\/html; charset=utf-8\" \/><meta name=\"ProgId\" content=\"Word.Document\" \/><meta name=\"Generator\" content=\"Microsoft Word 11\" \/><meta name=\"Originator\" content=\"Microsoft Word 11\" \/>\n<link href=\"file:\/\/\/C:%5CDOCUME%7E1%5CPROPRI%7E1%5CLOCALS%7E1%5CTemp%5Cmsohtml1%5C01%5Cclip_filelist.xml\" rel=\"File-List\" \/><!--[if gte mso 9]><xml>  <w:WordDocument>   <w:View>Normal<\/w:View>   <w:Zoom>0<\/w:Zoom>   <w:HyphenationZone>21<\/w:HyphenationZone>   <w:PunctuationKerning\/>   <w:ValidateAgainstSchemas\/>   <w:SaveIfXMLInvalid>false<\/w:SaveIfXMLInvalid>   <w:IgnoreMixedContent>false<\/w:IgnoreMixedContent>   <w:AlwaysShowPlaceholderText>false<\/w:AlwaysShowPlaceholderText>   <w:Compatibility>    <w:BreakWrappedTables\/>    <w:SnapToGridInCell\/>    <w:WrapTextWithPunct\/>    <w:UseAsianBreakRules\/>    <w:DontGrowAutofit\/>   <\/w:Compatibility>   <w:BrowserLevel>MicrosoftInternetExplorer4<\/w:BrowserLevel>  <\/w:WordDocument> <\/xml><![endif]--><!--[if gte mso 9]><xml>  <w:LatentStyles DefLockedState=\"false\" LatentStyleCount=\"156\">  <\/w:LatentStyles> <\/xml><![endif]--><span style=\"font-size: 14pt; font-family: 'Comic Sans MS'\">On oppose La Basse Danse qui est une danse de couple de parade \u00e0 pas lent et gliss\u00e9s \u00e0 la Haute Danse qui est d&#8217;avantage rythm\u00e9e saut\u00e9e et enjou\u00e9e.<\/span><span style=\"font-size: 14pt; font-family: 'Comic Sans MS'\"><\/span><strong><em><span style=\"font-size: 16pt; font-family: Arial; color: white\">a Carole\u00a0:<o:p><\/o:p><\/span><\/em><\/strong><span style=\"font-size: 14pt; font-family: 'Comic Sans MS'\"><\/span><\/p>\n<p class=\"MsoNormal\"><span style=\"font-size: 14pt; font-family: Arial; color: white\"><o:p>\u00a0<\/o:p><\/span><\/p>\n<p class=\"MsoNormal\"><span style=\"font-size: 14pt; font-family: Arial; color: white\">La <span>chor\u00e9a<\/span>, terme utilis\u00e9 dans les textes latins jusqu\u2019au XIV\u00e8me si\u00e8cle. La Carole semble \u00eatre la forme de danse la plus r\u00e9pandue au moyen \u00e2ge et la plus \u00e9l\u00e9mentaire. Proche de la Tresque en Italie c\u2019est une danse en chaine ayant des similitudes avec la farandole pratiqu\u00e9e de nos jours. La Carole<span>\u00a0 <\/span>appara\u00eet d\u00e9s le VII\u00e8me si\u00e8cle et<span>\u00a0 <\/span>est utilis\u00e9e dans les textes latin jusqu\u2019au XIV\u00e8me. Elle se pr\u00e9sente sous la<span>\u00a0 <\/span>forme d\u2019une ronde ferm\u00e9e ou ouverte, celle-ci est organis\u00e9e sommairement. Les danseurs et danseuses se tiennent par le coude ou la main voir par le petit doigt mais ils peuvent \u00e9galement suivre la cadence sans toucher leurs partenaires.<o:p><\/o:p><\/span><\/p>\n<p class=\"MsoNormal\"><span style=\"font-size: 14pt; font-family: Arial; color: white\">C\u2019est une danse men\u00e9e plus particuli\u00e8rement par les femmes qui chantent des refrains qui sont repris en ch\u0153ur par l\u2019ensemble des autres danseurs. La musique comme accompagnement semble limit\u00e9e.<span>\u00a0 <\/span><o:p><\/o:p><\/span><\/p>\n<p class=\"MsoNormal\"><span style=\"font-size: 14pt; font-family: Arial; color: white\"><o:p>\u00a0<\/o:p><\/span><\/p>\n<p class=\"MsoNormal\"><span style=\"font-size: 14pt; font-family: Arial; color: white\">La Momerie\u00a0a partir du 14eme est une sorte de Carole burlesque c\u2019est une forme de spectacle ou se m\u00ealent danses jongleries musiques et chants. Les acteurs sont costum\u00e9s et masqu\u00e9s telles les mascarades italiennes. Ces spectacles interviennent lors de banquets et autres festivit\u00e9s. Ils sont parfois accompagn\u00e9s de d\u00e9cors. Command\u00e9s par les puissants ses spectacles peuvent \u00eatre somptueux. C\u2019est une forme de th\u00e9\u00e2tre musicale mettant en sc\u00e8ne des hauts faits historiques et l\u00e9gendes.<o:p><\/o:p><\/span><\/p>\n<p class=\"MsoNormal\"><span style=\"font-size: 14pt; font-family: Arial; color: white\"><o:p>\u00a0<\/o:p><\/span><\/p>\n<p class=\"MsoNormal\"><span style=\"font-size: 14pt; font-family: Arial; color: white\"><o:p>\u00a0<\/o:p><\/span><\/p>\n<p style=\"text-align: center\"><img loading=\"lazy\" src=\"http:\/\/www.lamarotte.fr\/wp-content\/uploads\/2009\/09\/carole.jpg\" alt=\"carole.jpg\" height=\"289\" width=\"348\" \/><\/p>\n<p class=\"MsoNormal\" align=\"center\"><font color=\"#548dd4\" size=\"2\"><em>Les danseurs ex\u00e9cutant une &#8220;carole&#8221; dans le verger.<\/em><\/font><\/p>\n<p class=\"MsoNormal\" align=\"center\"><font color=\"#548dd4\" size=\"2\"><em> Miniature extraite du Roman de la rose de Jean Meung. XVe si\u00e8cle.BN, Paris<\/em><\/font><span style=\"font-size: 14pt; font-family: Arial; color: white\"><o:p><br \/>\n<\/o:p><\/span><\/p>\n<p class=\"MsoNormal\"><span style=\"font-size: 14pt; font-family: Arial; color: white\">La moresque\u00a0:<o:p><\/o:p><\/span><\/p>\n<p class=\"MsoNormal\"><span style=\"font-size: 14pt; font-family: Arial; color: white\">La moresque, morisque, mauresque ou moresca est une danse qui apparait au XV\u00e8me si\u00e8cle et \u00e0 comme sont \u00e9tymologie l\u2019indique des origines maures ou morisque. Cette forme de danse va se professionnaliser et \u00eatre ex\u00e9cut\u00e9e par des danseurs avertis lors de grands festins. Tr\u00e8s \u00e0 la \u00ab\u00a0mode\u00a0\u00bb ils vont s\u2019av\u00e9rer comme des spectacles de choix \u00e0 la cour. Nous retrouvons cette forme de danse sur de nombreuses repr\u00e9sentations iconographiques de l\u2019\u00e9poque. C\u2019est une danse ou l\u2019effet visuel est de mise et tient une place pr\u00e9pond\u00e9rante. En effet, tous les attributs pouvant th\u00e9\u00e2traliser cette danse sont utilis\u00e9s\u00a0: improvisations, grands effets de jambes et gestuel de la main soutenu, costumes de sc\u00e8nes, coiffes et accessoires divers comme l\u2019\u00e9p\u00e9e pouvant simuler un combat (moresques \u00e0 l\u2019\u00e9p\u00e9e).Selon les accessoires et la nature des costumes ces danses vont port\u00e9es le nom de\u00a0: moresques d&#8217;hommes sauvages, moresque aux arceaux de fleurs etc. Fix\u00e9s aux mollets des danseurs les grelots occupent une place importante dans cette dance, ils cadencent la mesure par une suite de frappes du pied.<o:p><\/o:p><\/span><\/p>\n<p class=\"MsoNormal\"><span style=\"font-size: 14pt; font-family: Arial; color: white\">La configuration de cette danse th\u00e9\u00e2tralis\u00e9e peut se pr\u00e9sente sous cette forme\u00a0:<o:p><\/o:p><\/span><\/p>\n<p class=\"MsoNormal\"><span style=\"font-size: 14pt; font-family: Arial; color: white\">Une femme portant un accessoire ou un costume symbolisant la f\u00e9minit\u00e9 dans sa forme \u00ab\u00a0tentatrice\u00a0\u00bb (pomme, anneaux, miroir, serpent).Un musicien jouant De la flute et battant la mesure sur un petit tambour (tabor).Des hommes (jeunes amoureux, vieux beaux et paysans robustes) symbolisant les diff\u00e9rentes couches sociales. Ceux ci dont le nombre varie de trois a une dizaine d\u2019individus accompagnent la danseuse moresque et enfin un bouffon symbolisant la marginalit\u00e9 ou la folie portant sa marotte. La mise en sc\u00e8ne est celle-ci\u00a0: les hommes convoitent tour \u00e0 tour les faveurs de la femme combattant les uns avec les autres tout en emp\u00eachant le bouffon de s\u00e9duire celle-ci et de la poss\u00e9der. Cette forme de spectacle \u00e0 travers\u00e9e les si\u00e8cles et est encore dans\u00e9e de nos jours comme par exemple la moresque proven\u00e7ale.<span>\u00a0 <\/span><\/span><\/p>\n<p class=\"MsoNormal\">&nbsp;<\/p>\n<p class=\"MsoNormal\" align=\"center\">\u00a0<img loading=\"lazy\" src=\"http:\/\/www.lamarotte.fr\/wp-content\/uploads\/2009\/09\/moresque1.jpg\" alt=\"moresque1.jpg\" height=\"162\" width=\"159\" \/><\/p>\n<p class=\"MsoNormal\" align=\"center\">Isra\u00ebl Van Meckenem, Gravure, 1460.<\/p>\n<p class=\"MsoNormal\" align=\"center\">Paris, BNF, fol.<\/p>\n<style> <!--  \/* Font Definitions *\/  @font-face \t{font-family:\"Comic Sans MS\"; \tpanose-1:3 15 7 2 3 3 2 2 2 4; \tmso-font-charset:0; \tmso-generic-font-family:script; \tmso-font-pitch:variable; \tmso-font-signature:647 0 0 0 159 0;}  \/* Style Definitions *\/  p.MsoNormal, li.MsoNormal, div.MsoNormal \t{mso-style-parent:\"\"; \tmargin:0cm; \tmargin-bottom:.0001pt; \tmso-pagination:widow-orphan; \tfont-size:12.0pt; \tfont-family:\"Times New Roman\"; \tmso-fareast-font-family:\"Times New Roman\";} p \t{mso-margin-top-alt:auto; \tmargin-right:0cm; \tmso-margin-bottom-alt:auto; \tmargin-left:0cm; \tmso-pagination:widow-orphan; \tfont-size:12.0pt; \tfont-family:\"Times New Roman\"; \tmso-fareast-font-family:\"Times New Roman\";} @page Section1 \t{size:612.0pt 792.0pt; \tmargin:70.85pt 70.85pt 70.85pt 70.85pt; \tmso-header-margin:36.0pt; \tmso-footer-margin:36.0pt; \tmso-paper-source:0;} div.Section1 \t{page:Section1;} --> <\/style>\n<p><!--[if gte mso 10]>\n\n\n\n<style>  \/* Style Definitions *\/  table.MsoNormalTable \t{mso-style-name:\"Tableau Normal\"; \tmso-tstyle-rowband-size:0; \tmso-tstyle-colband-size:0; \tmso-style-noshow:yes; \tmso-style-parent:\"\"; \tmso-padding-alt:0cm 5.4pt 0cm 5.4pt; \tmso-para-margin:0cm; \tmso-para-margin-bottom:.0001pt; \tmso-pagination:widow-orphan; \tfont-size:10.0pt; \tfont-family:\"Times New Roman\"; \tmso-ansi-language:#0400; \tmso-fareast-language:#0400; \tmso-bidi-language:#0400;} <\/style>\n\n <![endif]--><strong><em><u><span style=\"font-size: 14pt; font-family: 'Comic Sans MS'; color: white\">Le branle:<\/span><\/u><\/em><\/strong><span style=\"font-size: 14pt; font-family: 'Comic Sans MS'\"> Danse fran\u00e7aise apparue \u00e0 l&#8217;aube de la Renaissance. C\u2019est une danse en cha\u00eene, ou l\u2019on se tient par la main, gar\u00e7ons et filles altern\u00e9s. Les danseurs forment une ligne et progressent lat\u00e9ralement au rythme de la musique. Il existe deux grands types de branles<br \/>\nLe branle simple : deux pas de taille normale sur la gauche, un petit pas sur la droite, apr\u00e8s chaque pas, les pieds sont joints.<br \/>\n&#8211; branle double : deux pas de taille normale sur la gauche, deux petits pas sur la droite. La majorit\u00e9 des branles sont de rythme binaire mais certain peuvent \u00eatre ternaire.<\/span><span style=\"font-size: 14pt; font-family: 'Comic Sans MS'\"><\/span><span style=\"font-size: 14pt; font-family: 'Comic Sans MS'\"> Les branles ont de nombreuses variantes et sont sp\u00e9cifiques \u00e0 chaque r\u00e9gion<\/span><span style=\"font-size: 14pt; font-family: 'Comic Sans MS'\">.<\/span><\/p>\n<p align=\"center\">\u00a0<img loading=\"lazy\" src=\"http:\/\/www.lamarotte.fr\/wp-content\/uploads\/2007\/10\/clip_image00k2.jpg\" alt=\"clip_image00k2.jpg\" height=\"106\" width=\"271\" \/><\/p>\n<p>\u00a0Orchesographie Thoineau Arbeau:<\/p>\n<p>Quelques exemples.<\/p>\n<p><strong><em>Liens sur le web: <\/em><\/strong><\/p>\n<p><a href=\"https:\/\/www.youtube.com\/watch?v=hZdQwceu1HY\">\u00a0Branle de L&#8217;official: <\/a><\/p>\n<p><a href=\"http:\/\/www.youtube.com\/watch?v=5ZVAtXMM1zU&amp;feature=related\">Branle d&#8217;Ecosse:<\/a><\/p>\n<p><a href=\"https:\/\/www.youtube.com\/watch?v=3A04xuBCk_8\">Branle des Chevaux:<\/a><\/p>\n<p><a href=\"https:\/\/www.youtube.com\/watch?v=TFpyHispD3M\">Branle des Lavandi\u00e9res: <\/a><\/p>\n<p><a href=\"http:\/\/www.youtube.com\/watch?v=BOaJw6t60NI&amp;feature=related\">Branle de La Guerre:<\/a><\/p>\n<p><a href=\"http:\/\/www.youtube.com\/watch?v=_O12AAQOU7I&amp;feature=related\">Branle de La Montarde: <\/a><\/p>\n<p><a href=\"https:\/\/www.youtube.com\/watch?v=UZFK0XkpLMM\">Branle des pois: <\/a><\/p>\n<p><a href=\"https:\/\/www.youtube.com\/watch?v=D5yiUPii3aQ\">Branle des bouffons: <\/a><\/p>\n<p><a href=\"https:\/\/www.youtube.com\/watch?v=x6wOzj4kAAA\">Branle de La Haye1: <\/a><\/p>\n<p><a href=\"http:\/\/www.youtube.com\/watch?v=nMTmhj3Z9Wk&amp;feature=related\">Branle de la Haye 2: <\/a><\/p>\n<p><a href=\"http:\/\/www.youtube.com\/watch?v=fAf2fyGAP30&amp;feature=related\">Branle Pinagay: <\/a><\/p>\n<p><a href=\"https:\/\/www.youtube.com\/results?search_query=branle+gay\">Branle Gay: <\/a><\/p>\n<p>Autres Branles:<\/p>\n<p><a href=\"http:\/\/www.youtube.com\/watch?v=UlzySEwyFSc&amp;feature=related\">Branle de la torche. <\/a><\/p>\n<p><a href=\"http:\/\/www.youtube.com\/watch?v=c0RaJAl0I-4&amp;feature=related\">Branle de Champaigne: <\/a><\/p>\n<p><a href=\"http:\/\/www.youtube.com\/watch?v=2sKp8hJTxtk\">Branle de Bourgogne: (Claude Gervaise)<br \/>\n<\/a><\/p>\n<p><a href=\"https:\/\/www.youtube.com\/watch?v=liTfVwW6MZ8\">Branle Charlotte renaissance: <\/a><\/p>\n<p><a href=\"http:\/\/www.youtube.com\/watch?v=tL8aqmQl6h8&amp;feature=related\">Branle de cassandre:<\/a><\/p>\n<p><a href=\"https:\/\/www.youtube.com\/results?search_query=branle+de+malt\">Branle de malt: <\/a><\/p>\n<p>Autres danses et chansons:<\/p>\n<p><a href=\"http:\/\/www.youtube.com\/watch?v=39Bmruz1Y6o\">traubentritt <\/a><\/p>\n<p><a href=\"https:\/\/www.youtube.com\/watch?v=2P1yiOEHPG0\">A l&#8217;entrada del tens clar: <\/a><\/p>\n<p><a href=\"http:\/\/www.graner.net\/nicolas\/arbeau\/\">Site d\u00e9taill\u00e9 sur l&#8217;orch\u00e9sographie de Thoinot Arbot (Chanoine Jehan Tabourot).<\/a> <strong><em><u><span style=\"font-size: 16pt; font-family: 'Times New Roman'\"><\/span><\/u><\/em><\/strong><\/p>\n<p><strong><em><u><span style=\"font-size: 16pt; font-family: 'Times New Roman'\">La pavane<\/span><span style=\"font-size: 18pt; font-family: 'Times New Roman'\"> :<\/span><\/u><\/em><\/strong><\/p>\n<p class=\"MsoNormal\"><meta http-equiv=\"Content-Type\" content=\"text\/html; charset=utf-8\" \/><meta name=\"ProgId\" content=\"Word.Document\" \/><meta name=\"Generator\" content=\"Microsoft Word 11\" \/><meta name=\"Originator\" content=\"Microsoft Word 11\" \/><\/p>\n<link href=\"file:\/\/\/C:%5CDOCUME%7E1%5CPROPRI%7E1%5CLOCALS%7E1%5CTemp%5Cmsohtml1%5C01%5Cclip_filelist.xml\" rel=\"File-List\" \/><!--[if gte mso 9]><xml>  <w:WordDocument>   <w:View>Normal<\/w:View>   <w:Zoom>0<\/w:Zoom>   <w:HyphenationZone>21<\/w:HyphenationZone>   <w:PunctuationKerning\/>   <w:ValidateAgainstSchemas\/>   <w:SaveIfXMLInvalid>false<\/w:SaveIfXMLInvalid>   <w:IgnoreMixedContent>false<\/w:IgnoreMixedContent>   <w:AlwaysShowPlaceholderText>false<\/w:AlwaysShowPlaceholderText>   <w:Compatibility>    <w:BreakWrappedTables\/>    <w:SnapToGridInCell\/>    <w:WrapTextWithPunct\/>    <w:UseAsianBreakRules\/>    <w:DontGrowAutofit\/>   <\/w:Compatibility>   <w:BrowserLevel>MicrosoftInternetExplorer4<\/w:BrowserLevel>  <\/w:WordDocument> <\/xml><![endif]--><!--[if gte mso 9]><xml>  <w:LatentStyles DefLockedState=\"false\" LatentStyleCount=\"156\">  <\/w:LatentStyles> <\/xml><![endif]--><br \/>\n<style> <!--  \/* Font Definitions *\/  @font-face \t{font-family:\"Comic Sans MS\"; \tpanose-1:3 15 7 2 3 3 2 2 2 4; \tmso-font-charset:0; \tmso-generic-font-family:script; \tmso-font-pitch:variable; \tmso-font-signature:647 0 0 0 159 0;}  \/* Style Definitions *\/  p.MsoNormal, li.MsoNormal, div.MsoNormal \t{mso-style-parent:\"\"; \tmargin:0cm; \tmargin-bottom:.0001pt; \tmso-pagination:widow-orphan; \tfont-size:12.0pt; \tfont-family:\"Times New Roman\"; \tmso-fareast-font-family:\"Times New Roman\";} @page Section1 \t{size:595.3pt 841.9pt; \tmargin:70.85pt 70.85pt 70.85pt 70.85pt; \tmso-header-margin:35.4pt; \tmso-footer-margin:35.4pt; \tmso-paper-source:0;} div.Section1 \t{page:Section1;} --> <\/style>\n<p><!--[if gte mso 10]>\n\n\n\n<style>  \/* Style Definitions *\/  table.MsoNormalTable \t{mso-style-name:\"Tableau Normal\"; \tmso-tstyle-rowband-size:0; \tmso-tstyle-colband-size:0; \tmso-style-noshow:yes; \tmso-style-parent:\"\"; \tmso-padding-alt:0cm 5.4pt 0cm 5.4pt; \tmso-para-margin:0cm; \tmso-para-margin-bottom:.0001pt; \tmso-pagination:widow-orphan; \tfont-size:10.0pt; \tfont-family:\"Times New Roman\"; \tmso-ansi-language:#0400; \tmso-fareast-language:#0400; \tmso-bidi-language:#0400;} <\/style>\n\n <![endif]--><\/p>\n<p class=\"MsoNormal\"><span style=\"font-size: 14pt; font-family: 'Comic Sans MS'\">Danse et composition musicale noble et lente \u00e0 rythme binaire. C&#8217;est une danse de couple, l&#8217;homme \u00e0 gauche et la femme \u00e0 droite posant sa main sur celle de son cavalier. Le caract\u00e8re est noble, grave, majestueux, c\u00e9r\u00e9monieux, voire pompeux. La pavane consiste en deux simples un double avant (<em>marche<\/em>), suivis des m\u00eames en arri\u00e8re (<em>d\u00e9marche<\/em>).Elle peut s\u2019ex\u00e9cuter en cort\u00e8ge de parade.On retrouve cette danse dans l&#8217;Orch\u00e9sographie de Thoinot Arbeau (1569). Cette danse Renaissance serait originaire de la ville de Padoue et d\u00e9riverai de PAVA qui d\u00e9signe un &#8220;PAON&#8221; en Espagnol.Elle est associ\u00e9e \u00e0 d&#8217;autres danses telles que la Saltarelle et la Gaillarde.<\/span><\/p>\n<p class=\"MsoNormal\">&nbsp;<\/p>\n<p class=\"MsoNormal\"><a href=\"https:\/\/www.youtube.com\/watch?v=OvKvbAGcK84\">Belle qui tient ma vie: <\/a><\/p>\n<p class=\"MsoNormal\">&nbsp;<\/p>\n<p class=\"MsoNormal\"><span style=\"font-size: 14pt; font-family: 'Comic Sans MS'\"><em><strong>La Saltarelle:<\/strong><\/em> Danse d&#8217;origine V\u00e9nitienne XIII \u00e9me proche de la Tarentelle.Danse paysanne et populaire tr\u00e8s appr\u00e9ci\u00e9e par la cour \u00e0 partir du XV \u00e8me pour son caract\u00e8re enjou\u00e9. Le rythme est vif et ternaire.Une de ses sp\u00e9cificit\u00e9s est le pas saut\u00e9 qui \u00e0 donn\u00e9e le nom de Saltarello en Italien (saltarer- sauter).<\/span><\/p>\n<p class=\"MsoNormal\">&nbsp;<\/p>\n<p class=\"MsoNormal\"><a href=\"https:\/\/www.youtube.com\/watch?v=_R3sKMc_s6M\">Saltarelle des &#8220;petit vriens &#8220;:<\/a><\/p>\n<p class=\"MsoNormal\">&nbsp;<\/p>\n<p class=\"MsoNormal\"><span style=\"font-size: 14pt; font-family: 'Comic Sans MS'\"><em><strong>La Gaillarde:<\/strong><\/em><\/span><\/p>\n<p class=\"MsoNormal\"><span style=\"font-size: 14pt; font-family: 'Comic Sans MS'\">Danse rapide \u00e0 trois temps certainement d&#8217;origine Italienne. C&#8217;est une danse de bal \u00e0 cinq pas, tr\u00e8s appr\u00e9ci\u00e9 au XVI \u00e9me qui suit la pavane dans son \u00e9x\u00e9cution.<\/span><\/p>\n<p class=\"MsoNormal\">&nbsp;<\/p>\n<p class=\"MsoNormal\"><span style=\"font-size: 14pt; font-family: 'Comic Sans MS'\"><em><strong>Le Tourdion:<\/strong><\/em><\/span><\/p>\n<p class=\"MsoNormal\"><span style=\"font-size: 14pt; font-family: 'Comic Sans MS'\">Danse du XVI \u00e8me en France, rapide et en couple l\u00e9g\u00e8rement saut\u00e9 faisant partie de la basse danse.<\/span><\/p>\n<p class=\"MsoNormal\">&nbsp;<\/p>\n<p class=\"MsoNormal\"><span style=\"font-size: 14pt; font-family: 'Comic Sans MS'\"><em><strong>La Volte:\u00a0 <\/strong><\/em><\/span><\/p>\n<p class=\"MsoNormal\"><span style=\"font-size: 14pt; font-family: 'Comic Sans MS'\">Danse proche de la gaillarde dans son ex\u00e9cution vive et tournoyante. Elle serait \u00e0 l&#8217;origine de la valse. C&#8217;est une danse\u00a0 ternaire d&#8217;origine proven\u00e7ale du XVI \u00e8me au XVII \u00e8me qui se danse en couple.<\/span><\/p>\n<p class=\"MsoNormal\">&nbsp;<\/p>\n<p class=\"MsoNormal\"><span style=\"font-size: 14pt; font-family: 'Comic Sans MS'\"><em><strong>La Tresque: <\/strong><\/em><\/span><\/p>\n<p class=\"MsoNormal\"><span style=\"font-size: 14pt; font-family: 'Comic Sans MS'\">Danse m\u00e9di\u00e9vale en chaine du XIV \u00e8me d&#8217;origine Italienne s&#8217;apparentant au farandole de nos jours.La musique et les chants accompagnent cette danse.<\/span><\/p>\n<p class=\"MsoNormal\">&nbsp;<\/p>\n<p class=\"MsoNormal\">Danses des moines et p\u00e9lerins:<\/p>\n<p class=\"MsoNormal\">\u00a0<a href=\"http:\/\/www.youtube.com\/watch?v=1_12p9OK1Ik&amp;feature=related\">Stella plendes: <\/a><\/p>\n<p class=\"MsoNormal\"><a href=\"http:\/\/www.youtube.com\/watch?v=HaR8e2-4YYE&amp;feature=related\">Stella plendes2: <\/a><\/p>\n<p class=\"MsoNormal\"><a href=\"http:\/\/www.youtube.com\/watch?v=lqcYNpAhnqo&amp;feature=related\">A l&#8217;entrada del tens clar 1: <\/a><\/p>\n<p class=\"MsoNormal\">&nbsp;<\/p>\n<p style=\"text-align: center\" class=\"MsoNormal\"><a href=\"http:\/\/ladansemedievale.free.fr\/\" style=\"font-size: 12pt\"><img loading=\"lazy\" src=\"http:\/\/www.lamarotte.fr\/wp-content\/uploads\/2009\/09\/la-danse-medievale.jpg\" alt=\"la-danse-medievale.jpg\" height=\"220\" width=\"157\" \/><\/a><\/p>\n<p align=\"center\">Ouvrage complet sur la Danse M\u00e9di\u00e9vale.<\/p>\n<p align=\"center\"><a href=\"http:\/\/www.lamarotte.fr\/?page_id=385\" id=\"file-link-259\" title=\"fold.jpg\">\u00a0 <\/a><\/p>\n<p align=\"center\">&nbsp;<\/p>\n<style> <!--  \/* Style Definitions *\/  p.MsoNormal, li.MsoNormal, div.MsoNormal \t{mso-style-parent:\"\"; \tmargin:0cm; \tmargin-bottom:.0001pt; \tmso-pagination:widow-orphan; \tfont-size:12.0pt; \tfont-family:\"Times New Roman\"; \tmso-fareast-font-family:\"Times New Roman\";} @page Section1 \t{size:612.0pt 792.0pt; \tmargin:70.85pt 70.85pt 70.85pt 70.85pt; \tmso-header-margin:36.0pt; \tmso-footer-margin:36.0pt; \tmso-paper-source:0;} div.Section1 \t{page:Section1;} --> <\/style>\n","protected":false},"excerpt":{"rendered":"<p>D\u00e9couvrir nos animations &nbsp; \u00a0 \u00a0 \u00a0 \u00a0\u00a0 La danse est une activit\u00e9 tr\u00e8s appr\u00e9ci\u00e9e au moyen \u00e2ge ont la rencontre r\u00e9guli\u00e8rement lors des diverses festivit\u00e9s pour c\u00e9l\u00e9brer un mariage une c\u00e9r\u00e9monie ou lors des carnavals. D\u2019abord divertissement populaire la danse va peu \u00e0 peu prendre place dans les hautes sph\u00e8res de la soci\u00e9t\u00e9 f\u00e9odale [&hellip;]<\/p>\n","protected":false},"author":2,"featured_media":0,"parent":0,"menu_order":37,"comment_status":"open","ping_status":"open","template":"","meta":[],"_links":{"self":[{"href":"https:\/\/www.lamarotte.fr\/index.php?rest_route=\/wp\/v2\/pages\/586"}],"collection":[{"href":"https:\/\/www.lamarotte.fr\/index.php?rest_route=\/wp\/v2\/pages"}],"about":[{"href":"https:\/\/www.lamarotte.fr\/index.php?rest_route=\/wp\/v2\/types\/page"}],"author":[{"embeddable":true,"href":"https:\/\/www.lamarotte.fr\/index.php?rest_route=\/wp\/v2\/users\/2"}],"replies":[{"embeddable":true,"href":"https:\/\/www.lamarotte.fr\/index.php?rest_route=%2Fwp%2Fv2%2Fcomments&post=586"}],"version-history":[{"count":0,"href":"https:\/\/www.lamarotte.fr\/index.php?rest_route=\/wp\/v2\/pages\/586\/revisions"}],"wp:attachment":[{"href":"https:\/\/www.lamarotte.fr\/index.php?rest_route=%2Fwp%2Fv2%2Fmedia&parent=586"}],"curies":[{"name":"wp","href":"https:\/\/api.w.org\/{rel}","templated":true}]}}