{"id":575,"date":"2009-09-11T11:03:06","date_gmt":"2009-09-11T09:03:06","guid":{"rendered":"http:\/\/www.lamarotte.fr\/?page_id=575"},"modified":"2009-09-11T11:23:21","modified_gmt":"2009-09-11T09:23:21","slug":"les-fiots-et-fillottes-de-la-marotte","status":"publish","type":"page","link":"https:\/\/www.lamarotte.fr\/?page_id=575","title":{"rendered":"Les Fiots et Fillottes de La Marotte."},"content":{"rendered":"<p style=\"text-align: center\"><img loading=\"lazy\" src=\"http:\/\/www.lamarotte.fr\/wp-content\/uploads\/2009\/09\/la-marotte-nogent-le-rotrou-050.jpg\" alt=\"la-marotte-nogent-le-rotrou-050.jpg\" width=\"464\" height=\"351\" \/><\/p>\n<p style=\"text-align: center\">Nos fillots et fillotes sont d\u00e9j\u00e0 troubadours dans l&#8217;\u00e2me<\/p>\n<p style=\"text-align: center\">Ils prennent part \u00e0 la f\u00eate avec beaucoup d&#8217;enthousiasme et de r\u00eaves d&#8217;enfants.<\/p>\n<p style=\"text-align: center\">\u00a0<a href=\"http:\/\/www.lamarotte.fr\/?page_id=229\" title=\"Direct link to file\"><img loading=\"lazy\" src=\"http:\/\/www.lamarotte.fr\/wp-content\/uploads\/2007\/10\/fold.jpg\" alt=\"fold.jpg\" width=\"85\" height=\"128\" \/><\/a><a href=\"http:\/\/www.lamarotte.fr\/?page_id=199\" title=\"Direct link to file\"><img loading=\"lazy\" src=\"http:\/\/www.lamarotte.fr\/wp-content\/uploads\/2007\/10\/sans-titred-1.jpg\" alt=\"sans-titred-1.jpg\" width=\"85\" height=\"128\" \/><\/a><\/p>\n","protected":false},"excerpt":{"rendered":"<p>Nos fillots et fillotes sont d\u00e9j\u00e0 troubadours dans l&#8217;\u00e2me Ils prennent part \u00e0 la f\u00eate avec beaucoup d&#8217;enthousiasme et de r\u00eaves d&#8217;enfants. \u00a0<\/p>\n","protected":false},"author":2,"featured_media":0,"parent":0,"menu_order":20,"comment_status":"open","ping_status":"open","template":"","meta":[],"_links":{"self":[{"href":"https:\/\/www.lamarotte.fr\/index.php?rest_route=\/wp\/v2\/pages\/575"}],"collection":[{"href":"https:\/\/www.lamarotte.fr\/index.php?rest_route=\/wp\/v2\/pages"}],"about":[{"href":"https:\/\/www.lamarotte.fr\/index.php?rest_route=\/wp\/v2\/types\/page"}],"author":[{"embeddable":true,"href":"https:\/\/www.lamarotte.fr\/index.php?rest_route=\/wp\/v2\/users\/2"}],"replies":[{"embeddable":true,"href":"https:\/\/www.lamarotte.fr\/index.php?rest_route=%2Fwp%2Fv2%2Fcomments&post=575"}],"version-history":[{"count":0,"href":"https:\/\/www.lamarotte.fr\/index.php?rest_route=\/wp\/v2\/pages\/575\/revisions"}],"wp:attachment":[{"href":"https:\/\/www.lamarotte.fr\/index.php?rest_route=%2Fwp%2Fv2%2Fmedia&parent=575"}],"curies":[{"name":"wp","href":"https:\/\/api.w.org\/{rel}","templated":true}]}}