{"id":568,"date":"2009-09-09T11:58:07","date_gmt":"2009-09-09T09:58:07","guid":{"rendered":"http:\/\/www.lamarotte.fr\/?page_id=568"},"modified":"2014-03-20T20:41:21","modified_gmt":"2014-03-20T18:41:21","slug":"la-philosophie-de-la-marotte","status":"publish","type":"page","link":"https:\/\/www.lamarotte.fr\/?page_id=568","title":{"rendered":"Animations et musiques du moyen-\u00e2ge"},"content":{"rendered":"<p class=\"menutitrevert\" style=\"margin-bottom: 12pt\" align=\"center\"><span><\/span><span style=\"font-size: 18pt; font-family: 'Comic Sans MS'\">A chacun sa Marotte\u00a0!<\/span><\/p>\n<p class=\"menutitrevert\" style=\"margin-bottom: 12pt\" align=\"center\">\u00a0<img loading=\"lazy\" src=\"http:\/\/www.lamarotte.fr\/wp-content\/uploads\/2007\/10\/la-marotte-du-bouffon.jpg\" alt=\"la-marotte-du-bouffon.jpg\" height=\"237\" width=\"181\" \/><\/p>\n<p class=\"menutitrevert\" style=\"margin-bottom: 12pt\">\u00a0\u00a0 <o:p>La Marotte est une association qui a pour objet de promouvoir les \u00e9changes sociaux culturels <\/o:p>par le biais d&#8217;une compagnie d&#8217;inspiration m\u00e9di\u00e9vale. Notre champ d\u2019action s\u2019active autour des traditions festives populaires du moyen \u00e2ge qui ponctuaient\u00a0 la vie \u00e0 cette \u00e9poque et jouaient un r\u00f4le \u00e9minemment social. Nous avons choisi le th\u00e8me de la f\u00eate, car il cr\u00e9e une dynamique d\u2019\u00e9change ou l\u2019expression individuelle et collective de sa &#8220;marotte&#8221; est favoris\u00e9e et o\u00f9 la fantaisie de chacun est<span>\u00a0 <\/span>mise en valeur. L\u2019objectif de notre association <span>\u00a0<\/span>est de donner envie \u00e0 tout public de s\u2019investir dans une d\u00e9marche artistique \u00e0 pr\u00e9dominance \u00e9ducative en prenant comme point d\u2019appui les us et coutumes du moyen \u00e2ge. Le but est que <span>\u00a0<\/span>chacun cultive sa marotte.<\/p>\n<p class=\"menutitrevert\" style=\"margin-bottom: 12pt\">\u00a0<span style=\"font-size: 14pt\">Les moyens d\u2019expressions exploit\u00e9s sont<\/span>\u00a0: <st1:personname productid=\"La Musique\" w:st=\"on\">La Musique<\/st1:personname>, <st1:personname productid=\"La Danse\" w:st=\"on\">La Danse<\/st1:personname>, le th\u00e9\u00e2tre de rue, Le chant, la jonglerie, les arts visuels.<\/p>\n<p class=\"menutitrevert\" style=\"margin-bottom: 12pt\"><em><span style=\"font-size: 14pt\">Les quatre grands axes op\u00e9ratoires\u00a0:<o:p><\/o:p><\/span><\/em><\/p>\n<p class=\"menutitrevert\" style=\"margin-bottom: 12pt\"><strong><em><span style=\"font-size: 14pt\">La d\u00e9couverte\u00a0:<o:p><\/o:p><\/span><\/em><\/strong><\/p>\n<p class=\"listetitre\">Se fait par la rencontre, l\u2019\u00e9change du savoir de chacun. Par la recherche de documents \u00e9crits et iconographiques. L\u2019\u00e9coute des musiques \u00e0 consonance traditionnelle. Par des stages de d\u00e9couvertes et visites d\u2019expositions et de sites li\u00e9s au moyen \u00e2ge. L\u2019acquisition de diff\u00e9rents instruments de tradition populaire<span>\u00a0 <\/span>tels que (cornemuse, vielles \u00e0 roue, flutes, tambours, rommelpot, sonnailles, etc).<\/p>\n<p class=\"listetitre\"><strong><em><span style=\"font-size: 14pt\">L\u2019apprentissage\u00a0:<o:p><\/o:p><\/span><\/em><\/strong><\/p>\n<p class=\"listetitre\">Individuel ou collectif il est assur\u00e9 en partenariat avec d\u2019autres structures associatives ou par des formations et cours dans divers disciplines. Chacun peut apprendre ou se perfectionner afin d\u2019enrichir son moyen d\u2019expression.<\/p>\n<p class=\"listetitre\"><strong><em><span style=\"font-size: 14pt\">La cr\u00e9ation\u00a0:<o:p><\/o:p><\/span><\/em><\/strong><\/p>\n<p class=\"listetitre\">Participation active \u00e0 la mise en \u0153uvre du groupe musical \u00ab la compagnie joyeuse\u00a0\u00bb. Investissement individuel et collectif pour finaliser notre projet et le faire partager \u00e0 tout public. Le r\u00e9pertoire musical de notre compagnie est inspir\u00e9 en majorit\u00e9 des m\u00e9lodies de l\u2019\u00e9poque, cependant Il ne pourrait y avoir de fantaisies sans cr\u00e9ation. Aussi nous nous autorisons \u00e0 cr\u00e9er nos propres chansons et musiques. L\u2019improvisation et l\u2019interaction avec le public sont toujours\u00a0 recherch\u00e9es afin d\u2019\u00eatre toujours dans une dynamique d\u2019\u00e9change et de cr\u00e9ativit\u00e9 susceptible d\u2019\u00e9veiller le \u00ab\u00a0fol\u00a0\u00bb qui est en chacun de nous.<\/p>\n<p class=\"listetitre\"><strong><em><span style=\"font-size: 14pt\">La diffusion\u00a0:<o:p><\/o:p><\/span><\/em><\/strong><\/p>\n<p class=\"listetitre\">Les informations sur notre association sont diffus\u00e9es par le biais de notre site internet http:\/\/www.lamarotte.fr celui-ci en partie fait \u00e9tat de nos recherches ainsi que de nos diverses activit\u00e9s. Notre compagnie participe \u00e9galement \u00e0 diverses manifestations festives et culturelles afin de r\u00e9pandre sa Bonne humeur et son grain de Folie.<\/p>\n<p class=\"citation\">&nbsp;<\/p>\n<p class=\"citation\"><strong><em>Marotte d\u00e9finition:<\/em><\/strong><\/p>\n<p>1) Sceptre surmont\u00e9 d&#8217;une t\u00eate grotesque coiff\u00e9e d&#8217;un capuchon garni de grelots, attributs de la Folie:<\/p>\n<p>2) T\u00eate en bois, en carton, etc., dont se servent les modistes, les coiffeurs.<em>FAM.<\/em> Id\u00e9e fixe, go\u00fbt obsessionnel pour qqch:<\/p>\n<p><em>Larousse Pratique. \u00a9 2005 Editions Larousse.<\/em><\/p>\n<p><em>Synonymes:<\/em><\/p>\n<p>Folie, manie, id\u00e9e fixe, passion, obsession, violon d&#8217;Ingres. Familier: maladie, dada, tocade, toquade&#8230;<br \/>\n<a href=\"http:\/\/www.lamarotte.fr\/?page_id=96\"><\/a><\/p>\n<p style=\"text-align: center\"><a href=\"http:\/\/www.lamarotte.fr\/?page_id=96\"><img loading=\"lazy\" src=\"http:\/\/www.lamarotte.fr\/wp-content\/uploads\/2009\/05\/bouffon2.jpg\" alt=\"bouffon2.jpg\" height=\"262\" width=\"110\" \/><\/a><\/p>\n<p style=\"text-align: center\">Retour plan du site.<\/p>\n","protected":false},"excerpt":{"rendered":"<p>A chacun sa Marotte\u00a0! \u00a0 \u00a0\u00a0 La Marotte est une association qui a pour objet de promouvoir les \u00e9changes sociaux culturels par le biais d&#8217;une compagnie d&#8217;inspiration m\u00e9di\u00e9vale. Notre champ d\u2019action s\u2019active autour des traditions festives populaires du moyen \u00e2ge qui ponctuaient\u00a0 la vie \u00e0 cette \u00e9poque et jouaient un r\u00f4le \u00e9minemment social. Nous avons [&hellip;]<\/p>\n","protected":false},"author":2,"featured_media":0,"parent":0,"menu_order":35,"comment_status":"open","ping_status":"open","template":"","meta":[],"_links":{"self":[{"href":"https:\/\/www.lamarotte.fr\/index.php?rest_route=\/wp\/v2\/pages\/568"}],"collection":[{"href":"https:\/\/www.lamarotte.fr\/index.php?rest_route=\/wp\/v2\/pages"}],"about":[{"href":"https:\/\/www.lamarotte.fr\/index.php?rest_route=\/wp\/v2\/types\/page"}],"author":[{"embeddable":true,"href":"https:\/\/www.lamarotte.fr\/index.php?rest_route=\/wp\/v2\/users\/2"}],"replies":[{"embeddable":true,"href":"https:\/\/www.lamarotte.fr\/index.php?rest_route=%2Fwp%2Fv2%2Fcomments&post=568"}],"version-history":[{"count":0,"href":"https:\/\/www.lamarotte.fr\/index.php?rest_route=\/wp\/v2\/pages\/568\/revisions"}],"wp:attachment":[{"href":"https:\/\/www.lamarotte.fr\/index.php?rest_route=%2Fwp%2Fv2%2Fmedia&parent=568"}],"curies":[{"name":"wp","href":"https:\/\/api.w.org\/{rel}","templated":true}]}}