{"id":510,"date":"2009-05-05T19:47:06","date_gmt":"2009-05-05T17:47:06","guid":{"rendered":"http:\/\/www.lamarotte.fr\/?page_id=510"},"modified":"2015-10-19T11:59:56","modified_gmt":"2015-10-19T09:59:56","slug":"liens-partenaires-de-la-marotte","status":"publish","type":"page","link":"https:\/\/www.lamarotte.fr\/?page_id=510","title":{"rendered":"Annuaires m\u00e9di\u00e9vaux et liens partenaires de la marotte."},"content":{"rendered":"<p align=\"center\"><a href=\"http:\/\/www.lamarotte.fr\/\">D\u00e9couvrez les Animations de La Marotte <\/a><\/p>\n<p align=\"center\"><a href=\"http:\/\/www.lamarotte.fr\/?page_id=506\" id=\"file-link-259\" title=\"fold.jpg\"><img loading=\"lazy\" src=\"http:\/\/www.lamarotte.fr\/wp-content\/uploads\/2007\/10\/fold.jpg\" title=\"fold.jpg\" alt=\"fold.jpg\" height=\"176\" width=\"124\" \/><\/a> <a href=\"http:\/\/www.lamarotte.fr\" id=\"file-link-258\" title=\"sans-titred-1.jpg\"><img loading=\"lazy\" src=\"http:\/\/www.lamarotte.fr\/wp-content\/uploads\/2007\/10\/sans-titred-1.jpg\" title=\"sans-titred-1.jpg\" alt=\"sans-titred-1.jpg\" height=\"175\" width=\"120\" \/><\/a><\/p>\n<p align=\"center\">&nbsp;<\/p>\n<p align=\"center\">&nbsp;<\/p>\n<p id=\"upload-file-view\" class=\"alignleft\" align=\"center\"><a href=\"http:\/\/wazprod.com\/\" title=\"Direct link to file\"><img loading=\"lazy\" src=\"http:\/\/www.lamarotte.fr\/wp-content\/uploads\/2014\/11\/wazprod.png\" alt=\"wazprod.png\" height=\"150\" width=\"150\" \/><\/a><\/p>\n<p style=\"text-align: center\"><a href=\"http:\/\/www.fetes-medievales.com\/\" title=\"Direct link to file\"><\/a><\/p>\n<p style=\"text-align: center\"><a href=\"http:\/\/www.fetes-medievales.com\/\" title=\"Direct link to file\"><img loading=\"lazy\" src=\"http:\/\/www.lamarotte.fr\/wp-content\/uploads\/2013\/05\/bandeau.png\" alt=\"bandeau.png\" height=\"61\" width=\"498\" \/><\/a><\/p>\n<p id=\"upload-file-view\" class=\"alignleft\" align=\"center\"><a href=\"http:\/\/www.reconstitution-historique.com\/fr\" title=\"Direct link to file\"><img loading=\"lazy\" src=\"http:\/\/www.lamarotte.fr\/wp-content\/uploads\/2012\/11\/medieval.jpg\" alt=\"medieval.jpg\" height=\"50\" width=\"241\" \/><\/a><\/p>\n<p><a href=\"http:\/\/www.lamarotte.fr\/wp-content\/uploads\/2012\/04\/alex9.jpg\" onclick=\"return false;\" title=\"Direct link to file\"> <\/a><a href=\"http:\/\/www.lamarotte.fr\/wp-content\/uploads\/2012\/04\/alex9.jpg\" onclick=\"return false;\" title=\"Direct link to file\"><\/a><a href=\"http:\/\/www.lamarotte.fr\/wp-content\/uploads\/2012\/04\/alex9.jpg\" onclick=\"return false;\" title=\"Direct link to file\"><\/a><\/p>\n<p align=\"center\">Annuaires M\u00e9di\u00e9vales<\/p>\n<p id=\"upload-file-view\" class=\"alignleft\" align=\"center\"><a href=\"http:\/\/www.medielys.com\/\" title=\"Direct link to file\"><img loading=\"lazy\" src=\"http:\/\/www.lamarotte.fr\/wp-content\/uploads\/2012\/10\/medielys.jpeg\" alt=\"medielys.jpeg\" height=\"76\" width=\"150\" \/><\/a><\/p>\n<p align=\"center\">\u00a0<a href=\"http:\/\/www.an1000.org\/\" title=\"Direct link to file\"><img loading=\"lazy\" src=\"http:\/\/www.lamarotte.fr\/wp-content\/uploads\/2009\/05\/an100org.jpg\" alt=\"an100org.jpg\" height=\"56\" width=\"259\" \/><\/a><\/p>\n<p align=\"center\">\u00a0<a href=\"http:\/\/www.webieval.com\/menusfr\/groupefr.htm\"><img loading=\"lazy\" src=\"http:\/\/www.lamarotte.fr\/wp-content\/uploads\/2009\/05\/imagew.jpg\" alt=\"imagew.jpg\" height=\"96\" width=\"96\" \/><\/a><\/p>\n<p align=\"center\">Annuaire des reconstitutions historiques webieval<\/p>\n<p align=\"center\">\u00a0<a href=\"http:\/\/www.Crapaudine.com\/\" target=\"_blank\">Histoires  m\u00e9di\u00e9vales insolites<\/a><\/p>\n<p align=\"center\"> Crapaudine vous raconte des \u00e9v\u00e8nements curieux ou peu connus du moyen \u00e2ge. Calendrier des f\u00eates m\u00e9di\u00e9vales. Gastronomie et annuaire du moyen \u00e2ge\u2026 <!-- HTML CODE ENDS HERE --><\/p>\n<p align=\"center\"> <a href=\"http:\/\/www.jpflahaut.fr\/index.php\" title=\"Direct link to file\"><\/a><\/p>\n<p style=\"text-align: center\"><a href=\"http:\/\/www.jpflahaut.fr\/index.php\" title=\"Direct link to file\"><img loading=\"lazy\" src=\"http:\/\/www.lamarotte.fr\/wp-content\/uploads\/2009\/03\/logo_annu.jpg\" alt=\"logo_annu.jpg\" height=\"40\" width=\"120\" \/><\/a><\/p>\n<p><a href=\"http:\/\/www.baleinorama.com\"><\/a><\/p>\n<p align=\"left\">&nbsp;<\/p>\n<p style=\"text-align: center\"><a href=\"http:\/\/www.an1000.org\/\" title=\"Annuaire m\u00e9di\u00e9val\"> <\/a><\/p>\n<p align=\"center\"><a href=\"http:\/\/scop.hainaut.free.fr\/sahcad.html\" title=\"Direct link to file\"><img loading=\"lazy\" src=\"http:\/\/www.lamarotte.fr\/wp-content\/uploads\/2009\/09\/logo-trans-sahcad1.gif\" alt=\"logo-trans-sahcad1.gif\" height=\"128\" width=\"134\" \/><\/a><\/p>\n<p align=\"center\">\u00a0Association des Sonneurs de l&#8217;Avesnois et du Hainaut-Cambr\u00e9sis d&#8217;Anches doubles.<\/p>\n<p align=\"center\">&nbsp;<\/p>\n<p align=\"center\"><em><strong>Annuaires de r\u00e9f\u00e9rencements<\/strong><\/em><\/p>\n<p><a href=\"http:\/\/www.kimiweb.net\/37865-in.html\" target=\"_blank\"><\/a><\/p>\n<p align=\"left\">&nbsp;<\/p>\n<p><a href=\"http:\/\/www.annuwair.com\" rel=\"external\"><\/a> <!-- fin Lien texte Annuwair.com --><\/p>\n<table border=\"0\" cellpadding=\"0\" cellspacing=\"0\" width=\"80\">\n<tr>\n<td align=\"center\"><a href=\"http:\/\/www.lesou9.com\" target=\"_blank\" title=\"LeSou9.Com - Annuaire General Gratuit - Referencement Gratos\"><img loading=\"lazy\" src=\"http:\/\/www.lesou9.com\/images\/bouton.gif\" alt=\"LeSou9.Com - Annuaire General Gratuit - Referencement Gratos\" height=\"15\" border=\"0\" width=\"80\" \/><\/a><\/td>\n<\/tr>\n<tr>\n<td align=\"center\"><a href=\"http:\/\/www.lesou9.com\/Arts.du.spectacle.-0-0-0-6351.html\" target=\"_blank\" alt=\"Arts du spectacle \"><font color=\"#000000\">Arts du spectacle <\/font><\/a><\/td>\n<\/tr>\n<\/table>\n<p><a href=\"http:\/\/annuaire.cedrenchante.fr\" title=\"Annuaire pour le R\u00e9f\u00e9rencement Google\">L&#8217;Annuaire de R\u00e9f\u00e9rencement<\/a> <a href=\"http:\/\/www.kimiweb.net\"><img src=\"http:\/\/www.kimiweb.net\/logos\/kimiweb10.gif\" alt=\"Annuaire kimiweb.net\" border=\"0\" \/><\/a> <a href=\"http:\/\/www.linkeewee.com\/19-art-du-spectacle.html\" title=\"Art du spectacle dans Linkeewee\">Art du spectacle dans Linkeewee<\/a> <a href=\"http:\/\/www.annuaire-webrank.com\/\" target=\"_blank\">annuaire-webrank.com<\/a> <a href=\"http:\/\/www.annubel.com\">Annuaire  Belge<\/a> <a href=\"http:\/\/annuaire.arfooo.com\/\">Annuaire gratuit<\/a> <a href=\"http:\/\/www.annuaire-referencement-gratuit.com\">Annuaire Referencement<\/a>  <a href=\"http:\/\/annuaire.poemes-amour.net\/\" title=\"Annuaire des sites artistiques, par Marc Dupuy\">Annuaire des Arts<\/a>  <a href=\"http:\/\/www.le-show-biz.org\">Annuaire Le Show Biz<\/a><\/p>\n<p align=\"left\"><a href=\"http:\/\/www.tagbox.fr\/\" target=\"_blank\">Annuaire de tag<\/a><\/p>\n<p><a href=\"http:\/\/www.webrankinfo.com\/\">R\u00e9f\u00e9rencement Google<\/a><\/p>\n<p align=\"center\"><a href=\"http:\/\/www.looking.fr\/\"><img loading=\"lazy\" src=\"http:\/\/www.action-pc.net\/logo-1.jpg\" height=\"15\" align=\"left\" border=\"0\" width=\"20\" \/><\/a><a href=\"http:\/\/www.action-pc.net\/guide\/musique-medievale,114.htm\"><img src=\"http:\/\/www.action-pc.net\/logo-2.jpg\" alt=\"Guide Musique medievale\" align=\"left\" border=\"0\" \/><\/a><\/p>\n<p><a href=\"http:\/\/www.toutpourlesassociations.com\/\"><\/a><\/p>\n<p style=\"text-align: center\"><a href=\"http:\/\/www.toutpourlesassociations.com\/\"> <\/a><\/p>\n<p align=\"center\"><a href=\"http:\/\/www.spectacle-animation-magie-medievale.com\/\" title=\"Direct link to file\"> <\/a><\/p>\n<p align=\"center\">&nbsp;<\/p>\n<p align=\"left\"><a href=\"http:\/\/www.looking.fr\/\">Annuaire Looking.fr<\/a><\/p>\n<p align=\"center\"><a href=\"http:\/\/www.lionsdeguerre.com\" target=\"blank\"> <\/a><\/p>\n<p><center> <\/center><center><\/p>\n<p align=\"left\"><a href=\"http:\/\/www.megacherche.com\/annuaire\/Recherche-Web\/\">Annuaire Megacherche Recherche-Web<\/a><\/p>\n<p><\/center><center><a href=\"http:\/\/www.francecity.com\/annuaire-gratuit\/19541-in.html\" target=\"_blank\"><img src=\"http:\/\/www.francecity.com\/annuaire-gratuit\/images\/logoblog.png\" alt=\"annuaire francophone\" align=\"left\" \/><\/a> <\/center><\/p>\n<p align=\"center\"><a href=\"http:\/\/www.univers-musique.com\/Spectacles\/123.html\">Spectacles sur Univers de la musique<\/a><\/p>\n<p align=\"left\"><a href=\"http:\/\/www.refrapide.com\" title=\"referencement\">referencement<\/a><\/p>\n<p style=\"text-align: center\"><a href=\"http:\/\/www.legrosweb.com.\" id=\"file-link-244\" title=\"tn.jpe\"><img loading=\"lazy\" src=\"http:\/\/www.lamarotte.fr\/wp-content\/uploads\/2007\/10\/tn.jpe\" title=\"tn.jpe\" alt=\"tn.jpe\" height=\"49\" align=\"left\" width=\"125\" \/><\/a><\/p>\n<p align=\"left\">&nbsp;<\/p>\n<p><a href=\"http:\/\/www.big-annuaire.com\/Medieval.php\" title=\"Direct link to file\"><img loading=\"lazy\" src=\"http:\/\/www.lamarotte.fr\/wp-content\/uploads\/2007\/10\/logo_mini.gif\" alt=\"logo_mini.gif\" height=\"55\" align=\"left\" width=\"130\" \/><\/a><a href=\"http:\/\/www.big-annuaire.com\/Medieval.php\" title=\"Direct link to file\">                <\/a><\/p>\n<p align=\"center\"><a href=\"http:\/\/www.referencement-team.com\"><font face=\"Arial\"><img loading=\"lazy\" src=\"http:\/\/www.referencement-team.com\/images\/logo-referencement-team.gif\" alt=\"Referencement gratuit dans annuaire special arts et cultures\" height=\"33\" align=\"left\" border=\"0\" width=\"88\" \/><\/font><\/a><\/p>\n<p style=\"position: absolute; top: 0px\"><a href=\"http:\/\/www.referencement-site-internet-eva.com\" title=\"referenceur_professionnel-referencement_google\" style=\"cursor: default\" name=\"referenceur_professionnel-referencement_google\"><img src=\"http:\/\/www.referencement-site-internet-eva.com\/liens\/logo-acc.gif\" alt=\"R\u00e9f\u00e9renceur professionnel, referencement google...\" name=\"referenceur_professionnel-referencement_google\" border=\"0\" \/><\/a><\/p>\n<p><a href=\"http:\/\/www.123-gratuit.com\"><\/a><\/p>\n<p style=\"text-align: center\"><a href=\"http:\/\/www.123-gratuit.com\"><img loading=\"lazy\" src=\"http:\/\/www.123-gratuit.com\/images\/123gratuit88x31.gif\" alt=\"Site r\u00e9f\u00e9rence 123-gratuit.com\" height=\"31\" align=\"left\" border=\"0\" width=\"88\" \/><\/a><\/p>\n<p style=\"text-align: center\"><a href=\"http:\/\/www.abc-du-gratuit.com\/php\/top\/in.php?id=073267\" target=\"_blank\"><img loading=\"lazy\" src=\"http:\/\/www.abc-du-gratuit.com\/bannieres\/088x031\/index.php\" class=\"umfnkdoiclczcmgtkcsr jdtvbdjidsvypuynfyxj xtnopuvzphbpijwazmki vbygatgyplveuzsarljj\" alt=\"Visiter Le site ABC-DU-GRATUIT.com...\" height=\"31\" align=\"left\" border=\"0\" width=\"88\" \/><\/a><\/p>\n<p><!-- Le top--><a href=\"http:\/\/www.annuairedugratuit.com\" target=\"_blank\"><\/a><\/p>\n<p style=\"text-align: center\"><a href=\"http:\/\/www.annuairedugratuit.com\" target=\"_blank\"><img src=\"http:\/\/www.annuairedugratuit.com\/bannieres\/bouton.gif\" class=\"vbygatgyplveuzsarljj\" alt=\"AnnuaireduGratuit.com\" align=\"left\" border=\"0\" \/><\/a><\/p>\n<p><a href=\"http:\/\/www.fouineur.net\/\"><\/a><\/p>\n<p style=\"text-align: center\"><a href=\"http:\/\/www.fouineur.net\/\"><img src=\"http:\/\/www.fouineur.net\/fpubsmall.gif\" align=\"left\" \/><\/a><\/p>\n<p style=\"text-align: center\"><a href=\"http:\/\/www.cnous.ch\" target=\"_blank\"><img loading=\"lazy\" src=\"http:\/\/www.cnous.ch\/logos\/pub\/88x31c.gif\" height=\"31\" align=\"left\" border=\"0\" width=\"88\" \/><\/a><\/p>\n<p style=\"text-align: center\">&nbsp;<\/p>\n<p style=\"text-align: center\"><a href=\"http:\/\/www.net-annuaire.com\"><img src=\"http:\/\/www.net-annuaire.com\/images\/logo.gif\" alt=\"annuaire, musique\" align=\"left\" border=\"0\" \/><\/a><\/p>\n<p style=\"text-align: center\" align=\"left\"><a href=\"http:\/\/www.vitavous.com\" target=\"_blank\" title=\"Referencement gratuit dans Vitavous.com\"><img loading=\"lazy\" src=\"http:\/\/www.vitavous.com\/Images\/bouton_a.gif\" alt=\"R\u00e9f\u00e9rencement gratuit dans Vitavous.com\" height=\"31\" align=\"left\" border=\"0\" width=\"88\" \/><\/a><\/p>\n<p style=\"text-align: center\"><a href=\"http:\/\/www.abeilledunet.com\"><img loading=\"lazy\" src=\"http:\/\/www.abeilledunet.com\/bannieres\/annuaire-abeilledunet-90.gif\" class=\"vbygatgyplveuzsarljj\" alt=\"annuaire abeille du net\" height=\"46\" align=\"left\" border=\"0\" width=\"69\" \/><\/a><\/p>\n<p style=\"text-align: center\"><a href=\"http:\/\/www.annuaire-et-service.com\"><img loading=\"lazy\" src=\"http:\/\/www.annuaire-et-service.com\/annserv88x31.gif\" alt=\"Annuaire et Service\" height=\"31\" align=\"left\" border=\"0\" width=\"88\" \/><\/a><\/p>\n<p style=\"text-align: center\"><a href=\"http:\/\/annuaire-lien-dur.pexiweb.be\" target=\"_blank\"><img loading=\"lazy\" src=\"http:\/\/annuaire-lien-dur.pexiweb.be\/Images\/logo88x31.gif\" alt=\"Annuaire gratuit de liens durs\" height=\"31\" align=\"left\" border=\"0\" width=\"88\" \/><\/a><\/p>\n<p style=\"text-align: center\"><a href=\"http:\/\/www.annuaire-web-france.com\/vote-annuaire-web-france.php?id_site_vote=30506\" target=\"_blank\"><img loading=\"lazy\" src=\"http:\/\/www.annuaire-web-france.com\/images\/logo-annuaire-web-france.gif\" class=\"muzksoxcwtoquvdhhlzc umfnkdoiclczcmgtkcsr jdtvbdjidsvypuynfyxj xtnopuvzphbpijwazmki vbygatgyplveuzsarljj\" alt=\"Annuaire Web France\" height=\"35\" align=\"left\" border=\"0\" width=\"120\" \/><\/a><\/p>\n<p style=\"text-align: center\" align=\"left\"><a href=\"http:\/\/annuaire.auxiliaire.free.fr\/\"> <\/a><\/p>\n<p style=\"text-align: center\"><a href=\"http:\/\/www.click-annuaire.net\"><img src=\"http:\/\/www.click-annuaire.net\/images\/banniere\/ban_88x31.gif\" alt=\"click annuaire, annuaire gratuit g\u00e9n\u00e9raliste de liens en dur\" align=\"left\" border=\"0\" \/><\/a><\/p>\n<p style=\"text-align: center\" align=\"left\"><a href=\"http:\/\/annuaire.auxiliaire.free.fr\/\"><img src=\"http:\/\/annuaire.auxiliaire.free.fr\/images\/logox15.gif\" alt=\"Annuaire Auxiliaire\" title=\"Annuaire Auxiliaire\" align=\"left\" border=\"0\" \/><\/a><\/p>\n<p style=\"text-align: center\"><a href=\"http:\/\/www.clikango.com\" title=\"Trouvez tout gr\u00e2ce \u00e0 notre annuaire de sites web\" target=\"_blank\"><img src=\"http:\/\/www.clikango.com\/fichiers\/logos\/88x31.gif\" alt=\"Clikango, annuaire de sites web\" align=\"left\" border=\"0\" \/><\/a><\/p>\n<p style=\"text-align: center\"><a href=\"http:\/\/corrigesduweb.com\/manu\/\" target=\"_blank\" title=\"Annuaire liens durs\"><img loading=\"lazy\" src=\"http:\/\/corrigesduweb.com\/pictures\/fixemanu.gif\" alt=\"Manu, l'annuaire liens durs des Corrig\u00e9s du Web\" height=\"31\" align=\"left\" border=\"0\" width=\"88\" \/><\/a><\/p>\n<p style=\"text-align: center\"><a href=\"http:\/\/www.baleinorama.com\"><img loading=\"lazy\" src=\"http:\/\/www.baleinorama.com\/bannieres\/annuaire-baleinorama-88.gif\" class=\"vbygatgyplveuzsarljj\" alt=\"annuaire gratuit\" height=\"31\" align=\"left\" border=\"0\" width=\"88\" \/><\/a><\/p>\n<p align=\"center\">&nbsp;<\/p>\n<p align=\"center\"><a href=\"http:\/\/referencement-gratuit.songeur.com\" target=\"_blank\"><img loading=\"lazy\" src=\"http:\/\/referencement-gratuit.songeur.com\/referencement-gratuit.gif\" alt=\"R\u00e9f\u00e9rencement gratuit\" height=\"32\" align=\"left\" border=\"0\" width=\"76\" \/><\/a><\/p>\n<p style=\"text-align: center\"><a href=\"http:\/\/www.toutpourlesassociations.com\/\"><img loading=\"lazy\" src=\"http:\/\/www.toutpourlesassociations.com\/tpla.jpg\" height=\"37\" align=\"left\" border=\"1\" width=\"200\" \/><\/a><\/p>\n<p align=\"center\">&nbsp;<\/p>\n<p align=\"center\">&nbsp;<\/p>\n<p align=\"center\"><a href=\"http:\/\/annuaire.level141.com\/\" title=\"Annuaire gratuit\"><img loading=\"lazy\" src=\"http:\/\/annuaire.level141.com\/pix\/logo.png\" alt=\"Annuaire gratuit\" height=\"57\" align=\"left\" width=\"243\" \/><\/a><\/p>\n<p align=\"center\">&nbsp;<\/p>\n<p align=\"left\">&nbsp;<\/p>\n<p align=\"center\"><a href=\"http:\/\/www.123ici.com\/annu2.asp?numannu=885&amp;numrub=1&amp;page=1&amp;mod=\"><img loading=\"lazy\" src=\"http:\/\/www.lamarotte.fr\/wp-content\/uploads\/2007\/10\/mksbanphp.png\" alt=\"mksbanphp.png\" height=\"35\" align=\"left\" width=\"207\" \/><\/a><\/p>\n<p><a href=\"http:\/\/annuaire-musique.narayana.fr\/\"> <img src=\"http:\/\/annuaire-musique.narayana.fr\/img\/logo.jpg\" alt=\"L'annuaire musique de Narayana\" \/><\/a><\/p>\n<p align=\"center\"> <a href=\"http:\/\/www.mirti.com\/\" title=\"R\u00e9f\u00e9rencement de site\" target=\"_blank\"><img src=\"http:\/\/webtoweb.fr\/bannieres\/logo2.gif\" alt=\"Annuaire gratuit Webtoweb, referencement sur Internet\" align=\"left\" border=\"0\" \/><\/a><\/p>\n<p align=\"left\">&nbsp;<\/p>\n<p align=\"center\">\u00a0<a href=\"http:\/\/www.compare-le-net.com\/index.php?comparer=annuaire\/categorie&amp;categorie=267\" target=\"_blank\"><\/a><a href=\"http:\/\/www.compare-le-net.com\/index.php?comparer=annuaire\/categorie&amp;categorie=267\" target=\"_blank\"> <\/a><\/p>\n<p align=\"center\">&nbsp;<\/p>\n<p align=\"left\">\u00a0<a href=\"http:\/\/www.legratos.com\/\" title=\"Annuaire, concours et petites annonces gratuites \" target=\"_blank\">Portail du gratuit<\/a><\/p>\n<p align=\"left\"><a href=\"http:\/\/www.annuaire.chiffonnette.ch\" target=\"_blank\">R\u00e9f\u00e9renc\u00e9 sur Annuaire Chiffonnette<\/a><\/p>\n<p style=\"text-align: center\"><a href=\"http:\/\/www.cnous.ch\" target=\"_blank\"> <\/a><\/p>\n<p><a href=\"http:\/\/www.myfreesurf.com\/in.php?ID=30316\" target=\"_blank\">myFreeSurf<\/a><a href=\"http:\/\/www.vitavous.com\" target=\"_blank\" title=\"Referencement gratuit dans Vitavous.com\"><\/a><\/p>\n<p style=\"text-align: center\"><a href=\"http:\/\/www.vitavous.com\" target=\"_blank\" title=\"Referencement gratuit dans Vitavous.com\"> <\/a><\/p>\n<p align=\"left\"><a href=\"http:\/\/www.01ref.com\" target=\"_blank\">Referencement Gratuit<\/a><\/p>\n<p align=\"left\"><a href=\"http:\/\/fr.1-rhinoceros.com\" target=\"_blank\">http:\/\/fr.1-rhinoceros.com<\/a><\/p>\n<p align=\"left\"><a href=\"http:\/\/www.abbill.net\" target=\"_blank\">moteur @BBill.net<\/a><\/p>\n<p style=\"border: 2px dotted #ff0000; padding: 2px; font-family: Arial,Helvetica,sans-serif; font-size: 11px; font-weight: bold; width: 88px\" valign=\"top\" align=\"center\"><a href=\"http:\/\/abc-annuaire.myblox.fr\" style=\"color: #ff0000; text-decoration: none\">ABC ANNUAIRE <\/a><\/p>\n<p><a href=\"http:\/\/www.abeilledunet.com\"><\/a><\/p>\n<p style=\"text-align: center\"><a href=\"http:\/\/www.abeilledunet.com\"> <\/a><\/p>\n<p align=\"left\"><a href=\"http:\/\/annilly.myblox.fr\" target=\"_blank\">Annilly<\/a><\/p>\n<p align=\"left\"><a href=\"http:\/\/www.annuaire-clementine.com\" title=\"Cl\u00e9mentine\" target=\"_blank\"> Annuaire <\/a><\/p>\n<p align=\"left\"> <a href=\"http:\/\/annuairedequalite.com\">Annuaire de qualit\u00e9<\/a><\/p>\n<p align=\"left\"><a href=\"http:\/\/www.annuaire-du-web.net\" target=\"_blank\">Annuaire du Web<\/a><\/p>\n<p><!-- Debut script -->  <a href=\"http:\/\/www.annuaire-et-service.com\"><\/a><\/p>\n<p style=\"text-align: center\"><a href=\"http:\/\/www.annuaire-et-service.com\"> <\/a><\/p>\n<p style=\"text-align: center\"><a href=\"http:\/\/annuaire-lien-dur.pexiweb.be\" target=\"_blank\"> <\/a>  <a href=\"http:\/\/www.annuaire-web-france.com\/vote-annuaire-web-france.php?id_site_vote=30506\" target=\"_blank\"><\/a><\/p>\n<p style=\"text-align: center\"><a href=\"http:\/\/annuaire.auxiliaire.free.fr\/\"> <\/a><\/p>\n<p align=\"left\"><a href=\"http:\/\/www.annuairevirtuel.com\" title=\"ASnnuaire Virtuel\" target=\"_blank\">Annuaire Virtuel<\/a><\/p>\n<p><a href=\"http:\/\/www.action-pc.net\/\"><\/a><\/p>\n<p style=\"text-align: center\"><a href=\"http:\/\/www.action-pc.net\/\"><img src=\"http:\/\/www.aquadesign.be\/im1.gif\" alt=\"Blog des Marques\" align=\"left\" border=\"0\" \/><\/a><\/p>\n<p><a href=\"http:\/\/www.aquadesign.be\/cat107.htm\"><\/a><\/p>\n<p style=\"text-align: center\"><a href=\"http:\/\/www.aquadesign.be\/cat107.htm\"><img src=\"http:\/\/www.aquadesign.be\/im2.gif\" alt=\"Rubriques Histoire m\u00e9di\u00e9vale\" align=\"left\" border=\"0\" \/><\/a><\/p>\n<p align=\"left\">&nbsp;<\/p>\n<p align=\"left\"><a href=\"http:\/\/www.best-web.fr\" title=\"Annuaire g\u00e9n\u00e9raliste Best Web\" target=\"_blank\">Annuaire g\u00e9n\u00e9raliste<\/a><\/p>\n<p align=\"left\"><a href=\"http:\/\/www.big-referencement.com\" rel=\"nofollow\" target=\"_blank\" title=\"Big Referencement\">Big Referencement<\/a><\/p>\n<p><font face=\"arial\" size=\"1\"><strong> <\/strong><\/font><\/p>\n<p align=\"left\"><font face=\"arial\" size=\"1\"><a href=\"http:\/\/www.catalogue-web.com\/\"><font size=\"4\">http:\/\/www.catalogue-web.com<\/font><\/a><\/font><\/p>\n<p align=\"left\"><a href=\"http:\/\/www.cherchons.be\" target=\"_blank\">Annuaire Belgique<\/a><\/p>\n<p align=\"left\"><a href=\"http:\/\/scop.hainaut.free.fr\/sahcad\" title=\"logo-trans-sahcad1.gif\">Powered By Ringsurf<\/a><\/p>\n<p><a href=\"http:\/\/scop.hainaut.free.fr\/sahcad\"><strong>Moteur 2 Recherche<\/strong><\/a><\/p>\n<p style=\"text-align: center\"><a href=\"http:\/\/corrigesduweb.com\/manu\/\" target=\"_blank\" title=\"Annuaire liens durs\"> <\/a><\/p>\n<p style=\"text-align: center\"><a href=\"http:\/\/www.baleinorama.com\"> <\/a><\/p>\n<p><a href=\"http:\/\/www.annubel.com\">Annuaire  Belge<\/a><\/p>\n","protected":false},"excerpt":{"rendered":"<p>D\u00e9couvrez les Animations de La Marotte &nbsp; &nbsp; Annuaires M\u00e9di\u00e9vales \u00a0 \u00a0 Annuaire des reconstitutions historiques webieval \u00a0Histoires m\u00e9di\u00e9vales insolites Crapaudine vous raconte des \u00e9v\u00e8nements curieux ou peu connus du moyen \u00e2ge. Calendrier des f\u00eates m\u00e9di\u00e9vales. Gastronomie et annuaire du moyen \u00e2ge\u2026 &nbsp; \u00a0Association des Sonneurs de l&#8217;Avesnois et du Hainaut-Cambr\u00e9sis d&#8217;Anches doubles. &nbsp; Annuaires [&hellip;]<\/p>\n","protected":false},"author":2,"featured_media":0,"parent":0,"menu_order":33,"comment_status":"open","ping_status":"open","template":"","meta":[],"_links":{"self":[{"href":"https:\/\/www.lamarotte.fr\/index.php?rest_route=\/wp\/v2\/pages\/510"}],"collection":[{"href":"https:\/\/www.lamarotte.fr\/index.php?rest_route=\/wp\/v2\/pages"}],"about":[{"href":"https:\/\/www.lamarotte.fr\/index.php?rest_route=\/wp\/v2\/types\/page"}],"author":[{"embeddable":true,"href":"https:\/\/www.lamarotte.fr\/index.php?rest_route=\/wp\/v2\/users\/2"}],"replies":[{"embeddable":true,"href":"https:\/\/www.lamarotte.fr\/index.php?rest_route=%2Fwp%2Fv2%2Fcomments&post=510"}],"version-history":[{"count":0,"href":"https:\/\/www.lamarotte.fr\/index.php?rest_route=\/wp\/v2\/pages\/510\/revisions"}],"wp:attachment":[{"href":"https:\/\/www.lamarotte.fr\/index.php?rest_route=%2Fwp%2Fv2%2Fmedia&parent=510"}],"curies":[{"name":"wp","href":"https:\/\/api.w.org\/{rel}","templated":true}]}}