{"id":506,"date":"2009-05-05T17:50:58","date_gmt":"2009-05-05T15:50:58","guid":{"rendered":"http:\/\/www.lamarotte.fr\/?page_id=506"},"modified":"2012-11-28T19:59:08","modified_gmt":"2012-11-28T17:59:08","slug":"les-villes-et-fetes-medievales","status":"publish","type":"page","link":"https:\/\/www.lamarotte.fr\/?page_id=506","title":{"rendered":"Les villes et f\u00eates m\u00e9di\u00e9vales."},"content":{"rendered":"<p align=\"center\"><a href=\"http:\/\/www.lamarotte.fr\/?page_id=501\" id=\"file-link-259\" title=\"fold.jpg\"> \t\t\t<img loading=\"lazy\" src=\"http:\/\/www.lamarotte.fr\/wp-content\/uploads\/2007\/10\/fold.jpg\" title=\"fold.jpg\" alt=\"fold.jpg\" height=\"168\" width=\"114\" \/><\/a><a href=\"http:\/\/www.lamarotte.fr\/?page_id=510\" id=\"file-link-258\" title=\"sans-titred-1.jpg\"><img loading=\"lazy\" src=\"http:\/\/www.lamarotte.fr\/wp-content\/uploads\/2007\/10\/sans-titred-1.jpg\" title=\"sans-titred-1.jpg\" alt=\"sans-titred-1.jpg\" height=\"168\" width=\"115\" \/><\/a><\/p>\n<p align=\"center\">\u00a0<a href=\"http:\/\/www.levieilhesdin.org\/photos.php\" id=\"file-link-683\" title=\"hesdin.png\"><img loading=\"lazy\" src=\"http:\/\/www.lamarotte.fr\/wp-content\/uploads\/2012\/11\/hesdin.png\" title=\"hesdin.png\" alt=\"hesdin.png\" height=\"73\" width=\"376\" \/><\/a><\/p>\n<p align=\"center\">\u00a0<a href=\"http:\/\/www.ville-comines.fr\/\"><img loading=\"lazy\" src=\"http:\/\/www.lamarotte.fr\/wp-content\/uploads\/2009\/05\/fetedeslouches.gif\" alt=\"fetedeslouches.gif\" height=\"105\" width=\"364\" \/><\/a><\/p>\n<p align=\"center\">&nbsp;<\/p>\n<p align=\"center\"><a href=\"http:\/\/www.nogentlerotrou-tourisme.fr\/\" title=\"logo-percheval-vert120.gif\"><img src=\"http:\/\/www.lamarotte.fr\/wp-content\/uploads\/2009\/05\/logo-percheval-vert120.gif\" alt=\"logo-percheval-vert120.gif\" \/><\/a><\/p>\n<p align=\"center\">Nogent le rotrou capitale du Perche.<\/p>\n<p id=\"upload-file-view\" class=\"alignleft\" align=\"center\"><a href=\"http:\/\/www.chateau-saintmesmin.com\/?PHPSESSID=8p7t2ds21o6p731lvdlj5ahci0\" title=\"Direct link to file\"><img loading=\"lazy\" src=\"http:\/\/www.lamarotte.fr\/wp-content\/uploads\/2012\/11\/logo.jpg\" alt=\"logo.jpg\" height=\"77\" width=\"171\" \/><\/a><\/p>\n<p align=\"center\">\u00a0<a href=\"http:\/\/www.souvigny.com\/\" title=\"Direct link to file\"><img loading=\"lazy\" src=\"http:\/\/www.lamarotte.fr\/wp-content\/uploads\/2009\/05\/souvigny.jpg\" alt=\"souvigny.jpg\" height=\"68\" width=\"439\" \/><\/a><\/p>\n<p align=\"center\">\u00a0<a href=\"http:\/\/www.tourisme-cambrai.fr\/\" title=\"Direct link to file\"><img loading=\"lazy\" src=\"http:\/\/www.lamarotte.fr\/wp-content\/uploads\/2009\/05\/cambrai.jpg\" alt=\"cambrai.jpg\" height=\"91\" width=\"262\" \/><\/a><\/p>\n<p align=\"center\">\u00a0<a href=\"http:\/\/www.manoirdeclairefontaine.com\/web\/\" title=\"Direct link to file\"><img loading=\"lazy\" src=\"http:\/\/www.lamarotte.fr\/wp-content\/uploads\/2009\/09\/clairefonatine.jpg\" alt=\"clairefonatine.jpg\" height=\"161\" width=\"222\" \/><\/a><\/p>\n<p align=\"center\">Manoir de Clairefontaine.<\/p>\n","protected":false},"excerpt":{"rendered":"<p>\u00a0 \u00a0 &nbsp; Nogent le rotrou capitale du Perche. \u00a0 \u00a0 \u00a0 Manoir de Clairefontaine.<\/p>\n","protected":false},"author":2,"featured_media":0,"parent":0,"menu_order":32,"comment_status":"open","ping_status":"open","template":"","meta":[],"_links":{"self":[{"href":"https:\/\/www.lamarotte.fr\/index.php?rest_route=\/wp\/v2\/pages\/506"}],"collection":[{"href":"https:\/\/www.lamarotte.fr\/index.php?rest_route=\/wp\/v2\/pages"}],"about":[{"href":"https:\/\/www.lamarotte.fr\/index.php?rest_route=\/wp\/v2\/types\/page"}],"author":[{"embeddable":true,"href":"https:\/\/www.lamarotte.fr\/index.php?rest_route=\/wp\/v2\/users\/2"}],"replies":[{"embeddable":true,"href":"https:\/\/www.lamarotte.fr\/index.php?rest_route=%2Fwp%2Fv2%2Fcomments&post=506"}],"version-history":[{"count":0,"href":"https:\/\/www.lamarotte.fr\/index.php?rest_route=\/wp\/v2\/pages\/506\/revisions"}],"wp:attachment":[{"href":"https:\/\/www.lamarotte.fr\/index.php?rest_route=%2Fwp%2Fv2%2Fmedia&parent=506"}],"curies":[{"name":"wp","href":"https:\/\/api.w.org\/{rel}","templated":true}]}}