{"id":501,"date":"2009-05-05T17:47:14","date_gmt":"2009-05-05T15:47:14","guid":{"rendered":"http:\/\/www.lamarotte.fr\/?page_id=501"},"modified":"2014-07-09T18:47:30","modified_gmt":"2014-07-09T16:47:30","slug":"les-compagnies-et-animations-medievales","status":"publish","type":"page","link":"https:\/\/www.lamarotte.fr\/?page_id=501","title":{"rendered":"Compagnies et animations m\u00e9di\u00e9vales."},"content":{"rendered":"<p align=\"center\"><a href=\"http:\/\/www.lamarotte.fr\/wp-admin\/upload.php?style=inline&amp;tab=browse-all&amp;post_id=501&amp;_wpnonce=c74393b86e&amp;ID=259&amp;action=view&amp;paged=17\" id=\"file-link-259\" title=\"fold.jpg\" class=\"file-link image\"> \t\t\t<\/a><a href=\"http:\/\/www.lamarotte.fr\/?page_id=498\" id=\"file-link-259\" title=\"fold.jpg\"> \t\t\t<img loading=\"lazy\" src=\"http:\/\/www.lamarotte.fr\/wp-content\/uploads\/2007\/10\/fold.jpg\" title=\"fold.jpg\" alt=\"fold.jpg\" height=\"166\" width=\"114\" \/><\/a> <a href=\"http:\/\/www.lamarotte.fr\/?page_id=506\" id=\"file-link-258\" title=\"sans-titred-1.jpg\"><img loading=\"lazy\" src=\"http:\/\/www.lamarotte.fr\/wp-content\/uploads\/2007\/10\/sans-titred-1.jpg\" title=\"sans-titred-1.jpg\" alt=\"sans-titred-1.jpg\" height=\"165\" width=\"113\" \/><\/a><\/p>\n<p id=\"upload-file-view\" class=\"alignleft\" align=\"center\"><a href=\"http:\/\/www.lucarbogast.fr\/\" title=\"Direct link to file\"><img loading=\"lazy\" src=\"http:\/\/www.lamarotte.fr\/wp-content\/uploads\/2013\/02\/lucarbogast.png\" alt=\"lucarbogast.png\" height=\"128\" width=\"110\" \/><\/a><\/p>\n<p id=\"upload-file-view\" class=\"alignleft\" align=\"center\">Luc Arbogast<\/p>\n<p align=\"center\">&nbsp;<\/p>\n<p align=\"center\">\u00a0<a href=\"http:\/\/www.lamarotte.fr\" title=\"Direct link to file\"><img loading=\"lazy\" src=\"http:\/\/www.lamarotte.fr\/wp-content\/uploads\/2009\/05\/lamarotte.jpg\" alt=\"lamarotte.jpg\" height=\"92\" width=\"412\" \/><\/a><\/p>\n<p align=\"center\">\u00a0<a href=\"http:\/\/www.terredeflandre.fr\/\" title=\"Direct link to file\"><img loading=\"lazy\" src=\"http:\/\/www.lamarotte.fr\/wp-content\/uploads\/2009\/05\/terre-de-flandre.jpe\" alt=\"terre-de-flandre.jpe\" height=\"128\" width=\"325\" \/><\/a><\/p>\n<p id=\"upload-file-view\" class=\"alignleft\" align=\"center\"><a href=\"http:\/\/www.terra-crom.org\/\" title=\"Direct link to file\"><img loading=\"lazy\" src=\"http:\/\/www.lamarotte.fr\/wp-content\/uploads\/2014\/07\/terra-crom.jpg\" alt=\"terra-crom.jpg\" height=\"81\" width=\"512\" \/><\/a><\/p>\n<p id=\"upload-file-view\" class=\"alignleft\" align=\"center\"><a href=\"http:\/\/www.sorga.fr\"><img loading=\"lazy\" src=\"http:\/\/www.sorga.fr\/Photos\/Fetes%20johanniques%202011\/zoom\/sorga_defile_des_fetes_johaniques.jpg\" class=\"decoded\" alt=\"http:\/\/www.sorga.fr\/Photos\/Fetes%20johanniques%202011\/zoom\/sorga_defile_des_fetes_johaniques.jpg\" height=\"181\" width=\"242\" \/><\/a><\/p>\n<p id=\"upload-file-view\" class=\"alignleft\" align=\"center\">SORGA<\/p>\n<p id=\"upload-file-view\" class=\"alignleft\" align=\"center\">&nbsp;<\/p>\n<p id=\"upload-file-view\" class=\"alignleft\"><a href=\"http:\/\/www.lamarotte.fr\/wp-content\/uploads\/2012\/09\/ciecoppeliustitresite2.jpg\" onclick=\"return false;\" title=\"Direct link to file\"><\/a><\/p>\n<p style=\"text-align: center\"><img loading=\"lazy\" src=\"http:\/\/www.lamarotte.fr\/wp-content\/uploads\/2012\/09\/ciecoppeliustitresite2.jpg\" alt=\"ciecoppeliustitresite2.jpg\" height=\"29\" width=\"171\" \/><\/p>\n<p id=\"upload-file-view\" class=\"alignleft\" align=\"center\"><a href=\"http:\/\/www.chateau-saintmesmin.com\/?PHPSESSID=8p7t2ds21o6p731lvdlj5ahci0\" title=\"Direct link to file\"><img loading=\"lazy\" src=\"http:\/\/www.lamarotte.fr\/wp-content\/uploads\/2012\/11\/logo.jpg\" alt=\"logo.jpg\" height=\"104\" width=\"232\" \/><\/a><\/p>\n<p style=\"text-align: center\">La f\u00eate M\u00e9di\u00e9vale toute l&#8217;ann\u00e9e!<\/p>\n<p align=\"center\">&nbsp;<\/p>\n<p align=\"center\">\u00a0<a href=\"http:\/\/www.epeedulac.be\/index.php?option=com_content&amp;view=frontpage&amp;Itemid=1\" title=\"Direct link to file\"><img loading=\"lazy\" src=\"http:\/\/www.lamarotte.fr\/wp-content\/uploads\/2011\/06\/lepee-du-lac.jpg\" alt=\"lepee-du-lac.jpg\" height=\"193\" width=\"255\" \/><\/a><\/p>\n<p align=\"center\">Les Compagnons de L&#8217;\u00e9p\u00e9e du Lac<\/p>\n<p align=\"center\">&nbsp;<\/p>\n<p id=\"upload-file-view\" class=\"alignleft\" align=\"center\"><a href=\"http:\/\/www.kallungen.fr\/\" title=\"Direct link to file\"><img loading=\"lazy\" src=\"http:\/\/www.lamarotte.fr\/wp-content\/uploads\/2012\/11\/ecukallungen.jpeg\" alt=\"ecukallungen.jpeg\" height=\"128\" width=\"118\" \/><\/a><\/p>\n<p id=\"upload-file-view\" class=\"alignleft\" align=\"center\">Mesnie de Kallungen<\/p>\n<p align=\"center\">\u00a0<a href=\"http:\/\/www.arbaletriers-flamands.org\/\" title=\"Direct link to file\"><img loading=\"lazy\" src=\"http:\/\/www.lamarotte.fr\/wp-content\/uploads\/2010\/07\/banniere.jpg\" alt=\"banniere.jpg\" height=\"97\" width=\"377\" \/><\/a><\/p>\n<p align=\"center\">\u00a0<a href=\"http:\/\/fr-fr.facebook.com\/people\/Gueux-La-Gueusaille\/100000306328472\" title=\"Direct link to file\"><img loading=\"lazy\" src=\"http:\/\/www.lamarotte.fr\/wp-content\/uploads\/2011\/06\/lagueusaille.jpg\" alt=\"lagueusaille.jpg\" height=\"164\" width=\"196\" \/><\/a><\/p>\n<p align=\"center\">Les Gueux de La Gueusaille!<\/p>\n<p align=\"center\">lagueusaille@orange.fr<\/p>\n<p align=\"center\">\u00a0<a href=\"http:\/\/www.myspace.com\/esmereve\" title=\"Direct link to file\"><img loading=\"lazy\" src=\"http:\/\/www.lamarotte.fr\/wp-content\/uploads\/2009\/09\/esmee.jpg\" alt=\"esmee.jpg\" height=\"229\" width=\"179\" \/><\/a><\/p>\n<p align=\"center\">\u00a0<a href=\"http:\/\/www.aymerillot.com\/\" title=\"Direct link to file\"><img loading=\"lazy\" src=\"http:\/\/www.lamarotte.fr\/wp-content\/uploads\/2011\/06\/image002.jpg\" alt=\"image002.jpg\" height=\"178\" width=\"267\" \/><\/a><\/p>\n<p align=\"center\">\u00a0\u00a0 ENSEMBLE AYMERILLOT<\/p>\n<p align=\"center\">&nbsp;<\/p>\n<p align=\"center\">\u00a0 <a href=\"http:\/\/www.lagestedesdragons.com\/\" title=\"Direct link to file\"><img loading=\"lazy\" src=\"http:\/\/www.lamarotte.fr\/wp-content\/uploads\/2009\/09\/banner.jpg\" alt=\"banner.jpg\" height=\"117\" width=\"424\" \/><\/a><\/p>\n<p align=\"center\"><a href=\"http:\/\/www.tempus-medielys.org\/\" title=\"logotm.jpg\"><img src=\"http:\/\/www.lamarotte.fr\/wp-content\/uploads\/2009\/05\/logotm.jpg\" alt=\"logotm.jpg\" \/><\/a><\/p>\n<p align=\"center\"><a href=\"http:\/\/www.vie-medieval.com\/menu.php\" title=\"baniereloups-de-coucy011.jpg\"><img loading=\"lazy\" src=\"http:\/\/www.lamarotte.fr\/wp-content\/uploads\/2009\/05\/baniereloups-de-coucy011.jpg\" alt=\"baniereloups-de-coucy011.jpg\" height=\"118\" width=\"420\" \/><\/a><\/p>\n<p align=\"center\">\u00a0<a href=\"http:\/\/www.lionsdeguerre.com\/\" title=\"ban-lionsdeguerre.jpg\"><img src=\"http:\/\/www.lamarotte.fr\/wp-content\/uploads\/2009\/05\/ban-lionsdeguerre.jpg\" alt=\"ban-lionsdeguerre.jpg\" \/><\/a><\/p>\n<p align=\"center\"><a href=\"http:\/\/www.spectacle-animation-magie-medievale.com\/\" title=\"fredini.jpg\"><img src=\"http:\/\/www.lamarotte.fr\/wp-content\/uploads\/2009\/05\/fredini.jpg\" alt=\"fredini.jpg\" \/><\/a><\/p>\n<p align=\"center\">\u00a0<a href=\"http:\/\/compagnons.mathilde.free.fr\/\" title=\"Direct link to file\"><img loading=\"lazy\" src=\"http:\/\/www.lamarotte.fr\/wp-content\/uploads\/2009\/05\/bandeau.jpg\" alt=\"bandeau.jpg\" height=\"132\" width=\"351\" \/><\/a><\/p>\n<p align=\"center\">\u00a0<a href=\"http:\/\/fidelisnormannorum.unblog.fr\/activites\/\" title=\"Direct link to file\"><img loading=\"lazy\" src=\"http:\/\/www.lamarotte.fr\/wp-content\/uploads\/2009\/05\/header-bannierenormaultime.jpg\" alt=\"header-bannierenormaultime.jpg\" height=\"119\" width=\"317\" \/><\/a><\/p>\n<p align=\"center\">\u00a0<a href=\"http:\/\/www.compagnie-medievale.com\" title=\"Direct link to file\"><img loading=\"lazy\" src=\"http:\/\/www.lamarotte.fr\/wp-content\/uploads\/2009\/05\/confederationmedievale-jpg.jpg\" alt=\"confederationmedievale-jpg.jpg\" height=\"96\" width=\"336\" \/><\/a><\/p>\n<p align=\"center\">\u00a0<a href=\"http:\/\/www.les-chevaliers-du-comte-de-boulogne.com\/\" title=\"Direct link to file\"><img loading=\"lazy\" src=\"http:\/\/www.lamarotte.fr\/wp-content\/uploads\/2009\/05\/chevalierscomtedeboulogne.jpg\" alt=\"chevalierscomtedeboulogne.jpg\" height=\"89\" width=\"330\" \/><\/a><\/p>\n<p align=\"center\">\u00a0<a href=\"http:\/\/www.laconfreriedelonyxnoir.be.ma\/\" title=\"Direct link to file\"><img loading=\"lazy\" src=\"http:\/\/www.lamarotte.fr\/wp-content\/uploads\/2009\/05\/banner-rmoines-noirs-2.jpg\" alt=\"banner-rmoines-noirs-2.jpg\" height=\"123\" width=\"321\" \/><\/a><\/p>\n<p align=\"center\">\u00a0<a href=\"http:\/\/larressingle.free.fr\/\" id=\"file-link-526\" title=\"bouclier.jpg\"><img loading=\"lazy\" src=\"http:\/\/www.lamarotte.fr\/wp-content\/uploads\/2009\/05\/bouclier.jpg\" title=\"bouclier.jpg\" alt=\"bouclier.jpg\" height=\"189\" width=\"181\" \/><\/a><\/p>\n<p align=\"center\">\u00a0<a href=\"http:\/\/www.enluminees.fr\/activites.html\" title=\"Direct link to file\"><img loading=\"lazy\" src=\"http:\/\/www.lamarotte.fr\/wp-content\/uploads\/2009\/09\/tn.jpg\" alt=\"tn.jpg\" height=\"207\" width=\"157\" \/><\/a><\/p>\n<p align=\"center\">\u00a0<a href=\"http:\/\/www.valdomer.fr\/\" title=\"Direct link to file\"><img loading=\"lazy\" src=\"http:\/\/www.lamarotte.fr\/wp-content\/uploads\/2009\/05\/valdomer.jpg\" alt=\"valdomer.jpg\" height=\"59\" width=\"321\" \/><\/a><\/p>\n<p align=\"center\">\u00a0<a href=\"http:\/\/www.saintjeandedieu.net\/La_Mesnie_Saint-Jean..html\" title=\"Direct link to file\"><img loading=\"lazy\" src=\"http:\/\/www.lamarotte.fr\/wp-content\/uploads\/2009\/05\/et-roi-copie.jpg\" alt=\"et-roi-copie.jpg\" height=\"152\" width=\"337\" \/><\/a><\/p>\n<p align=\"center\">La Mesnie Saint-Jean.<\/p>\n<p align=\"center\">\u00a0<a href=\"http:\/\/www.epeesoleil.be\/index.php\"><img loading=\"lazy\" src=\"http:\/\/www.lamarotte.fr\/wp-content\/uploads\/2009\/06\/logo.jpg\" alt=\"logo.jpg\" height=\"114\" width=\"337\" \/><\/a><\/p>\n<p align=\"center\">&#8220;Par l&#8217;Ep\u00e9e et pour\u00a0la Lumi\u00e8re&#8221;<\/p>\n<p align=\"center\">\u00a0<a href=\"http:\/\/www.lapiedtailhe.fr\/\"><img loading=\"lazy\" src=\"http:\/\/www.lamarotte.fr\/wp-content\/uploads\/2009\/10\/piedtailhe.jpg\" alt=\"piedtailhe.jpg\" height=\"90\" width=\"327\" \/><\/a><\/p>\n<p align=\"center\">\u00a0<a href=\"http:\/\/www.lesfreresdudragon.be\/\" title=\"Direct link to file\"><img loading=\"lazy\" src=\"http:\/\/www.lamarotte.fr\/wp-content\/uploads\/2010\/04\/banniere_fdd.jpg\" alt=\"banniere_fdd.jpg\" height=\"69\" width=\"429\" \/><\/a><\/p>\n<p align=\"center\">\u00a0<a href=\"http:\/\/www.letranchoir.fr\/\" title=\"Direct link to file\"><img loading=\"lazy\" src=\"http:\/\/www.lamarotte.fr\/wp-content\/uploads\/2010\/04\/petite-banniere.jpg\" alt=\"petite-banniere.jpg\" height=\"63\" width=\"399\" \/><\/a><\/p>\n<p align=\"center\">\u00a0<a href=\"http:\/\/compagnie-medievale.skyrock.com\/\" title=\"Direct link to file\"><img loading=\"lazy\" src=\"http:\/\/www.lamarotte.fr\/wp-content\/uploads\/2010\/07\/photo_29778747_small.jpg\" alt=\"photo_29778747_small.jpg\" height=\"130\" width=\"173\" \/><\/a><\/p>\n<p id=\"upload-file-view\" class=\"alignleft\" align=\"center\">La Mesnie de la Blancque Croix<\/p>\n<p style=\"text-align: center\"><a href=\"http:\/\/www.provins-banquet-medieval.com\/\"><img loading=\"lazy\" src=\"http:\/\/www.lamarotte.fr\/wp-content\/uploads\/2014\/02\/banquet-des-troubadours-logo.jpg\" alt=\"banquet-des-troubadours-logo.jpg\" height=\"128\" width=\"153\" \/><\/a><\/p>\n<p align=\"center\"><a href=\"http:\/\/www.lamarotte.fr\/wp-content\/uploads\/2010\/07\/banniere.jpg\" onclick=\"return false;\" title=\"Direct link to file\"> <\/a><\/p>\n<h1 class=\"blogtitle\"><\/h1>\n<p align=\"center\"><a href=\"http:\/\/ www.diner-spectacle-medieval.fr\/\" target=\"_blank\">Banquet des Troubadours <\/a><\/p>\n","protected":false},"excerpt":{"rendered":"<p>Luc Arbogast &nbsp; \u00a0 \u00a0 SORGA &nbsp; La f\u00eate M\u00e9di\u00e9vale toute l&#8217;ann\u00e9e! &nbsp; \u00a0 Les Compagnons de L&#8217;\u00e9p\u00e9e du Lac &nbsp; Mesnie de Kallungen \u00a0 \u00a0 Les Gueux de La Gueusaille! lagueusaille@orange.fr \u00a0 \u00a0 \u00a0\u00a0 ENSEMBLE AYMERILLOT &nbsp; \u00a0 \u00a0 \u00a0 \u00a0 \u00a0 \u00a0 \u00a0 \u00a0 \u00a0 \u00a0 \u00a0 La Mesnie Saint-Jean. \u00a0 &#8220;Par l&#8217;Ep\u00e9e [&hellip;]<\/p>\n","protected":false},"author":2,"featured_media":0,"parent":0,"menu_order":31,"comment_status":"open","ping_status":"open","template":"","meta":[],"_links":{"self":[{"href":"https:\/\/www.lamarotte.fr\/index.php?rest_route=\/wp\/v2\/pages\/501"}],"collection":[{"href":"https:\/\/www.lamarotte.fr\/index.php?rest_route=\/wp\/v2\/pages"}],"about":[{"href":"https:\/\/www.lamarotte.fr\/index.php?rest_route=\/wp\/v2\/types\/page"}],"author":[{"embeddable":true,"href":"https:\/\/www.lamarotte.fr\/index.php?rest_route=\/wp\/v2\/users\/2"}],"replies":[{"embeddable":true,"href":"https:\/\/www.lamarotte.fr\/index.php?rest_route=%2Fwp%2Fv2%2Fcomments&post=501"}],"version-history":[{"count":0,"href":"https:\/\/www.lamarotte.fr\/index.php?rest_route=\/wp\/v2\/pages\/501\/revisions"}],"wp:attachment":[{"href":"https:\/\/www.lamarotte.fr\/index.php?rest_route=%2Fwp%2Fv2%2Fmedia&parent=501"}],"curies":[{"name":"wp","href":"https:\/\/api.w.org\/{rel}","templated":true}]}}