{"id":498,"date":"2009-05-05T17:36:06","date_gmt":"2009-05-05T15:36:06","guid":{"rendered":"http:\/\/www.lamarotte.fr\/?page_id=498"},"modified":"2014-12-09T20:50:31","modified_gmt":"2014-12-09T18:50:31","slug":"les-artisans-medievaux","status":"publish","type":"page","link":"https:\/\/www.lamarotte.fr\/?page_id=498","title":{"rendered":"Artisans M\u00e9di\u00e9vaux"},"content":{"rendered":"<p align=\"center\"><a href=\"http:\/\/www.lamarotte.fr\/?page_id=104\" id=\"file-link-259\" title=\"fold.jpg\"> \t\t\t<img loading=\"lazy\" src=\"http:\/\/www.lamarotte.fr\/wp-content\/uploads\/2007\/10\/fold.jpg\" title=\"fold.jpg\" alt=\"fold.jpg\" height=\"157\" width=\"107\" \/><\/a> <a href=\"http:\/\/www.lamarotte.fr\/?page_id=501\" title=\"sans-titred-1.jpg\"><img loading=\"lazy\" src=\"http:\/\/www.lamarotte.fr\/wp-content\/uploads\/2007\/10\/sans-titred-1.jpg\" alt=\"sans-titred-1.jpg\" height=\"158\" width=\"108\" \/><\/a><\/p>\n<p align=\"center\">Cette page est d\u00e9di\u00e9e \u00e0 l&#8217;artisanat m\u00e9di\u00e9val.Voici une liste des Artisans que nous avons rencontr\u00e9s lors de nos voyages ou lors de festivit\u00e9s. Sans aucun doute ces artistes nous d\u00e9montrent que le savoir faire est\u00a0 encore de mise.\u00a0 Gr\u00e2ce au partage de leur savoir faire et l&#8217;amour qu&#8217;ils ont des belles choses ils nous rappellent que la main de l&#8217;homme doit s&#8217;\u00e9vertuer \u00e0 cr\u00e9er au lieu de d\u00e9truire.<\/p>\n<p align=\"center\">&nbsp;<\/p>\n<p align=\"center\"><a href=\"http:\/\/www.terredeflandre.fr\/\" title=\"Direct link to file\"><img loading=\"lazy\" src=\"http:\/\/www.lamarotte.fr\/wp-content\/uploads\/2009\/10\/potiermedieval.jpg\" alt=\"potiermedieval.jpg\" height=\"140\" width=\"348\" \/><\/a><\/p>\n<p align=\"center\">L&#8217;atelier du c\u00e9l\u00e8bre potier d&#8217;Esquelbecq, il reproduit des c\u00e9ramiques m\u00e9di\u00e9vales et historiques,vous instruit de ses animations et ateliers p\u00e9dagogiques.<\/p>\n<p align=\"center\">\u00a0<a href=\"http:\/\/www.terredeflandre.fr\/boisselier.htm\" title=\"Direct link to file\"><img loading=\"lazy\" src=\"http:\/\/www.lamarotte.fr\/wp-content\/uploads\/2010\/07\/joel-lienard.jpg\" alt=\"joel-lienard.jpg\" height=\"173\" width=\"234\" \/><\/a><\/p>\n<p align=\"center\"><strong>\u00a0 Bois Soleil Boissellerie du Moyen Age<\/strong><\/p>\n<p align=\"center\">A l&#8217;aide de son tour \u00e0 fouet, ce boisselier vous fera d\u00e9couvrir la boisselerie du Moyen Age \u00e0 nos jours.<\/p>\n<p align=\"center\">&nbsp;<\/p>\n<p style=\"text-align: center\"><a href=\"http:\/\/www.lamarotte.fr\/wp-admin\/upload.php?style=inline&amp;tab=browse&amp;action=view&amp;ID=675&amp;post_id=498&amp;paged\" id=\"file-link-675\" title=\"gossuin.JPG\" class=\"file-link image\">\u00a0 \t\t\t<\/a><span class=\"file-link image\"><img loading=\"lazy\" src=\"http:\/\/www.lamarotte.fr\/wp-content\/uploads\/2012\/08\/gossuin.JPG\" title=\"gossuin.JPG\" alt=\"gossuin.JPG\" height=\"176\" width=\"129\" \/><\/span><a href=\"http:\/\/gossuin-enlumineur.wifeo.com\/\"><img loading=\"lazy\" src=\"http:\/\/www.lamarotte.fr\/wp-content\/uploads\/2012\/08\/gossuin.jpg\" alt=\"gossuin.jpg\" height=\"176\" width=\"235\" \/><\/a><\/p>\n<p style=\"text-align: center\">Enlumineur M\u00e9di\u00e9vale. Gossuin r\u00e9alise ou fait r\u00e9aliser de magnifiques enluminures M\u00e9di\u00e9vales.<\/p>\n<p style=\"text-align: center\"><a href=\"http:\/\/gossuin-enlumineur.wifeo.com\/\"><\/a><span class=\"file-link image\"><img loading=\"lazy\" src=\"http:\/\/www.lamarotte.fr\/wp-content\/uploads\/2012\/08\/gossuin.JPG\" title=\"gossuin.JPG\" alt=\"gossuin.JPG\" height=\"177\" width=\"129\" \/><\/span><\/p>\n<p align=\"center\">\u00a0<strong>Gossuin L&#8217;enlumineur<\/strong><\/p>\n<p align=\"center\">\u00a0<a href=\"http:\/\/www.keosite.com\/maitre-jehan\/\" title=\"Direct link to file\"><img loading=\"lazy\" src=\"http:\/\/www.lamarotte.fr\/wp-content\/uploads\/2014\/11\/enseignes.jpg\" alt=\"enseignes.jpg\" height=\"128\" width=\"96\" \/><\/a><\/p>\n<p align=\"center\">Maitre Jehan, Bibeloterie et Lapidaires ,Enseignes M\u00e9di\u00e9vales<\/p>\n<p align=\"center\">Enseignes de p\u00e9lerinages.<\/p>\n<p id=\"upload-file-view\" class=\"alignleft\" align=\"center\"><a href=\"http:\/\/sergecladeres.free.fr\/\" title=\"Direct link to file\"><img loading=\"lazy\" src=\"http:\/\/www.lamarotte.fr\/wp-content\/uploads\/2012\/07\/tuntun4.jpg\" alt=\"tuntun4.jpg\" height=\"129\" width=\"383\" \/><\/a><\/p>\n<p id=\"upload-file-view\" class=\"alignleft\" align=\"center\">SERGE CLADERES<\/p>\n<p id=\"upload-file-view\" class=\"alignleft\" align=\"center\">Tambourins \u00e0 cordes appel\u00e9 choron au Moyen \u00e2ge<\/p>\n<p><a href=\"http:\/\/www.coutelleriefeuetforge.fr\/\" title=\"Direct link to file\"> <\/a><\/p>\n<p style=\"text-align: center\"><a href=\"http:\/\/www.coutelleriefeuetforge.fr\/\"><img loading=\"lazy\" src=\"http:\/\/www.lamarotte.fr\/wp-content\/uploads\/2014\/10\/coutelleriefeuetforge.JPG\" alt=\"coutelleriefeuetforge.JPG\" height=\"181\" width=\"242\" \/><\/a><\/p>\n<p><a href=\"http:\/\/www.coutelleriefeuetforge.fr\/\" title=\"Direct link to file\"> <\/a><\/p>\n<p id=\"upload-file-view\" class=\"alignleft\" align=\"center\">\u00a0<em><strong>Coutellerie Feu et Forge<br \/>\n<\/strong><\/em><\/p>\n<p id=\"upload-file-view\" class=\"alignleft\" align=\"center\">Explore la Coutellerie M\u00e9di\u00e9vale.<\/p>\n<p id=\"upload-file-view\" class=\"alignleft\" align=\"center\">\u00a0\u00a0 <a href=\"http:\/\/lesmiracliers.over-blog.com\/\" title=\"Direct link to file\"><img loading=\"lazy\" src=\"http:\/\/www.lamarotte.fr\/wp-content\/uploads\/2014\/11\/enseignesbibeloterie.jpg\" alt=\"enseignesbibeloterie.jpg\" height=\"101\" width=\"299\" \/><\/a><\/p>\n<p align=\"center\">Enseignes Bibeloterie et Lapidaire M\u00e9di\u00e9val<\/p>\n<p align=\"center\">&nbsp;<\/p>\n<p id=\"upload-file-view\" class=\"alignleft\" align=\"center\"><a href=\"http:\/\/www.velaycreation.com\/\" title=\"Direct link to file\"><img loading=\"lazy\" src=\"http:\/\/www.lamarotte.fr\/wp-content\/uploads\/2014\/11\/vetemementsmedievaux.jpg\" alt=\"vetemementsmedievaux.jpg\" height=\"165\" width=\"278\" \/><\/a><\/p>\n<p align=\"center\"><em><strong>\u00a0Velay Cr\u00e9ation<\/strong><\/em><\/p>\n<p align=\"center\">Cr\u00e9ations et reconstitutions de Costumes M\u00e9di\u00e9vaux.<\/p>\n<p align=\"center\">\u00a0<a href=\"http:\/\/aux-trois-clefs.skyrock.com\/\" title=\"hebenistemedieval.jpg\"><img loading=\"lazy\" src=\"http:\/\/www.lamarotte.fr\/wp-content\/uploads\/2009\/10\/hebenistemedieval.jpg\" alt=\"hebenistemedieval.jpg\" height=\"112\" width=\"384\" \/><\/a><\/p>\n<p align=\"center\">Mobilier du Moyen \u00e2ge<\/p>\n<p align=\"center\">\u00a0<a href=\"http:\/\/www.montjoie.asso.fr\/\" title=\"Direct link to file\"><img loading=\"lazy\" src=\"http:\/\/www.lamarotte.fr\/wp-content\/uploads\/2009\/09\/assomontjoie.jpg\" alt=\"assomontjoie.jpg\" height=\"184\" width=\"286\" \/><\/a><\/p>\n<p align=\"center\">Costumes m\u00e9di\u00e9vaux r\u00e9alis\u00e9s dans le cadre d&#8217;un atelier d&#8217;insertion.<\/p>\n<p align=\"center\">&nbsp;<\/p>\n<p align=\"center\">\u00a0<a href=\"http:\/\/www.la-cour-des-saveurs.com\/\" title=\"la-cour-des-saveurs.jpg\"><img loading=\"lazy\" src=\"http:\/\/www.lamarotte.fr\/wp-content\/uploads\/2009\/05\/la-cour-des-saveurs.jpg\" alt=\"la-cour-des-saveurs.jpg\" height=\"267\" width=\"244\" \/><\/a><\/p>\n<p align=\"center\">Recettes et ripailles m\u00e9di\u00e9vales.<\/p>\n<p align=\"center\">&nbsp;<\/p>\n<p style=\"margin-top: 0pt; margin-bottom: 0pt\" align=\"left\">                                <strong>Patrick LINGG<\/strong><\/p>\n<p style=\"margin-top: 0pt; margin-bottom: 0pt\" align=\"center\"><font color=\"#666699\" face=\"Comic Sans MS\" size=\"4\"><strong>   <\/strong><\/font><a href=\"http:\/\/users.skynet.be\/fa546523\/\"><img loading=\"lazy\" src=\"http:\/\/www.lamarotte.fr\/wp-content\/uploads\/2007\/10\/photos6bis_small1.jpg\" alt=\"photos6bis_small1.jpg\" height=\"128\" width=\"89\" \/><\/a><font color=\"#666699\" face=\"Comic Sans MS\" size=\"4\"><strong> Artiste peintre et    sculpteur de Valenciennes (France).<\/strong><\/font><\/p>\n<p style=\"margin-top: 0pt; margin-bottom: 0pt\" align=\"center\">                  <font color=\"#666699\" face=\"Comic Sans MS\" size=\"4\"><strong>Cr\u00e9ateur et r\u00e9alisateur    de bijoux m\u00e9di\u00e9vaux<\/strong><\/font><\/p>\n<p align=\"center\">&nbsp;<\/p>\n<p align=\"center\">\u00a0<a href=\"http:\/\/www.doedelzak.com\/francais\/francais.aspx\" title=\"Direct link to file\"><img loading=\"lazy\" src=\"http:\/\/www.lamarotte.fr\/wp-content\/uploads\/2009\/05\/title_french.gif\" alt=\"title_french.gif\" height=\"62\" width=\"442\" \/><\/a><\/p>\n<p align=\"center\">\u00a0<a href=\"http:\/\/www.elbock.fr\/atelier_El_Bock\/Bienvenue_Welcome.html\"><img loading=\"lazy\" src=\"http:\/\/www.lamarotte.fr\/wp-content\/uploads\/2009\/05\/jeandanieletalmajpg.JPG\" alt=\"jeandanieletalmajpg.JPG\" height=\"151\" width=\"224\" \/><\/a><\/p>\n<p align=\"center\"><em>\u00a0<\/em><font face=\"Verdana\"><em><strong>Jean Daniel Talma<\/strong> <\/em>: <\/font><\/p>\n<p align=\"center\"><font face=\"Verdana\"><em>Facteur d&#8217;instruments\u00a0 \u00e0 vent faits de cornes, os ou de bois.<\/em><br \/>\n<em><big><small><span style=\"font-weight: bold\">Atelier EL BOCK<\/span><\/small><\/big><\/em><\/font><\/p>\n<p align=\"center\">\u00a0<a href=\"http:\/\/ludos61.skyrock.com\/\" title=\"Direct link to file\"><img loading=\"lazy\" src=\"http:\/\/www.lamarotte.fr\/wp-content\/uploads\/2009\/10\/tabletierludos.jpg\" alt=\"tabletierludos.jpg\" height=\"113\" width=\"171\" \/><\/a><\/p>\n<p align=\"center\">Fabrication d&#8217;objets usuels ou d\u00e9coratifs en os ,cornes et autres mat\u00e9riaux.<\/p>\n<p align=\"center\">\u00a0<a href=\"http:\/\/www.forge-celtique.be\/accueil.php\" title=\"Direct link to file\"><img loading=\"lazy\" src=\"http:\/\/www.lamarotte.fr\/wp-content\/uploads\/2009\/10\/forgeron.jpg\" alt=\"forgeron.jpg\" height=\"92\" width=\"383\" \/><\/a><\/p>\n<p align=\"center\">\u00a0<a href=\"http:\/\/www.carte-a-jouer.com\/\"><img loading=\"lazy\" src=\"http:\/\/www.lamarotte.fr\/wp-content\/uploads\/2009\/10\/artisantmedieval.jpg\" alt=\"artisantmedieval.jpg\" height=\"93\" width=\"386\" \/><\/a><\/p>\n<p align=\"center\">\u00a0<img loading=\"lazy\" src=\"http:\/\/www.lamarotte.fr\/wp-content\/uploads\/2009\/10\/calidagraphie.jpg\" alt=\"calidagraphie.jpg\" height=\"145\" width=\"252\" \/><\/p>\n<p align=\"center\">\u00a0<a href=\"http:\/\/www.luthier-vielles-siorat.com\/index.php\" title=\"Direct link to file\"><img loading=\"lazy\" src=\"http:\/\/www.lamarotte.fr\/wp-content\/uploads\/2009\/05\/siorat-luthier.jpg\" alt=\"siorat-luthier.jpg\" height=\"102\" width=\"381\" \/><\/a><\/p>\n<p align=\"center\">\u00a0 <a href=\"http:\/\/www.class-cuir.com\/parchemins.html\"><img loading=\"lazy\" src=\"http:\/\/www.lamarotte.fr\/wp-content\/uploads\/2010\/01\/banniere-class-cuir.jpg\" alt=\"banniere-class-cuir.jpg\" height=\"90\" width=\"273\" \/><\/a><\/p>\n<p align=\"center\">&nbsp;<\/p>\n<p align=\"center\">&nbsp;<\/p>\n","protected":false},"excerpt":{"rendered":"<p>Cette page est d\u00e9di\u00e9e \u00e0 l&#8217;artisanat m\u00e9di\u00e9val.Voici une liste des Artisans que nous avons rencontr\u00e9s lors de nos voyages ou lors de festivit\u00e9s. Sans aucun doute ces artistes nous d\u00e9montrent que le savoir faire est\u00a0 encore de mise.\u00a0 Gr\u00e2ce au partage de leur savoir faire et l&#8217;amour qu&#8217;ils ont des belles choses ils nous rappellent [&hellip;]<\/p>\n","protected":false},"author":2,"featured_media":0,"parent":0,"menu_order":30,"comment_status":"open","ping_status":"open","template":"","meta":[],"_links":{"self":[{"href":"https:\/\/www.lamarotte.fr\/index.php?rest_route=\/wp\/v2\/pages\/498"}],"collection":[{"href":"https:\/\/www.lamarotte.fr\/index.php?rest_route=\/wp\/v2\/pages"}],"about":[{"href":"https:\/\/www.lamarotte.fr\/index.php?rest_route=\/wp\/v2\/types\/page"}],"author":[{"embeddable":true,"href":"https:\/\/www.lamarotte.fr\/index.php?rest_route=\/wp\/v2\/users\/2"}],"replies":[{"embeddable":true,"href":"https:\/\/www.lamarotte.fr\/index.php?rest_route=%2Fwp%2Fv2%2Fcomments&post=498"}],"version-history":[{"count":0,"href":"https:\/\/www.lamarotte.fr\/index.php?rest_route=\/wp\/v2\/pages\/498\/revisions"}],"wp:attachment":[{"href":"https:\/\/www.lamarotte.fr\/index.php?rest_route=%2Fwp%2Fv2%2Fmedia&parent=498"}],"curies":[{"name":"wp","href":"https:\/\/api.w.org\/{rel}","templated":true}]}}