{"id":409,"date":"2008-09-07T12:45:21","date_gmt":"2008-09-07T10:45:21","guid":{"rendered":"http:\/\/www.lamarotte.fr\/?page_id=409"},"modified":"2015-10-19T11:39:58","modified_gmt":"2015-10-19T09:39:58","slug":"artaban-2","status":"publish","type":"page","link":"https:\/\/www.lamarotte.fr\/?page_id=409","title":{"rendered":"Cheval Jupon"},"content":{"rendered":"<p align=\"center\">&nbsp;<\/p>\n<p align=\"center\"><a href=\"http:\/\/www.lamarotte.fr\/\">D\u00e9couvrir les animations de La Marotte. <\/a><\/p>\n<p align=\"center\">\u00a0<img loading=\"lazy\" src=\"http:\/\/www.lamarotte.fr\/wp-content\/uploads\/2009\/02\/artabancomines.jpg\" alt=\"artabancomines.jpg\" height=\"413\" width=\"282\" \/><\/p>\n<p align=\"center\"><span style=\"font-size: 8pt\">Photo de Thierry Plouy<\/span><\/p>\n<p align=\"center\">Artaban..<\/p>\n<p align=\"center\">Issu de la tradition carnavalesque Artaban notre  cheval jupon nous accompagne lors de nos festivit\u00e9s. Rares sont ceux qui  osent le d\u00e9fier en tournoi!<\/p>\n<p><strong><em><u><span style=\"font-family: 'Comic Sans MS'; font-size: 16pt\">Cheval Jupon<\/span><\/u><\/em><\/strong><span style=\"font-family: 'Comic Sans MS'\"> : <\/span><span style=\"font-family: 'Comic Sans MS'; font-size: 14pt\">Pr\u00e9sent d\u00e9s le Moyen Age notamment dans le midi de<\/span> la France, en compagnie de la Tarasque. Le  cheval jupon est un accessoire de d\u00e9guisement traditionnel. Il se  compose d\u2019une carcasse creuse, figurant la partie sup\u00e9rieure du corps  d&#8217;un petit cheval, celle ci est perc\u00e9e \u00e0 l&#8217;emplacement de la selle.  Cette ouverture permet au cavalier de s\u2019embo\u00eeter \u00e0 l\u2019int\u00e9rieur. Pr\u00e9sent  dans le Nord de la France Le  Cheval Jupon de Douai est appel\u00e9 : &#8220;Sot des canonniers&#8221; ou &#8220;Sot des  cloches&#8221;. Il est appel\u00e9 \u00e9galement &#8220;Petit cavalier&#8221;, &#8220;Chevalet&#8221;, &#8220;Petit  cheval&#8221;.La plus connue de ses d\u00e9nominations est : le &#8220;Baudet  d\u00e9caroch\u00e9&#8221;.Toujours dans le Nord \u00e0 Cassel, il accompagne le &#8220;Coq-Jupon&#8221;;  \u00e0 Bourbourg, il entoure trois g\u00e9ants. On le conna\u00eet aussi \u00e0 Cambrai  sous le patronyme de &#8220;Sot Seuri<span style=\"font-family: 'Comic Sans MS'\">&#8220;. <\/span>&#8220;La  MORESQUE figur\u00e9e dans les chroniques du Maitre de WAVRIN met en sc\u00e9ne  deux danseurs qui portent des chevaux jupon&#8221;.(Th\u00e9se de Catherine  Ingrassia).<\/p>\n<p><span style=\"font-family: 'Comic Sans MS'\"><\/span><meta http-equiv=\"Content-Type\" content=\"text\/html; charset=utf-8\" \/><meta name=\"ProgId\" content=\"Word.Document\" \/><meta name=\"Generator\" content=\"Microsoft Word 11\" \/><meta name=\"Originator\" content=\"Microsoft Word 11\" \/>\n<link href=\"file:\/\/\/C:%5CDOCUME%7E1%5CPROPRI%7E1%5CLOCALS%7E1%5CTemp%5Cmsohtml1%5C01%5Cclip_filelist.xml\" rel=\"File-List\" \/><!--[if gte mso 9]><xml>  <w:WordDocument>   <w:View>Normal<\/w:View>   <w:Zoom>0<\/w:Zoom>   <w:HyphenationZone>21<\/w:HyphenationZone>   <w:PunctuationKerning\/>   <w:ValidateAgainstSchemas\/>   <w:SaveIfXMLInvalid>false<\/w:SaveIfXMLInvalid>   <w:IgnoreMixedContent>false<\/w:IgnoreMixedContent>   <w:AlwaysShowPlaceholderText>false<\/w:AlwaysShowPlaceholderText>   <w:Compatibility>    <w:BreakWrappedTables\/>    <w:SnapToGridInCell\/>    <w:WrapTextWithPunct\/>    <w:UseAsianBreakRules\/>    <w:DontGrowAutofit\/>   <\/w:Compatibility>   <w:BrowserLevel>MicrosoftInternetExplorer4<\/w:BrowserLevel>  <\/w:WordDocument> <\/xml><![endif]--><!--[if gte mso 9]><xml>  <w:LatentStyles DefLockedState=\"false\" LatentStyleCount=\"156\">  <\/w:LatentStyles> <\/xml><![endif]--><\/p>\n<style><!--  \/* Style Definitions *\/  p.MsoNormal, li.MsoNormal, div.MsoNormal \t{mso-style-parent:\"\"; \tmargin:0cm; \tmargin-bottom:.0001pt; \tmso-pagination:widow-orphan; \tfont-size:12.0pt; \tfont-family:\"Times New Roman\"; \tmso-fareast-font-family:\"Times New Roman\";} @page Section1 \t{size:595.3pt 841.9pt; \tmargin:70.85pt 70.85pt 70.85pt 70.85pt; \tmso-header-margin:35.4pt; \tmso-footer-margin:35.4pt; \tmso-paper-source:0;} div.Section1 \t{page:Section1;} --> <\/style>\n<p><!--[if gte mso 10]>\n\n\n\n<style>  \/* Style Definitions *\/  table.MsoNormalTable \t{mso-style-name:\"Tableau Normal\"; \tmso-tstyle-rowband-size:0; \tmso-tstyle-colband-size:0; \tmso-style-noshow:yes; \tmso-style-parent:\"\"; \tmso-padding-alt:0cm 5.4pt 0cm 5.4pt; \tmso-para-margin:0cm; \tmso-para-margin-bottom:.0001pt; \tmso-pagination:widow-orphan; \tfont-size:10.0pt; \tfont-family:\"Times New Roman\"; \tmso-ansi-language:#0400; \tmso-fareast-language:#0400; \tmso-bidi-language:#0400;} <\/style>\n\n <![endif]--><\/p>\n<p class=\"MsoNormal\" align=\"center\"><span style=\"font-size: 8pt\"><br \/>\n<\/span><\/p>\n<p class=\"MsoNormal\" align=\"center\">&nbsp;<\/p>\n<style><!--  \/* Style Definitions *\/  p.MsoNormal, li.MsoNormal, div.MsoNormal \t{mso-style-parent:\"\"; \tmargin:0cm; \tmargin-bottom:.0001pt; \tmso-pagination:widow-orphan; \tfont-size:12.0pt; \tfont-family:\"Times New Roman\"; \tmso-fareast-font-family:\"Times New Roman\";} @page Section1 \t{size:595.3pt 841.9pt; \tmargin:70.85pt 70.85pt 70.85pt 70.85pt; \tmso-header-margin:35.4pt; \tmso-footer-margin:35.4pt; \tmso-paper-source:0;} div.Section1 \t{page:Section1;} --> <\/style>\n<p><!--[if gte mso 10]>\n\n\n\n<style>  \/* Style Definitions *\/  table.MsoNormalTable \t{mso-style-name:\"Tableau Normal\"; \tmso-tstyle-rowband-size:0; \tmso-tstyle-colband-size:0; \tmso-style-noshow:yes; \tmso-style-parent:\"\"; \tmso-padding-alt:0cm 5.4pt 0cm 5.4pt; \tmso-para-margin:0cm; \tmso-para-margin-bottom:.0001pt; \tmso-pagination:widow-orphan; \tfont-size:10.0pt; \tfont-family:\"Times New Roman\"; \tmso-ansi-language:#0400; \tmso-fareast-language:#0400; \tmso-bidi-language:#0400;} <\/style>\n\n <![endif]--><\/p>\n<p align=\"center\">\n<style>efinitions *\/  p.MsoNormal, li.MsoNormal, div.MsoNormal \t{mso-style-parent:\"\"; \tmargin:0cm; \tmargin-bottom:.0001pt; \tmso-pagination:widow-orphan; \tfont-size:12.0pt; \tfont-family:\"Times New Roman\"; \tmso-fareast-font-family:\"Times New Roman\";} @page Section1 \t{size:595.3pt 841.9pt; \tmargin:70.85pt 70.85pt 70.85pt 70.85pt; \tmso-header-margin:35.4pt; \tmso-footer-margin:35.4pt; \tmso-paper-source:0;} div.Section1 \t{page:Section1;} --> <\/style>\n<\/p>\n<p><!--[if gte mso 10]>\n\n\n\n<style>  \/* Style Definitions *\/  table.MsoNormalTable \t{mso-style-name:\"Tableau Normal\"; \tmso-tstyle-rowband-size:0; \tmso-tstyle-colband-size:0; \tmso-style-noshow:yes; \tmso-style-parent:\"\"; \tmso-padding-alt:0cm 5.4pt 0cm 5.4pt; \tmso-para-margin:0cm; \tmso-para-margin-bottom:.0001pt; \tmso-pagination:widow-orphan; \tfont-size:10.0pt; \tfont-family:\"Times New Roman\"; \tmso-ansi-language:#0400; \tmso-fareast-language:#0400; \tmso-bidi-language:#0400;} <\/style>\n\n <![endif]--><\/p>\n<p align=\"center\"><span class=\"file-link image\"><img loading=\"lazy\" src=\"http:\/\/www.lamarotte.fr\/wp-content\/uploads\/2007\/10\/atarban.jpg\" title=\"atarban.jpg\" alt=\"atarban.jpg\" height=\"205\" width=\"265\" \/><\/span><span class=\"file-link image\"><img loading=\"lazy\" src=\"http:\/\/www.lamarotte.fr\/wp-content\/uploads\/2007\/10\/artabanm.jpg\" title=\"artabanm.jpg\" alt=\"artabanm.jpg\" height=\"205\" width=\"303\" \/><\/span><\/p>\n<p align=\"center\"><img loading=\"lazy\" src=\"http:\/\/www.lamarotte.fr\/wp-content\/uploads\/2011\/09\/artaban.jpg\" alt=\"artaban.jpg\" height=\"646\" width=\"431\" \/><\/p>\n<p align=\"center\"><a href=\"http:\/\/www.youtube.com\/watch?v=1ikStAmfgOk\">Video joutes d&#8217;Artaban&#8230; <\/a><\/p>\n<p style=\"text-align: center\"><em><span style=\"font-size: 9pt\"> <o:p><\/o:p><\/span><\/em><\/p>\n<style> <!--  \/* Style Definitions *\/  p.MsoNormal, li.MsoNormal, div.MsoNormal \t{mso-style-parent:\"\"; \tmargin:0cm; \tmargin-bottom:.0001pt; \tmso-pagination:widow-orphan; \tfont-size:12.0pt; \tfont-family:\"Times New Roman\"; \tmso-fareast-font-family:\"Times New Roman\";} @page Section1 \t{size:595.3pt 841.9pt; \tmargin:70.85pt 70.85pt 70.85pt 70.85pt; \tmso-header-margin:35.4pt; \tmso-footer-margin:35.4pt; \tmso-paper-source:0;} div.Section1 \t{page:Section1;} --> <\/style>\n<p><!--[if gte mso 10]>\n\n\n\n<style>  \/* Style Definitions *\/  table.MsoNormalTable \t{mso-style-name:\"Tableau Normal\"; \tmso-tstyle-rowband-size:0; \tmso-tstyle-colband-size:0; \tmso-style-noshow:yes; \tmso-style-parent:\"\"; \tmso-padding-alt:0cm 5.4pt 0cm 5.4pt; \tmso-para-margin:0cm; \tmso-para-margin-bottom:.0001pt; \tmso-pagination:widow-orphan; \tfont-size:10.0pt; \tfont-family:\"Times New Roman\"; \tmso-ansi-language:#0400; \tmso-fareast-language:#0400; \tmso-bidi-language:#0400;} <\/style>\n\n <![endif]--><a href=\"http:\/\/www.lamarotte.fr\/?page_id=199\" id=\"file-link-73\" title=\"fol2.jpg\"> \t\t\t <\/a><\/p>\n<p align=\"center\"><a href=\"http:\/\/www.lamarotte.fr\/?page_id=199\" id=\"file-link-73\" title=\"fol2.jpg\"><img loading=\"lazy\" src=\"http:\/\/www.lamarotte.fr\/wp-content\/uploads\/2007\/10\/fold.jpg\" title=\"fol2.jpg\" alt=\"fol2.jpg\" height=\"140\" width=\"107\" \/><\/a><a href=\"http:\/\/www.lamarotte.fr\/?page_id=200\" id=\"file-link-258\" title=\"sans-titred-1.jpg\"><img loading=\"lazy\" src=\"http:\/\/www.lamarotte.fr\/wp-content\/uploads\/2007\/10\/sans-titred-1.jpg\" title=\"sans-titred-1.jpg\" alt=\"sans-titred-1.jpg\" height=\"143\" width=\"97\" \/><\/a><\/p>\n","protected":false},"excerpt":{"rendered":"<p>&nbsp; D\u00e9couvrir les animations de La Marotte. \u00a0 Photo de Thierry Plouy Artaban.. Issu de la tradition carnavalesque Artaban notre cheval jupon nous accompagne lors de nos festivit\u00e9s. Rares sont ceux qui osent le d\u00e9fier en tournoi! Cheval Jupon : Pr\u00e9sent d\u00e9s le Moyen Age notamment dans le midi de la France, en compagnie de [&hellip;]<\/p>\n","protected":false},"author":2,"featured_media":0,"parent":0,"menu_order":7,"comment_status":"open","ping_status":"open","template":"","meta":[],"_links":{"self":[{"href":"https:\/\/www.lamarotte.fr\/index.php?rest_route=\/wp\/v2\/pages\/409"}],"collection":[{"href":"https:\/\/www.lamarotte.fr\/index.php?rest_route=\/wp\/v2\/pages"}],"about":[{"href":"https:\/\/www.lamarotte.fr\/index.php?rest_route=\/wp\/v2\/types\/page"}],"author":[{"embeddable":true,"href":"https:\/\/www.lamarotte.fr\/index.php?rest_route=\/wp\/v2\/users\/2"}],"replies":[{"embeddable":true,"href":"https:\/\/www.lamarotte.fr\/index.php?rest_route=%2Fwp%2Fv2%2Fcomments&post=409"}],"version-history":[{"count":0,"href":"https:\/\/www.lamarotte.fr\/index.php?rest_route=\/wp\/v2\/pages\/409\/revisions"}],"wp:attachment":[{"href":"https:\/\/www.lamarotte.fr\/index.php?rest_route=%2Fwp%2Fv2%2Fmedia&parent=409"}],"curies":[{"name":"wp","href":"https:\/\/api.w.org\/{rel}","templated":true}]}}