{"id":392,"date":"2008-08-25T17:04:27","date_gmt":"2008-08-25T15:04:27","guid":{"rendered":"http:\/\/www.lamarotte.fr\/?page_id=392"},"modified":"2014-03-20T20:14:29","modified_gmt":"2014-03-20T18:14:29","slug":"theatre-de-rue-medieval","status":"publish","type":"page","link":"https:\/\/www.lamarotte.fr\/?page_id=392","title":{"rendered":"Th\u00e9\u00e2tre de rue m\u00e9di\u00e9val."},"content":{"rendered":"<p align=\"center\">Le Th\u00e9\u00e2tre de Rue M\u00e9di\u00e9val de la Marotte Compagnie Joyeuse.<\/p>\n<p align=\"center\"><a href=\"http:\/\/www.lamarotte.fr\/?page_id=79\">D\u00e9couvrir nos Animations:<\/a><\/p>\n<h2><a href=\"http:\/\/www.lamarotte.fr\/wp-content\/uploads\/2008\/08\/theatre-de-rue.doc\" onclick=\"return false;\" title=\"Direct link to file\">  <\/a><\/h2>\n<p class=\"MsoNormal\" align=\"center\">                                   <a href=\"http:\/\/www.lamarotte.fr\/?page_id=385\" title=\"ane2-mitre-xii2.jpg\"><img loading=\"lazy\" src=\"http:\/\/www.lamarotte.fr\/wp-content\/uploads\/2007\/10\/ane2-mitre-xii2.jpg\" alt=\"ane2-mitre-xii2.jpg\" height=\"332\" width=\"193\" \/><\/a>\u00a0<a href=\"http:\/\/www.lamarotte.fr\/?page_id=104\" title=\"ane-mitre-xii3.jpg\"><img loading=\"lazy\" src=\"http:\/\/www.lamarotte.fr\/wp-content\/uploads\/2007\/10\/ane-mitre-xii3.jpg\" alt=\"ane-mitre-xii3.jpg\" height=\"329\" width=\"190\" \/><\/a><\/p>\n<p class=\"MsoNormal\">De tout temps la rue \u00e0 \u00e9t\u00e9 le reflet de son \u00e9poque.Le th\u00e9\u00e2tre de rue m\u00e9di\u00e9val comme tout th\u00e9\u00e2tre de rue d&#8217;ailleurs \u00e0 pour origine cette particularit\u00e9 de se d\u00e9rouler hors institution, d&#8217;\u00eatre un espace de libert\u00e9 et de cr\u00e9ativit\u00e9.T\u00e9moin des diff\u00e9rentes comm\u00e9morations ou contestations, la rue est un lieu cher \u00e0 l&#8217;expression populaire.De tout temps le pouvoir en place c&#8217;est exerc\u00e9 \u00e0 contr\u00f4ler les d\u00e9bordements en codifiant ses rassemblements.<\/p>\n<p class=\"MsoNormal\">&nbsp;<\/p>\n<p class=\"MsoNormal\"><strong><em><span style=\"font-size: 11pt\">Petit Historique d\u2019apr\u00e8s nos lectures :<\/span><\/em><\/strong><em><span style=\"font-size: 11pt\"><o:p><\/o:p><\/span><\/em><\/p>\n<p class=\"MsoNormal\"><o:p> <\/o:p><\/p>\n<p class=\"MsoNormal\">L\u2019amuseur public semble \u00eatre \u00e0 l\u2019origine de la premi\u00e8re forme du th\u00e9\u00e2tre de rue. C\u2019est en chine et en Egypte que na\u00eet un type de spectacle qui devait ressembler \u00e0 ceci \u00ab Un spectacle d\u2019exaltation de la force, de l\u2019adresse de l\u2019 \u00e9nergie humaine, OU les acteurs sont entour\u00e9s de toutes parts par les spectateurs \u00bb (Th\u00e9tard,1978). C\u2019est donc du regroupement de quelques curieux autour d\u2019un jongleur sur la place publique que d\u00e9butent les premi\u00e8res manifestations de th\u00e9\u00e2tre de rue. Les formes de th\u00e9\u00e2tre Europ\u00e9en apparaissent en Gr\u00e8ce dans une ambiance festive, en l\u2019honneur du Dieu du th\u00e9\u00e2tre Dionysos.<\/p>\n<p class=\"MsoNormal\">\u00ab Lors du rituel du banquet, au cours duquel ils sont invit\u00e9s \u00e0 boire le vin en l\u2019honneur de celui qui le leur en<span>  <\/span>offre pour l\u2019apaisement de leurs soucis, les hommes se l\u00e8vent souvent et s\u2019\u00e9chappent en de turbulentes processions qui vont d\u2019une maison \u00e0 l\u2019autre, dansant au son des fl\u00fbtes et cymbales, semant d\u00e9sordre et tapage dans la cit\u00e9, tels les satyres qui, sur les images, escortent Dyonisos. Ils jouent de la musique, dansent et chantent \u00e0 la lueur des torches et se livrent \u00e0 diverses plaisanteries et obsc\u00e9nit\u00e9s autoris\u00e9e, \u00bb D\u00e9crit F.Frontisi-Ducroux.<\/p>\n<p class=\"MsoNormal\">Ce rituel autoris\u00e9 porte le nom de \u00ab comos \u00bb.On suppose que ces processions sont probablement les premi\u00e8res formes de d\u00e9ambulation, que l\u2019on retrouve ensuite au Moyen-\u00e2ge pendant les F\u00eates des Fous ou le Carnaval.<\/p>\n<p class=\"MsoNormal\">&nbsp;<\/p>\n<p class=\"MsoNormal\"> <img loading=\"lazy\" src=\"http:\/\/www.lamarotte.fr\/wp-content\/uploads\/2008\/08\/fete-des-fous.jpg\" alt=\"fete-des-fous.jpg\" height=\"485\" width=\"640\" \/><\/p>\n<p class=\"MsoNormal\"> Ce th\u00e9\u00e2tre appara\u00eetrait vers le X\u00e8me <span> <\/span>si\u00e8cle : il est n\u00e9 par la religion et pour elle. C\u2019est en effet d\u2019abord dans l\u2019\u00e9glise que surgissent ces premi\u00e8res formes en illustrant des sc\u00e8nes liturgiques. Des moines incarnent des personnages du r\u00e9cit \u00e9vang\u00e9lique, utilisant les \u00e9l\u00e9ments de l\u2019\u00e9glise comme d\u00e9cors. Il faut souligner que le jeu pouvait s\u2019effectuer dehors. Cela ne relevait pas d\u2019un choix artistique mais pratique en effet une repr\u00e9sentation dans la rue pouvait toucher plus de monde que dans l\u2019\u00e9glise. Le th\u00e9\u00e2tre M\u00e9di\u00e9val naissant, tout en restant dans la sph\u00e8re d\u2019influence de la religion, il va progressivement s\u2019\u00e9tendre. De 1450 a1550 environ, c\u2019est l\u2019\u00e2ge d\u2019or du th\u00e9\u00e2tre m\u00e9di\u00e9val.<\/p>\n<p class=\"MsoNormal\">Son trait le plus frappant est la diversit\u00e9 :Le th\u00e9\u00e2tre est partout, tout les milieux sociaux le connaissent,et sous des formes nombreuses et contrast\u00e9es. Ce th\u00e9\u00e2tre est li\u00e9 \u00e9troitement \u00e0 la f\u00eate. La f\u00eate offre une occasion favorable au jeu parce qu\u2019il r\u00e9unit le public, exprime le d\u00e9sir du divertissement et assure une libert\u00e9 de parole inhabituelle.<\/p>\n<p class=\"MsoNormal\">Cette r\u00e9currence festive nous appara\u00eet lors de <st1:personname productid=\"La F\u00eate\" w:st=\"on\">La F\u00eate<\/st1:personname> des fous.<\/p>\n<p class=\"MsoNormal\">Grand cycle festif de No\u00ebl \u00e0 l\u2019\u00e9piphanie, elle est aussi connue sous le nom de <st1:personname productid=\"La F\u00eate\" w:st=\"on\">la F\u00eate<\/st1:personname> de l\u2019\u00e2ne.<\/p>\n<p class=\"MsoNormal\">D\u2019une fa\u00e7on \u00e9tonnante, voire paradoxale, cette f\u00eate, c\u00e9l\u00e9bration du d\u00e9sordre, des renversements des hi\u00e9rarchies, est \u00e9close dans les cercles de l\u2019\u00e9glise. Le jour de la f\u00eate, dans les cath\u00e9drales, les \u00e9l\u00e8ves de l\u2019\u00e9cole eccl\u00e9siastique, les enfants de c\u0153ur, les sous-diacres et autres clercs subalternes, \u00e9lisaient un \u00e9v\u00eaque des fous ou un pape des fous et c\u00e9l\u00e9braient une liturgie parodique : rev\u00eatus des ornements sacr\u00e9s, ils faisaient une procession grotesque, puis chantaient des pri\u00e8res parodiques.<\/p>\n<p class=\"MsoNormal\"> <a href=\"http:\/\/www.lamarotte.fr\/wp-content\/uploads\/2008\/08\/eveque-des-fous-xv.jpg\" onclick=\"return false;\" title=\"Direct link to file\"><\/a><\/p>\n<p style=\"text-align: center\"><img loading=\"lazy\" src=\"http:\/\/www.lamarotte.fr\/wp-content\/uploads\/2008\/08\/eveque-des-fous-xv.jpg\" alt=\"eveque-des-fous-xv.jpg\" height=\"149\" width=\"153\" \/><\/p>\n<p class=\"MsoNormal\">Une cavalcade populaire \u00e0 travers les rues suivait la parodie liturgique dans l\u2019\u00e9glise. In\u00e9vitablement, le jeu du renversement des situations et des valeurs tourne \u00e0 la satire, et de cette fa\u00e7on na\u00eet une critique de m\u0153urs qui, sous ses allures de rire, \u00e9tonne par ses accents libres et ses impertinences. Pas de grands moments de r\u00e9voltes ou de pamphlets haineux, la f\u00eate parle par images et par pirouettes. Elles se fait par et pour les clercs des rangs inf\u00e9rieurs et il ne s\u2019agit pas d\u2019une contestation de l\u2019\u00e9glise par les la\u00efcs. Si <span> <\/span>les autorit\u00e9s religieuses acceptent ces f\u00eates et l\u00e2chent la bride aux petits clercs, \u00e0 l\u2019int\u00e9rieur et \u00e0 l\u2019ext\u00e9rieur de l\u2019\u00e9glise, c\u2019est pour mieux les contr\u00f4ler le reste de l\u2019ann\u00e9e ! <st1:personname productid=\"La F\u00eate\" w:st=\"on\">La F\u00eate<\/st1:personname> des Fous int\u00e9gre alors une forme de r\u00e9gulation sociale. L\u2019exutoire que repr\u00e9sente <st1:personname productid=\"La F\u00eate\" w:st=\"on\">la F\u00eate<\/st1:personname> des fous l\u00e9gitime la hi\u00e9rarchie impos\u00e9e. Les autorit\u00e9s voient cette hi\u00e9rarchie bouscul\u00e9e un jour mais la savent accept\u00e9e pour toujours puisqu\u2019ils l\u00e9gitimes eux m\u00eame ce bouleversement. Contr\u00f4l\u00e9e par les autorit\u00e9es, cette F\u00eate devient une forme de catharsis destin\u00e9es \u00e0 contenir les subalternes.<\/p>\n<p class=\"MsoNormal\">Preuve de ce contr\u00f4le : interdictions et condamnations se feront de plus en plus fr\u00e9quentes vers la fin du Moyen-\u00c2ge, \u00e0 mesure que les f\u00eates deviennent plus d\u00e9brid\u00e9es et plus contestatrice.<\/p>\n<p class=\"MsoNormal\">L\u2019Eglise, les docteurs et les \u00e9v\u00eaques, y voient une atteinte \u00e0 la dignit\u00e9 des serviteurs de Dieu et relent trop vif de traditions anciennes, qualifi\u00e9es de pa\u00efennes, trop proches des divertissements des profanes. <st1:personname productid=\"La F\u00eate\" w:st=\"on\">La F\u00eate<\/st1:personname> des fous ne restent bient\u00f4t qu\u2019un souvenir. Le burlesque, d\u00e9sormais profane va se d\u00e9velopper d\u2019autres fa\u00e7ons.<\/p>\n<p class=\"MsoNormal\"><o:p> <\/o:p><\/p>\n<p class=\"MsoNormal\">Le Carnaval est une forme d\u2019investissement festif de l\u2019espace public.<\/p>\n<p class=\"MsoNormal\">Il est l\u2019h\u00e9ritier, l\u2019imitation, et le rival \u00e0 la fois, de la f\u00eate des clercs, ces divertissements li\u00e9s au cycle liturgique ; il est aussi l\u2019h\u00e9ritier des jeux burlesques et satiriques offerts par la ville, souvent inspir\u00e9s par les travers ou les abus de la soci\u00e9t\u00e9. Jeu bourgeois, le carnaval lance et d\u00e9roule dans la ville une cavalcade effr\u00e9n\u00e9e, une de ces processions joyeuses qui ponctuent la saison des f\u00eates, amusent et m\u00ealent les foules. Non seulement les autorit\u00e9s n\u2019y sont pas hostiles, mais elles vont m\u00eame jusqu\u2019\u00e0 les subventionner.<\/p>\n<p class=\"MsoNormal\">Le Carnaval marque les derniers jours d\u2019avant <st1:personname productid=\"la Car\u00eame\" w:st=\"on\">la Car\u00eame<\/st1:personname>, au moment ou l\u2019on peut encore manger des plats de viande : \u00ab carne vale \u00bb. C\u2019est du Mardi gras au Mercredi des cendres, une c\u00e9r\u00e9monie de passage qui exalte la joie de vivre et la prosp\u00e9rit\u00e9, c\u2019est une f\u00eate de l\u2019abondance. Le gros Carnaval, juch\u00e9 sur un tonneau, attaque \u00e0 coups de jambons et d\u2019andouilles une Dame Car\u00eame, d\u00e9charn\u00e9e, qui r\u00e9plique \u00e0 grands revers de harengs et de carrelets. Tel \u00e9tait le combat th\u00e9\u00e2tralis\u00e9 offert par \u00e0 tous sur la place publique.<\/p>\n<p class=\"MsoNormal\"> <img loading=\"lazy\" src=\"http:\/\/www.lamarotte.fr\/wp-content\/uploads\/2008\/08\/carnival_and_lent.jpg\" alt=\"carnival_and_lent.jpg\" height=\"455\" width=\"618\" \/><\/p>\n<p><strong><em><span style=\"font-size: 11pt\">Breughel<\/span><\/em><\/strong><\/p>\n<p class=\"MsoNormal\"><strong><em><span style=\"font-size: 11pt\">Le Combat de carnaval et de car\u00eame (Kunsthistorisches Museum de Vienne; 118 x164,5 cm ;<\/span><\/em><\/strong><em><span style=\"font-size: 11pt\"><o:p><\/o:p><\/span><\/em><\/p>\n<p class=\"MsoNormal\">Le carnaval r\u00e8gne sur la ville. Cette prise de possessions se marque notamment par l\u2019occupation des rues et l\u2019interpellation des passants. Le rire carnavalesque l\u00e8ve les interdits et les tabous ; il poss\u00e8de, dans une certaine mesure, une charge de contestation de l\u2019autorit\u00e9. Les pouvoirs urbains ont donc un r\u00f4le contradictoire. La ville revendique et organise ces f\u00eates, mais va devoir se sentir oblig\u00e9 de les encadrer et de les contr\u00f4ler. Cette \u00e9volution va avoir une cons\u00e9quence consid\u00e9rable :la f\u00eate populaire va devenir une f\u00eate pour le peuple qu\u2019il s\u2019agit de divertir, mais que l\u2019on renvoie peu \u00e0 peu \u00e0 une passivit\u00e9 du spectateur.<\/p>\n<p class=\"MsoNormal\">Aux XVeme et XVI eme si\u00e8cles, le Carnaval est de en plus un spectacle offert par la bourgeoisie \u00e0 la cit\u00e9 enti\u00e8re. Le Carnaval devient d\u00e9s lors propices au d\u00e9veloppement des farces et sotties, genres caract\u00e9ristique de la fin du Moyen-\u00e2ge. Farce et sotties n\u2019ont besoin ni de grands d\u00e9cors,ni de costumes luxueux. Le seul \u00e9l\u00e9ment sc\u00e9nique indispensable est le tr\u00e9teau,  \u00ab l\u2019\u00e9chafaud \u00bb pour reprendre le terme m\u00e9di\u00e9val. Cette <span> <\/span>pratique donnera naissance au th\u00e9\u00e2tre des tr\u00e9teaux, rencontr\u00e9 dans les foires pendant tr\u00e8s longtemps et pratiqu\u00e9 par des troupes ambulantes allant dans les campagnes. <span> <\/span>Avec <st1:personname productid=\"La Renaissance\" w:st=\"on\">La Renaissance<\/st1:personname> le Th\u00e9\u00e2tre \u00ab dit \u00bb se substitue au th\u00e9\u00e2tre \u00ab \u00e9crit \u00bb.C\u2019est l\u2019apparition du th\u00e9\u00e2tre de texte. A partir du XVI\u00e8me si\u00e8cle le th\u00e9\u00e2tre va lentement abandonner la rue pour entrer en salle.<\/p>\n<p class=\"MsoNormal\"><o:p> <\/o:p><\/p>\n<p class=\"MsoNormal\"><span style=\"font-size: 11pt\"><span> <\/span>Bibliographie sur le th\u00e9\u00e2tre de rue :<o:p><\/o:p><\/span><\/p>\n<p class=\"MsoNormal\"><span style=\"font-size: 11pt\"><span> <\/span>Heers Jacque,  \u00ab  F\u00eate des fous et Carnavals \u00bb, Hachette, Collection Pluriel, Paris, 1997<\/span><\/p>\n<p class=\"MsoNormal\"><span style=\"font-size: 11pt\">Chaudoir Philippe \u00ab Discours et figures de l\u2019espace public \u00e0 travers les Arts de la rue, <st1:personname productid=\"La Ville\" w:st=\"on\">La Ville<\/st1:personname> en Sc\u00e8nes \u00bb L\u2019Harmattan, paris, 2000\u2026<o:p><\/o:p><\/span><\/p>\n<p class=\"MsoNormal\"><span style=\"font-size: 11pt\">Anne Gonon<o:p><\/o:p><\/span><\/p>\n<p class=\"MsoNormal\"><span style=\"font-size: 11pt\">Institut d\u2019\u00e9tude Politiques de Lyon<o:p><\/o:p><\/span><\/p>\n<p class=\"MsoNormal\"><span style=\"font-size: 11pt\">M\u00e9moire de fin d\u2019\u00e9tudes.<o:p><\/o:p><\/span><\/p>\n<p class=\"MsoNormal\"><span style=\"font-size: 11pt\">\u00ab Clown et Farceurs \u00bb Nathan.<o:p><\/o:p><\/span><\/p>\n<p class=\"MsoNormal\"><span style=\"font-size: 11pt\">\u00ab <st1:personname productid=\"La Culture Saltimbanque\" w:st=\"on\">La Culture Saltimbanque<\/st1:personname> \u00bb Le monde de l\u2019\u00e9ducation octobre 1998.<o:p><\/o:p><\/span><\/p>\n<p class=\"MsoNormal\"><span style=\"font-size: 11pt\">\u00ab Les arts de la piste :une activit\u00e9 fragile entre tradition et innovation \u00bbDominique F orette(Avis et rapport du conseil \u00e9conomique et social).1998. <o:p><\/o:p><\/span><\/p>\n<p class=\"MsoNormal\"><span> <\/span><span>  <\/span><span>   <\/span><span> <\/span><\/p>\n<p align=\"center\"><a href=\"#debut\">Retour haut de page<\/a><\/p>\n","protected":false},"excerpt":{"rendered":"<p>Le Th\u00e9\u00e2tre de Rue M\u00e9di\u00e9val de la Marotte Compagnie Joyeuse. D\u00e9couvrir nos Animations: \u00a0 De tout temps la rue \u00e0 \u00e9t\u00e9 le reflet de son \u00e9poque.Le th\u00e9\u00e2tre de rue m\u00e9di\u00e9val comme tout th\u00e9\u00e2tre de rue d&#8217;ailleurs \u00e0 pour origine cette particularit\u00e9 de se d\u00e9rouler hors institution, d&#8217;\u00eatre un espace de libert\u00e9 et de cr\u00e9ativit\u00e9.T\u00e9moin des [&hellip;]<\/p>\n","protected":false},"author":2,"featured_media":0,"parent":0,"menu_order":26,"comment_status":"open","ping_status":"open","template":"","meta":[],"_links":{"self":[{"href":"https:\/\/www.lamarotte.fr\/index.php?rest_route=\/wp\/v2\/pages\/392"}],"collection":[{"href":"https:\/\/www.lamarotte.fr\/index.php?rest_route=\/wp\/v2\/pages"}],"about":[{"href":"https:\/\/www.lamarotte.fr\/index.php?rest_route=\/wp\/v2\/types\/page"}],"author":[{"embeddable":true,"href":"https:\/\/www.lamarotte.fr\/index.php?rest_route=\/wp\/v2\/users\/2"}],"replies":[{"embeddable":true,"href":"https:\/\/www.lamarotte.fr\/index.php?rest_route=%2Fwp%2Fv2%2Fcomments&post=392"}],"version-history":[{"count":0,"href":"https:\/\/www.lamarotte.fr\/index.php?rest_route=\/wp\/v2\/pages\/392\/revisions"}],"wp:attachment":[{"href":"https:\/\/www.lamarotte.fr\/index.php?rest_route=%2Fwp%2Fv2%2Fmedia&parent=392"}],"curies":[{"name":"wp","href":"https:\/\/api.w.org\/{rel}","templated":true}]}}