{"id":364,"date":"2008-04-12T10:37:55","date_gmt":"2008-04-12T08:37:55","guid":{"rendered":"http:\/\/www.lamarotte.fr\/?page_id=364"},"modified":"2016-05-17T20:16:19","modified_gmt":"2016-05-17T18:16:19","slug":"musique-medievale-2","status":"publish","type":"page","link":"https:\/\/www.lamarotte.fr\/?page_id=364","title":{"rendered":"Groupe de musique m\u00e9di\u00e9vale et renaissance."},"content":{"rendered":"<p><meta http-equiv=\"Content-Type\" content=\"text\/html; charset=utf-8\" \/><meta name=\"ProgId\" content=\"Word.Document\" \/><meta name=\"Generator\" content=\"Microsoft Word 11\" \/><meta name=\"Originator\" content=\"Microsoft Word 11\" \/><\/p>\n<p align=\"center\">\n<link href=\"file:\/\/\/C:%5CDOCUME%7E1%5CPROPRI%7E1%5CLOCALS%7E1%5CTemp%5Cmsohtml1%5C01%5Cclip_filelist.xml\" rel=\"File-List\" \/><o:smarttagtype namespaceuri=\"urn:schemas-microsoft-com:office:smarttags\" name=\"PersonName\"><\/o:smarttagtype><!--[if gte mso 9]><xml>  <w:WordDocument>   <w:View>Normal<\/w:View>   <w:Zoom>0<\/w:Zoom>   <w:HyphenationZone>21<\/w:HyphenationZone>   <w:PunctuationKerning\/>   <w:ValidateAgainstSchemas\/>   <w:SaveIfXMLInvalid>false<\/w:SaveIfXMLInvalid>   <w:IgnoreMixedContent>false<\/w:IgnoreMixedContent>   <w:AlwaysShowPlaceholderText>false<\/w:AlwaysShowPlaceholderText>   <w:Compatibility>    <w:BreakWrappedTables\/>    <w:SnapToGridInCell\/>    <w:WrapTextWithPunct\/>    <w:UseAsianBreakRules\/>    <w:DontGrowAutofit\/>   <\/w:Compatibility>   <w:BrowserLevel>MicrosoftInternetExplorer4<\/w:BrowserLevel>  <\/w:WordDocument> <\/xml><![endif]--><!--[if gte mso 9]><xml>  <w:LatentStyles DefLockedState=\"false\" LatentStyleCount=\"156\">  <\/w:LatentStyles> <\/xml><![endif]--><!--[if !mso]><object  classid=\"clsid:38481807-CA0E-42D2-BF39-B33AF135CC4D\" id=ieooui><\/object>\n\n\n<style> st1\\:*{behavior:url(#ieooui) } <\/style>\n\n <![endif]--><\/p>\n<p><span class=\"file-link image\"><\/span><\/p>\n<p style=\"text-align: center\"><a href=\"http:\/\/www.lamarotte.fr\" id=\"file-link-741\" title=\"retouralacceuil.jpg\"> \t\t\t<img src=\"http:\/\/www.lamarotte.fr\/wp-content\/uploads\/2014\/12\/retouralacceuil.jpg\" title=\"retouralacceuil.jpg\" alt=\"retouralacceuil.jpg\" width=\"128\" \/><\/a>\u00a0<a href=\"http:\/\/www.lamarotte.fr\/wp-admin\/upload.php?style=inline&amp;tab=browse-all&amp;post_id=364&amp;_wpnonce=fea85ef35b&amp;ID=786&amp;action=view&amp;paged=2\" id=\"file-link-786\" title=\"web-erq15_0007b2.jpg\" class=\"file-link image\"> <\/a><\/p>\n<p style=\"text-align: center\">La Marotte &#8220;compagnie Joyeuse est un Groupe de Musique M\u00e9di\u00e9vale et Renaissance\u00a0 du Nord de la France.<\/p>\n<p style=\"text-align: center\">la volont\u00e9e de notre Compagnie est de partager notre passion et notre esprit festif avec petits et grands, de transmettre un savoir\u00a0 en stimulant la curiosit\u00e9 et la cr\u00e9ativit\u00e9.<\/p>\n<p style=\"text-align: center\">Nous intervenons de mani\u00e9re h\u00e9t\u00e9roclite et au bon vouloir de l&#8217;assembl\u00e9e offrant grand plaisir \u00e0 l&#8217;entendement et\u00a0 aux yeux.<\/p>\n<p style=\"text-align: center\">Nos inspirations sont multiples ainsi que notre r\u00e9pertoire du moment que l&#8217;esprit de la f\u00eate et de la convivialit\u00e9 soit mis \u00e0 l&#8217; honneur .<\/p>\n<p style=\"text-align: center\">Les\u00a0 Musiciens\u00a0 de la Marotte vous ferons d\u00e9couvrir une multitude d&#8217;instruments de l&#8217;\u00e9poque, utilis\u00e9s de mani\u00e9re &#8220;acad\u00e9mique&#8221; mais aussi parfois compl\u00e9tement farfelu.Le but \u00e9tant de divertir par tout les moyens les festivit\u00e9s, de faire danser, chanter, rire le public.<\/p>\n<p style=\"text-align: center\">Aussi,\u00a0 La Marotte vous propose des Animations M\u00e9di\u00e9vales et Renaissances sous diff\u00e9rentes formes et est toujours ouverte pour coop\u00e9rer \u00e0 diff\u00e9rents projets culturels.<\/p>\n<p style=\"text-align: center\"><a href=\"http:\/\/www.lamarotte.fr\/?page_id=79\"><strong><em>Nous contacter&#8230; <\/em><\/strong><\/a><\/p>\n<p style=\"text-align: center\">\u00a0<strong>La Marotte Compagnie Joyeuse<\/strong><\/p>\n<p style=\"text-align: center\"><em>Musique en fixe et d\u00e9ambulations allant \u00e0 la rencontre des badauds avec ou sans campement.<br \/>\n<\/em><\/p>\n<p><em> <\/em><\/p>\n<p id=\"upload-file-view\" class=\"alignleft\">\u00a0<span class=\"yiv0751140539\" id=\"yiv0751140539yui_3_16_0_1_1421245382402_12374\">Au programme musiques M\u00e9di\u00e9vale et Renaissance historiques et festives (vielle \u00e0 roue,  cornemuses, fl\u00fbtes et sonnailles etc..) en fixe et d\u00e9ambulatoire avec  chariotte. Chants,initiation \u00e0 la danse de l&#8217;orch\u00e9sographie de Thoinot Arbeau, mascarades et autres  fourberies en int\u00e9raction avec tout public.<\/span><\/p>\n<p id=\"upload-file-view\" class=\"alignleft\" align=\"right\"><a href=\"http:\/\/www.lamarotte.fr\/wp-admin\/upload.php?style=inline&amp;tab=browse-all&amp;post_id=364&amp;_wpnonce=fea85ef35b&amp;ID=786&amp;action=view&amp;paged=2\" id=\"file-link-786\" title=\"web-erq15_0007b2.jpg\" class=\"file-link image\">\u00a0 \t\t\t<\/a><span class=\"file-link image\"><img loading=\"lazy\" src=\"http:\/\/www.lamarotte.fr\/wp-content\/uploads\/2015\/09\/web-erq15_0007b2.jpg\" title=\"web-erq15_0007b2.jpg\" alt=\"web-erq15_0007b2.jpg\" height=\"178\" width=\"267\" \/><\/span><span class=\"file-link image\"><img loading=\"lazy\" src=\"http:\/\/www.lamarotte.fr\/wp-content\/uploads\/2015\/09\/web-erq15_0094b.jpg\" title=\"web-erq15_0094b.jpg\" alt=\"web-erq15_0094b.jpg\" height=\"226\" width=\"338\" \/><\/span><img loading=\"lazy\" src=\"http:\/\/www.lamarotte.fr\/wp-content\/uploads\/2015\/09\/web-erq15_0029b.jpg\" alt=\"web-erq15_0029b.jpg\" height=\"226\" width=\"343\" \/><\/p>\n<p id=\"upload-file-view\" class=\"alignleft\">\u00a0<img loading=\"lazy\" src=\"http:\/\/www.lamarotte.fr\/wp-content\/uploads\/2015\/09\/web-erq15_0023b.jpg\" alt=\"web-erq15_0023b.jpg\" height=\"251\" width=\"382\" \/><img loading=\"lazy\" src=\"http:\/\/www.lamarotte.fr\/wp-content\/uploads\/2015\/09\/web-erq15_0021b.jpg\" alt=\"web-erq15_0021b.jpg\" height=\"254\" width=\"387\" \/><img loading=\"lazy\" src=\"http:\/\/www.lamarotte.fr\/wp-content\/uploads\/2015\/09\/web-erq15_0036b.jpg\" alt=\"web-erq15_0036b.jpg\" height=\"257\" width=\"393\" \/><\/p>\n<p id=\"upload-file-view\" class=\"alignleft\"><img loading=\"lazy\" src=\"http:\/\/www.lamarotte.fr\/wp-content\/uploads\/2015\/09\/web-erq15_0028b.jpg\" alt=\"web-erq15_0028b.jpg\" height=\"242\" width=\"367\" \/><img loading=\"lazy\" src=\"http:\/\/www.lamarotte.fr\/wp-content\/uploads\/2015\/09\/web-erq15_0039b2.jpg\" alt=\"web-erq15_0039b2.jpg\" height=\"245\" width=\"416\" \/><img loading=\"lazy\" src=\"http:\/\/www.lamarotte.fr\/wp-content\/uploads\/2015\/09\/web-erq15_0043b.jpg\" alt=\"web-erq15_0043b.jpg\" height=\"251\" width=\"380\" \/><\/p>\n<p id=\"upload-file-view\" class=\"alignleft\">\u00a0<a href=\"http:\/\/www.lamarotte.fr\/wp-admin\/upload.php?style=inline&amp;tab=browse-all&amp;action=view&amp;ID=795&amp;post_id=364&amp;paged\" id=\"file-link-795\" title=\"web-erq15_0046b.jpg\" class=\"file-link image\"><\/a><span class=\"file-link image\"><img loading=\"lazy\" src=\"http:\/\/www.lamarotte.fr\/wp-content\/uploads\/2015\/09\/web-erq15_0046b.jpg\" title=\"web-erq15_0046b.jpg\" alt=\"web-erq15_0046b.jpg\" height=\"274\" width=\"405\" \/><\/span><span class=\"file-link image\"><img loading=\"lazy\" src=\"http:\/\/www.lamarotte.fr\/wp-content\/uploads\/2015\/09\/web-erq15_0062b2.jpg\" title=\"web-erq15_0062b2.jpg\" alt=\"web-erq15_0062b2.jpg\" height=\"276\" width=\"417\" \/><\/span><img loading=\"lazy\" src=\"http:\/\/www.lamarotte.fr\/wp-content\/uploads\/2015\/09\/web-erq15_0072b2.jpg\" alt=\"web-erq15_0072b2.jpg\" height=\"278\" width=\"382\" \/><\/p>\n<p style=\"text-align: center\"><img loading=\"lazy\" src=\"http:\/\/www.lamarotte.fr\/wp-content\/uploads\/2014\/07\/musiquemedievale.jpg\" alt=\"musiquemedievale.jpg\" height=\"446\" width=\"670\" \/><\/p>\n<p style=\"text-align: center\">&nbsp;<\/p>\n<p style=\"text-align: center\">&nbsp;<\/p>\n<p style=\"text-align: center\"><strong>Virevolte <\/strong><\/p>\n<p style=\"text-align: center\"><strong>\u00a0<em>L&#8217;amour et La F\u00eate \u00e0 La Renaissance. <\/em><\/strong><\/p>\n<p style=\"text-align: center\">Groupe de Musique Renaissance.<\/p>\n<p style=\"text-align: center\">Spectacle sous forme de Concert ou Bal avec initiation aux danses Renaissance.<\/p>\n<p style=\"text-align: center\">&nbsp;<\/p>\n<p style=\"text-align: center\">\u00a0<a href=\"http:\/\/www.lamarotte.fr\/wp-admin\/upload.php?style=inline&amp;tab=browse-all&amp;action=view&amp;ID=726&amp;post_id=364&amp;paged\" id=\"file-link-726\" title=\"virevolte.jpg\" class=\"file-link image\">\u00a0 \t\t\t<\/a><span class=\"file-link image\"><img loading=\"lazy\" src=\"http:\/\/www.lamarotte.fr\/wp-content\/uploads\/2014\/06\/virevolte.jpg\" title=\"virevolte.jpg\" alt=\"virevolte.jpg\" height=\"935\" width=\"658\" \/><\/span><\/p>\n<p style=\"text-align: center\">&nbsp;<\/p>\n<p style=\"text-align: center\">&nbsp;<\/p>\n<p style=\"text-align: center\"><a href=\"http:\/\/www.lamarotte.fr\/wp-admin\/upload.php?style=inline&amp;tab=browse-all&amp;post_id=364&amp;_wpnonce=d3336a953d&amp;ID=714&amp;action=view&amp;paged\" id=\"file-link-714\" title=\"virevolte2.jpg\" class=\"file-link image\"> \t\t\t<\/a><\/p>\n<p style=\"text-align: center\">&nbsp;<\/p>\n<p><span class=\"file-link image\"><\/span><\/p>\n<p class=\"MsoNormal\">\u00a0 <span style=\"font-size: 14pt; font-family: 'Trebuchet MS'\">A l\u2019\u00e9poque m\u00e9di\u00e9vale la musique est d\u2019ordre fonctionnelle car elle accompagne et rythme la vie de toutes les couches sociales\u00a0: l\u2019aristocratie, le clerg\u00e9 et le peuple. . De la fin du Ve jusqu\u2019\u00e0 la moiti\u00e9 du XVe si\u00e8cle, elle s\u2019\u00e9tend sur pr\u00e8s de mille ans. Celle qui nous est parvenue est<span>\u00a0 <\/span>principalement religieuse et vocale au travers<span>\u00a0 <\/span>d\u2019un syst\u00e8me de notation musicale invent\u00e9e par les moines occidentaux. La transmission orale reste le moyen le plus r\u00e9pandu notamment pour les autres styles musicaux, et en particulier pour la musique dite profane. Celle ci est colport\u00e9e dans toute l\u2019Europe gr\u00e2ce aux <span>\u00a0<\/span>musiciens et chanteurs que l\u2019on nomme trouv\u00e8res au Nord de <st1:personname productid=\"la Loire\" w:st=\"on\">la Loire<\/st1:personname>, troubadours au sud de l\u2019Europe ou encore minnes\u00e4nger en Allemagne ou minstrels en Angleterre. Malheureusement de cette tradition orale ne subsistent que tr\u00e8s peu de traces. Les instruments utilis\u00e9s eux apparaissent dans l\u2019iconographie m\u00e9di\u00e9vale sous forme de sculptures vitraux ou enluminures. On peu dissoci\u00e9 deux grandes cat\u00e9gories d\u2019instruments\u00a0: Les hauts instruments \u00e0 la sonorit\u00e9 forte et les bas instruments au son plus feutr\u00e9. Le Moyen-\u00c2ge couvrant une longue p\u00e9riode de l\u2019histoire les instruments sont multiples et d\u2019origines vari\u00e9es. Beaucoup d\u2019instruments, suite aux croisades proviennent d\u2019orient. L\u2019apparition de la polyphonie vocale c\u2019est \u00e0 dire l\u2019art de chanter \u00e0 plusieurs voix diff\u00e9rentes et ensemble sera l\u2019une des sp\u00e9cificit\u00e9s de la musique m\u00e9di\u00e9vale.Notre groupe de musique M\u00e9di\u00e9vale et Renaissance exp\u00e9rimente divers interpr\u00e9tations de cette musique.<br \/>\n<\/span><\/p>\n<p class=\"MsoNormal\">A La Renaissance&#8230;.<\/p>\n<p class=\"MsoNormal\">&nbsp;<\/p>\n<p class=\"spip\"><span style=\"font-size: 14pt; font-family: 'Trebuchet MS'\"><o:p><br \/>\n<\/o:p><\/span><\/p>\n<p class=\"spip\" align=\"center\"><span style=\"font-size: 14pt; font-family: 'Trebuchet MS'\"><o:p><\/o:p><\/span><span class=\"file-link image\"> \t\t\t<a href=\"http:\/\/www.lamarotte.fr\"><img loading=\"lazy\" src=\"http:\/\/www.lamarotte.fr\/wp-content\/uploads\/2007\/09\/s5001632-0104_0001.jpg\" title=\"s5001632-0104_0001.jpg\" alt=\"s5001632-0104_0001.jpg\" height=\"279\" width=\"369\" \/><\/a><\/span><\/p>\n<p class=\"MsoNormal\"><a href=\"http:\/\/www.instrumentsmedievaux.org\/\"><st1:personname productid=\"La Musique\" w:st=\"on\"><strong><em>La Musique<\/em><\/strong><\/st1:personname><\/a><strong><em><a href=\"http:\/\/www.instrumentsmedievaux.org\/\"> au Moyen -\u00e2ge lien\u00a0:<\/a><\/em><\/strong><\/p>\n<p class=\"MsoNormal\">&nbsp;<\/p>\n","protected":false},"excerpt":{"rendered":"<p>\u00a0 La Marotte &#8220;compagnie Joyeuse est un Groupe de Musique M\u00e9di\u00e9vale et Renaissance\u00a0 du Nord de la France. la volont\u00e9e de notre Compagnie est de partager notre passion et notre esprit festif avec petits et grands, de transmettre un savoir\u00a0 en stimulant la curiosit\u00e9 et la cr\u00e9ativit\u00e9. Nous intervenons de mani\u00e9re h\u00e9t\u00e9roclite et au bon [&hellip;]<\/p>\n","protected":false},"author":2,"featured_media":0,"parent":0,"menu_order":22,"comment_status":"open","ping_status":"open","template":"","meta":[],"_links":{"self":[{"href":"https:\/\/www.lamarotte.fr\/index.php?rest_route=\/wp\/v2\/pages\/364"}],"collection":[{"href":"https:\/\/www.lamarotte.fr\/index.php?rest_route=\/wp\/v2\/pages"}],"about":[{"href":"https:\/\/www.lamarotte.fr\/index.php?rest_route=\/wp\/v2\/types\/page"}],"author":[{"embeddable":true,"href":"https:\/\/www.lamarotte.fr\/index.php?rest_route=\/wp\/v2\/users\/2"}],"replies":[{"embeddable":true,"href":"https:\/\/www.lamarotte.fr\/index.php?rest_route=%2Fwp%2Fv2%2Fcomments&post=364"}],"version-history":[{"count":0,"href":"https:\/\/www.lamarotte.fr\/index.php?rest_route=\/wp\/v2\/pages\/364\/revisions"}],"wp:attachment":[{"href":"https:\/\/www.lamarotte.fr\/index.php?rest_route=%2Fwp%2Fv2%2Fmedia&parent=364"}],"curies":[{"name":"wp","href":"https:\/\/api.w.org\/{rel}","templated":true}]}}