{"id":199,"date":"2007-10-08T17:14:54","date_gmt":"2007-10-08T15:14:54","guid":{"rendered":"http:\/\/www.lamarotte.fr\/?page_id=199"},"modified":"2021-10-22T15:44:49","modified_gmt":"2021-10-22T13:44:49","slug":"la-compagnies-joyeuse","status":"publish","type":"page","link":"https:\/\/www.lamarotte.fr\/?page_id=199","title":{"rendered":"Troupe de musique m\u00e9di\u00e9vale du nord"},"content":{"rendered":"<p align=\"center\">\u00a0<a href=\"http:\/\/www.lamarotte.fr\"><img loading=\"lazy\" src=\"http:\/\/www.lamarotte.fr\/wp-content\/uploads\/2014\/12\/retouralacceuil.jpg\" width=\"143\" height=\"27\" alt=\"retouralacceuil.jpg\" \/><\/a><\/p>\n<p align=\"center\"><st1:personname w:st=\"on\" productid=\"La Compagnie Joyeuse\" style=\"font-size: 1em\"><span style=\"font-size: 18pt; font-family: 'Old English Text MT'; color: #ffcc00\">La Marotte Compagnie Joyeuse<\/span><\/st1:personname><span style=\"font-size: 18pt; font-family: 'Old English Text MT'; color: #ffcc00\">\u00a0vous entraine dans une liesse populaire. Nous fols, sommes pr\u00eats pour la farce et la d\u00e9raison!<\/span><\/p>\n<p style=\"text-align: center\" align=\"left\"><span class=\"file-link image\"><img loading=\"lazy\" src=\"http:\/\/www.lamarotte.fr\/wp-content\/uploads\/2015\/09\/web-erq15_0007b2.jpg\" width=\"248\" height=\"164\" alt=\"web-erq15_0007b2.jpg\" title=\"web-erq15_0007b2.jpg\" \/><\/span><img loading=\"lazy\" src=\"http:\/\/www.lamarotte.fr\/wp-content\/uploads\/2015\/09\/web-erq15_0094b.jpg\" width=\"247\" height=\"163\" alt=\"web-erq15_0094b.jpg\" \/><img loading=\"lazy\" src=\"http:\/\/www.lamarotte.fr\/wp-content\/uploads\/2015\/09\/web-erq15_0014b.jpg\" width=\"246\" height=\"162\" alt=\"web-erq15_0014b.jpg\" \/><span class=\"file-link image\"><img loading=\"lazy\" src=\"http:\/\/www.lamarotte.fr\/wp-content\/uploads\/2015\/09\/web-erq15_0043b.jpg\" width=\"240\" height=\"160\" alt=\"web-erq15_0043b.jpg\" title=\"web-erq15_0043b.jpg\" \/><\/span><span class=\"file-link image\"><img loading=\"lazy\" src=\"http:\/\/www.lamarotte.fr\/wp-content\/uploads\/2015\/09\/web-erq15_0036b.jpg\" width=\"242\" height=\"160\" alt=\"web-erq15_0036b.jpg\" title=\"web-erq15_0036b.jpg\" \/><\/span><a href=\"http:\/\/www.lamarotte.fr\/wp-admin\/upload.php?style=inline&amp;tab=browse-all&amp;post_id=199&amp;_wpnonce=3c1aa718ed&amp;ID=790&amp;action=view&amp;paged=1\" class=\"file-link image\" title=\"web-erq15_0028b.jpg\" id=\"file-link-790\"> <\/a><span class=\"file-link image\"><img loading=\"lazy\" src=\"http:\/\/www.lamarotte.fr\/wp-content\/uploads\/2015\/09\/web-erq15_0028b.jpg\" width=\"250\" height=\"165\" alt=\"web-erq15_0028b.jpg\" title=\"web-erq15_0028b.jpg\" \/><\/span><a href=\"http:\/\/www.lamarotte.fr\/wp-admin\/upload.php?style=inline&amp;tab=browse-all&amp;post_id=199&amp;_wpnonce=3c1aa718ed&amp;ID=791&amp;action=view&amp;paged=1\" class=\"file-link image\" title=\"web-erq15_0029b.jpg\" id=\"file-link-791\"> \t\t\t\u00a0<\/a><span class=\"file-link image\"><img loading=\"lazy\" src=\"http:\/\/www.lamarotte.fr\/wp-content\/uploads\/2015\/09\/web-erq15_0029b.jpg\" width=\"242\" height=\"160\" alt=\"web-erq15_0029b.jpg\" title=\"web-erq15_0029b.jpg\" \/><\/span><img loading=\"lazy\" src=\"http:\/\/www.lamarotte.fr\/wp-content\/uploads\/2015\/09\/web-erq15_0062b2.jpg\" width=\"243\" height=\"159\" alt=\"web-erq15_0062b2.jpg\" \/><span style=\"font-size: 1em\">\u00a0<\/span><\/p>\n<p align=\"center\"><span style=\"font-size: 14pt; font-family: 'Trebuchet MS'\">A l\u2019\u00e9poque m\u00e9di\u00e9vale la musique est <\/span><font face=\"Trebuchet MS\"><span style=\"font-size: 14pt\">d\u2019ordre fonctionnelle car elle accompagne et rythme la vie de toutes les couches sociales\u00a0: l\u2019aristocratie, le clerg\u00e9 et le peuple. . De la fin du Ve jusqu\u2019\u00e0 la moiti\u00e9 du XVe si\u00e8cle, elle s\u2019\u00e9tend sur pr\u00e8s de mille ans. Celle qui nous est parvenue est<\/span><\/font><span style=\"font-family: 'Trebuchet MS'; font-size: 14pt\">\u00a0 <\/span><font face=\"Trebuchet MS\"><span style=\"font-size: 14pt\">principalement religieuse et vocale au travers<\/span><\/font><span style=\"font-family: 'Trebuchet MS'; font-size: 14pt\">\u00a0 <\/span><font face=\"Trebuchet MS\"><span style=\"font-size: 14pt\">d\u2019un syst\u00e8me de notation musicale invent\u00e9e par les moines occidentaux. La transmission orale reste le moyen le plus r\u00e9pandu notamment pour les autres styles musicaux, et en particulier pour la musique dite profane. Celle ci est colport\u00e9e dans toute l\u2019Europe gr\u00e2ce aux <\/span><\/font><span style=\"font-family: 'Trebuchet MS'; font-size: 14pt\">\u00a0<\/span><font face=\"Trebuchet MS\"><span style=\"font-size: 14pt\">musiciens et chanteurs que l\u2019on nomme trouv\u00e8res au Nord de <\/span><\/font><st1:personname w:st=\"on\" productid=\"la Loire\" style=\"font-family: 'Trebuchet MS'; font-size: 14pt\">la Loire<\/st1:personname><font face=\"Trebuchet MS\"><span style=\"font-size: 14pt\">, troubadours au sud de l\u2019Europe ou encore minnes\u00e4nger en Allemagne ou minstrels en Angleterre. Malheureusement de cette tradition orale ne subsistent que tr\u00e8s peu de traces. Les instruments utilis\u00e9s eux apparaissent dans l\u2019iconographie m\u00e9di\u00e9vale sous forme de sculptures vitraux ou enluminures. On peu dissoci\u00e9 deux grandes cat\u00e9gories d\u2019instruments\u00a0: Les hauts instruments \u00e0 la sonorit\u00e9 forte et les bas instruments au son plus feutr\u00e9. Le Moyen-\u00c2ge couvrant une longue p\u00e9riode de l\u2019histoire les instruments sont multiples et d\u2019origines vari\u00e9es. Beaucoup d\u2019instruments, suite aux croisades proviennent d\u2019orient. L\u2019apparition de la polyphonie vocale c\u2019est \u00e0 dire l\u2019art de chanter \u00e0 plusieurs voix diff\u00e9rentes et ensemble sera l\u2019une des sp\u00e9cificit\u00e9s de la musique m\u00e9di\u00e9vale. Notre musique s&#8217;inscrit dans ces traditions avec une note personnelle qui nous est <\/span><span style=\"font-size: 18.6667px\">ch\u00e8re<\/span><span style=\"font-size: 14pt\">, celle de s&#8217;amuser follement de divertir petits et grands.<\/span><\/font><br \/>\n<span style=\"font-size: 14pt; font-family: 'Trebuchet MS'\"><\/span><\/p>\n<p style=\"text-align: center\">&nbsp;<\/p>\n<p><meta content=\"text\/html; charset=utf-8\" http-equiv=\"Content-Type\" \/><meta content=\"Word.Document\" name=\"ProgId\" \/><meta content=\"Microsoft Word 11\" name=\"Generator\" \/><meta content=\"Microsoft Word 11\" name=\"Originator\" \/>\n<link href=\"file:\/\/\/C:%5CDOCUME%7E1%5CPROPRI%7E1%5CLOCALS%7E1%5CTemp%5Cmsohtml1%5C01%5Cclip_filelist.xml\" rel=\"File-List\" \/><!--[if gte mso 9]><xml>  <w:WordDocument>   <w:View>Normal<\/w:View>   <w:Zoom>0<\/w:Zoom>   <w:HyphenationZone>21<\/w:HyphenationZone>   <w:PunctuationKerning\/>   <w:ValidateAgainstSchemas\/>   <w:SaveIfXMLInvalid>false<\/w:SaveIfXMLInvalid>   <w:IgnoreMixedContent>false<\/w:IgnoreMixedContent>   <w:AlwaysShowPlaceholderText>false<\/w:AlwaysShowPlaceholderText>   <w:Compatibility>    <w:BreakWrappedTables\/>    <w:SnapToGridInCell\/>    <w:WrapTextWithPunct\/>    <w:UseAsianBreakRules\/>    <w:DontGrowAutofit\/>   <\/w:Compatibility>   <w:BrowserLevel>MicrosoftInternetExplorer4<\/w:BrowserLevel>  <\/w:WordDocument> <\/xml><![endif]--><!--[if gte mso 9]><xml>  <w:LatentStyles DefLockedState=\"false\" LatentStyleCount=\"156\">  <\/w:LatentStyles> <\/xml><![endif]--><\/p>\n<p style=\"text-align: center\"><img loading=\"lazy\" src=\"http:\/\/www.lamarotte.fr\/wp-content\/uploads\/2021\/10\/musiciens22.jpg\" style=\"font-size: 1em\" height=\"204\" width=\"271\" alt=\"musiciens22.jpg\" \/><img loading=\"lazy\" src=\"http:\/\/www.lamarotte.fr\/wp-content\/uploads\/2021\/10\/musiciens.jpg\" style=\"font-size: 1em\" height=\"200\" width=\"271\" alt=\"musiciens.jpg\" \/><img loading=\"lazy\" src=\"http:\/\/www.lamarotte.fr\/wp-content\/uploads\/2021\/10\/deambulation.jpg\" style=\"font-size: 1em\" height=\"214\" width=\"271\" alt=\"deambulation.jpg\" \/><img loading=\"lazy\" src=\"http:\/\/www.lamarotte.fr\/wp-content\/uploads\/2021\/10\/compagnie.jpg\" style=\"font-size: 1em\" height=\"226\" width=\"271\" alt=\"compagnie.jpg\" \/><\/p>\n<style> <!--  \/* Style Definitions *\/  p.MsoNormal, li.MsoNormal, div.MsoNormal \t{mso-style-parent:\"\"; \tmargin:0cm; \tmargin-bottom:.0001pt; \tmso-pagination:widow-orphan; \tfont-size:12.0pt; \tfont-family:\"Times New Roman\"; \tmso-fareast-font-family:\"Times New Roman\";} @page Section1 \t{size:595.3pt 841.9pt; \tmargin:70.85pt 70.85pt 70.85pt 70.85pt; \tmso-header-margin:35.4pt; \tmso-footer-margin:35.4pt; \tmso-paper-source:0;} div.Section1 \t{page:Section1;} --> <\/style>\n<p><!--[if gte mso 10]>\n\n\n\n<style>  \/* Style Definitions *\/  table.MsoNormalTable \t{mso-style-name:\"Tableau Normal\"; \tmso-tstyle-rowband-size:0; \tmso-tstyle-colband-size:0; \tmso-style-noshow:yes; \tmso-style-parent:\"\"; \tmso-padding-alt:0cm 5.4pt 0cm 5.4pt; \tmso-para-margin:0cm; \tmso-para-margin-bottom:.0001pt; \tmso-pagination:widow-orphan; \tfont-size:10.0pt; \tfont-family:\"Times New Roman\"; \tmso-ansi-language:#0400; \tmso-fareast-language:#0400; \tmso-bidi-language:#0400;} <\/style>\n\n <![endif]--><\/p>\n<p style=\"text-align: center\" align=\"center\" class=\"MsoNormal\">\u00a0<img loading=\"lazy\" src=\"http:\/\/www.lamarotte.fr\/wp-content\/uploads\/2021\/10\/bouffon.jpg\" style=\"font-family: Georgia, 'Times New Roman', Times, serif; font-size: 1em\" height=\"196\" width=\"300\" alt=\"bouffon.jpg\" \/><img loading=\"lazy\" src=\"http:\/\/www.lamarotte.fr\/wp-content\/uploads\/2021\/10\/bouffon2.jpg\" style=\"font-family: Georgia, 'Times New Roman', Times, serif; font-size: 1em\" height=\"250\" width=\"185\" alt=\"bouffon2.jpg\" \/><\/p>\n<p style=\"text-align: center\" align=\"center\" class=\"MsoNormal\">Photos de Philippe C&#8230;<\/p>\n<p style=\"text-align: center\"><a href=\"http:\/\/www.lamarotte.fr\/?page_id=59\" id=\"file-link-73\" title=\"fol2.jpg\"> <img loading=\"lazy\" src=\"http:\/\/www.lamarotte.fr\/wp-content\/uploads\/2007\/10\/fold.jpg\" width=\"94\" height=\"137\" title=\"fol2.jpg\" alt=\"fol2.jpg\" \/><\/a><a href=\"http:\/\/www.lamarotte.fr\/?page_id=426\"><img loading=\"lazy\" src=\"http:\/\/www.lamarotte.fr\/wp-content\/uploads\/2007\/10\/sans-titred-1.jpg\" width=\"102\" height=\"139\" title=\"fol4.jpg\" alt=\"fol4.jpg\" \/><\/a><a href=\"http:\/\/www.lamarotte.fr\/?page_id=59\" id=\"file-link-73\" title=\"fol2.jpg\"> <\/a><a href=\"http:\/\/www.lamarotte.fr\/?page_id=56\" id=\"file-link-74\" title=\"fol4.jpg\"> <\/a><a href=\"http:\/\/www.lamarotte.fr\/wp-content\/uploads\/2007\/10\/le-jongleur.jpg\" onclick=\"return false;\" title=\"Direct link to file\"> <\/a><\/p>\n<p align=\"center\"><a href=\"http:\/\/www.lamarotte.fr\/?page_id=202\" id=\"file-link-185\" title=\"griotte.jpg\"><\/a><\/p>\n<p align=\"center\"><a href=\"http:\/\/www.lamarotte.fr\/?page_id=211\" id=\"file-link-184\" title=\"gaillarde-et-rommelpot.jpg\"><\/a><a href=\"http:\/\/www.lamarotte.fr\/?page_id=212\" id=\"file-link-186\" title=\"pinnette-et-son-serpent.jpg\"><\/a><\/p>\n<p align=\"center\">&nbsp;<\/p>\n","protected":false},"excerpt":{"rendered":"<p>\u00a0 La Marotte Compagnie Joyeuse\u00a0vous entraine dans une liesse populaire. Nous fols, sommes pr\u00eats pour la farce et la d\u00e9raison! \u00a0\u00a0 A l\u2019\u00e9poque m\u00e9di\u00e9vale la musique est d\u2019ordre fonctionnelle car elle accompagne et rythme la vie de toutes les couches sociales\u00a0: l\u2019aristocratie, le clerg\u00e9 et le peuple. . De la fin du Ve jusqu\u2019\u00e0 la [&hellip;]<\/p>\n","protected":false},"author":2,"featured_media":0,"parent":0,"menu_order":3,"comment_status":"closed","ping_status":"closed","template":"","meta":[],"_links":{"self":[{"href":"https:\/\/www.lamarotte.fr\/index.php?rest_route=\/wp\/v2\/pages\/199"}],"collection":[{"href":"https:\/\/www.lamarotte.fr\/index.php?rest_route=\/wp\/v2\/pages"}],"about":[{"href":"https:\/\/www.lamarotte.fr\/index.php?rest_route=\/wp\/v2\/types\/page"}],"author":[{"embeddable":true,"href":"https:\/\/www.lamarotte.fr\/index.php?rest_route=\/wp\/v2\/users\/2"}],"replies":[{"embeddable":true,"href":"https:\/\/www.lamarotte.fr\/index.php?rest_route=%2Fwp%2Fv2%2Fcomments&post=199"}],"version-history":[{"count":0,"href":"https:\/\/www.lamarotte.fr\/index.php?rest_route=\/wp\/v2\/pages\/199\/revisions"}],"wp:attachment":[{"href":"https:\/\/www.lamarotte.fr\/index.php?rest_route=%2Fwp%2Fv2%2Fmedia&parent=199"}],"curies":[{"name":"wp","href":"https:\/\/api.w.org\/{rel}","templated":true}]}}