{"id":104,"date":"2007-09-26T21:01:22","date_gmt":"2007-09-26T19:01:22","guid":{"rendered":"http:\/\/www.lamarotte.fr\/?page_id=104"},"modified":"2014-12-29T14:54:19","modified_gmt":"2014-12-29T12:54:19","slug":"liens","status":"publish","type":"page","link":"https:\/\/www.lamarotte.fr\/?page_id=104","title":{"rendered":"Les liens <br>de La Marotte"},"content":{"rendered":"<p align=\"center\"><a href=\"http:\/\/www.lamarotte.fr\/?page_id=392\" title=\"eveque-des-fous-xvg.jpg\"><img src=\"http:\/\/www.lamarotte.fr\/wp-content\/uploads\/2007\/10\/eveque-des-fous-xvg.jpg\" alt=\"eveque-des-fous-xvg.jpg\" \/><\/a> <a href=\"http:\/\/www.lamarotte.fr\/?page_id=364\" title=\"eveque-des-fous-2xv2.jpg\"><img src=\"http:\/\/www.lamarotte.fr\/wp-content\/uploads\/2007\/10\/eveque-des-fous-2xv2.jpg\" alt=\"eveque-des-fous-2xv2.jpg\" \/><\/a><\/p>\n<p id=\"upload-file-view\" class=\"alignleft\" align=\"center\"><a href=\"http:\/\/www.lamarotte.fr\"><img loading=\"lazy\" src=\"http:\/\/www.lamarotte.fr\/wp-content\/uploads\/2014\/12\/retouralacceuil.jpg\" alt=\"retouralacceuil.jpg\" height=\"27\" width=\"143\" \/><\/a><\/p>\n<p align=\"center\">&nbsp;<\/p>\n<p align=\"center\">\u00a0<a href=\"http:\/\/www.lamarotte.fr\/?page_id=79\"><img loading=\"lazy\" src=\"http:\/\/www.lamarotte.fr\/wp-content\/uploads\/2009\/05\/lamarotte.jpg\" alt=\"lamarotte.jpg\" height=\"89\" width=\"400\" \/><\/a><\/p>\n<p align=\"center\"><a href=\"http:\/\/www.lamarotte.fr\/?page_id=498\" target=\"_blank\">Les Artisans M\u00e9di\u00e9vaux<\/a><\/p>\n<p align=\"center\"><a href=\"http:\/\/www.lamarotte.fr\/?page_id=501\" title=\"ESSAIS\">Les Compagnies et Animations M\u00e9di\u00e9vales<\/a><\/p>\n<p align=\"center\"><a href=\"http:\/\/www.lamarotte.fr\/?page_id=543\">La musique qui nous rend fols<br \/>\n<\/a><\/p>\n<p align=\"center\"><a href=\"http:\/\/www.lamarotte.fr\/?page_id=506\">Les villes et F\u00eates M\u00e9di\u00e9vales<\/a><\/p>\n<p align=\"center\"><a href=\"http:\/\/www.lamarotte.fr\/?page_id=671\">Les G\u00e9ants <\/a><\/p>\n<p align=\"center\"><a href=\"http:\/\/www.lamarotte.fr\/?page_id=510\">Liens partenaires de r\u00e9f\u00e9rencement<\/a><\/p>\n<p align=\"center\"><a href=\"http:\/\/www.lamarotte.fr\/?page_id=695\">Cours de cornemuse<\/a><\/p>\n<p align=\"center\">Banni\u00e8re de La Marotte<\/p>\n<p><a href=\"http:\/\/www.lionsdeguerre.com\/\" target=\"blank\"><\/a><\/p>\n<p><center><br \/>\n<\/center><\/p>\n<p align=\"center\">&nbsp;<\/p>\n<pre id=\"line1\">   <span class=\"start-tag\"><\/span><\/pre>\n","protected":false},"excerpt":{"rendered":"<p>&nbsp; \u00a0 Les Artisans M\u00e9di\u00e9vaux Les Compagnies et Animations M\u00e9di\u00e9vales La musique qui nous rend fols Les villes et F\u00eates M\u00e9di\u00e9vales Les G\u00e9ants Liens partenaires de r\u00e9f\u00e9rencement Cours de cornemuse Banni\u00e8re de La Marotte &nbsp;<\/p>\n","protected":false},"author":2,"featured_media":0,"parent":0,"menu_order":6,"comment_status":"closed","ping_status":"closed","template":"","meta":[],"_links":{"self":[{"href":"https:\/\/www.lamarotte.fr\/index.php?rest_route=\/wp\/v2\/pages\/104"}],"collection":[{"href":"https:\/\/www.lamarotte.fr\/index.php?rest_route=\/wp\/v2\/pages"}],"about":[{"href":"https:\/\/www.lamarotte.fr\/index.php?rest_route=\/wp\/v2\/types\/page"}],"author":[{"embeddable":true,"href":"https:\/\/www.lamarotte.fr\/index.php?rest_route=\/wp\/v2\/users\/2"}],"replies":[{"embeddable":true,"href":"https:\/\/www.lamarotte.fr\/index.php?rest_route=%2Fwp%2Fv2%2Fcomments&post=104"}],"version-history":[{"count":0,"href":"https:\/\/www.lamarotte.fr\/index.php?rest_route=\/wp\/v2\/pages\/104\/revisions"}],"wp:attachment":[{"href":"https:\/\/www.lamarotte.fr\/index.php?rest_route=%2Fwp%2Fv2%2Fmedia&parent=104"}],"curies":[{"name":"wp","href":"https:\/\/api.w.org\/{rel}","templated":true}]}}